{"id":7383,"date":"2026-01-07T16:31:45","date_gmt":"2026-01-07T16:31:45","guid":{"rendered":"https:\/\/elektronica-aanhangers-houten.nl\/?post_type=product&#038;p=7383"},"modified":"2026-02-22T03:53:39","modified_gmt":"2026-02-22T03:53:39","slug":"debroussailleuse-thermique-husqvarna-555rxt","status":"publish","type":"product","link":"https:\/\/cabashippinginternational.com\/en\/produit\/debroussailleuse-thermique-husqvarna-555rxt\/","title":{"rendered":"Husqvarna 555RXT desbrozadora t\u00e9rmica"},"content":{"rendered":"<div class=\"elementor-element elementor-element-1caffc0 elementor-widget elementor-widget-wd_title\" data-id=\"1caffc0\" data-element_type=\"widget\" data-widget_type=\"wd_title.default\">\n<div class=\"elementor-widget-container\">\n<div class=\"title-wrapper set-mb-s reset-last-child wd-title-color-default wd-title-style-default wd-title-size-default text-left\">\n<div class=\"liner-continer\">\n<h4 class=\"woodmart-title-container-title wd-fontsize-l\">Descripci\u00f3n<\/h4>\n<\/div>\n<\/div>\n<\/div>\n<\/div>\n<div class=\"elementor-element elementor-element-e24b901 wd-single-content elementor-widget elementor-widget-wd_single_product_content\" data-id=\"e24b901\" data-element_type=\"widget\" data-widget_type=\"wd_single_product_content.default\">\n<div class=\"elementor-widget-container\">\n<ul>\n<li>Cilindrada del cortabordes 53,3cm\u00b3<\/li>\n<li>Peso de: 9,2kg<\/li>\n<li>Poder: 2800W<\/li>\n<li>Carburador Walbro WT<\/li>\n<li>Tanque transparente con una capacidad de 110 cL<\/li>\n<li>Transmisi\u00f3n r\u00edgida<\/li>\n<li>Longitud del tubo de transmisi\u00f3n: 1483 mm<\/li>\n<li>Di\u00e1metro del tubo de transmisi\u00f3n: 35 mm<\/li>\n<li>Recto como<\/li>\n<li>Manillar c\u00f3modo, ergon\u00f3mico y ajustable asim\u00e9trico<\/li>\n<li>Manillar de 7\u00b0 de inclinaci\u00f3n<\/li>\n<li>Soporte de manillar exc\u00e9ntrico<\/li>\n<li>Aceleraci\u00f3n en \u00e1ngulo de 35\u00b0<\/li>\n<li>Motor X-Torq<\/li>\n<li><\/li>\n<\/ul>\n<\/div>\n<\/div>","protected":false},"excerpt":{"rendered":"<ul>\n<li>Sistema AirPurge (bomba de succi\u00f3n)<\/li>\n<li>Sistema LowVib (amortiguador de vibraciones)<\/li>\n<li>F\u00e1cil SmartStart y bot\u00f3n de parada autom\u00e1tica<\/li>\n<li>Codos y transmisi\u00f3n reforzados<\/li>\n<li>-60% menos emisiones contaminantes<\/li>\n<li>-20% menos consumo de combustible<\/li>\n<li>Sustituci\u00f3n f\u00e1cil del dispositivo de corte<\/li>\n<li>Entregado con arn\u00e9s Balance XT, cabeza de nylon T55X, cuchilla Multi 350-3, protector de cabeza de nylon y protector combinado.<\/li>\n<\/ul>","protected":false},"featured_media":7446,"comment_status":"open","ping_status":"closed","template":"","meta":[],"product_brand":[],"product_cat":[146],"product_tag":[],"class_list":{"0":"post-7383","1":"product","2":"type-product","3":"status-publish","4":"has-post-thumbnail","6":"product_cat-tondeuses-debroussailleuses","8":"first","9":"instock","10":"taxable","11":"shipping-taxable","12":"purchasable","13":"product-type-simple"},"_links":{"self":[{"href":"https:\/\/cabashippinginternational.com\/en\/wp-json\/wp\/v2\/product\/7383","targetHints":{"allow":["GET"]}}],"collection":[{"href":"https:\/\/cabashippinginternational.com\/en\/wp-json\/wp\/v2\/product"}],"about":[{"href":"https:\/\/cabashippinginternational.com\/en\/wp-json\/wp\/v2\/types\/product"}],"replies":[{"embeddable":true,"href":"https:\/\/cabashippinginternational.com\/en\/wp-json\/wp\/v2\/comments?post=7383"}],"wp:featuredmedia":[{"embeddable":true,"href":"https:\/\/cabashippinginternational.com\/en\/wp-json\/wp\/v2\/media\/7446"}],"wp:attachment":[{"href":"https:\/\/cabashippinginternational.com\/en\/wp-json\/wp\/v2\/media?parent=7383"}],"wp:term":[{"taxonomy":"product_brand","embeddable":true,"href":"https:\/\/cabashippinginternational.com\/en\/wp-json\/wp\/v2\/product_brand?post=7383"},{"taxonomy":"product_cat","embeddable":true,"href":"https:\/\/cabashippinginternational.com\/en\/wp-json\/wp\/v2\/product_cat?post=7383"},{"taxonomy":"product_tag","embeddable":true,"href":"https:\/\/cabashippinginternational.com\/en\/wp-json\/wp\/v2\/product_tag?post=7383"}],"curies":[{"name":"wp","href":"https:\/\/api.w.org\/{rel}","templated":true}]}}