{"id":7374,"date":"2026-01-07T16:30:41","date_gmt":"2026-01-07T16:30:41","guid":{"rendered":"https:\/\/elektronica-aanhangers-houten.nl\/?post_type=product&#038;p=7374"},"modified":"2026-03-19T08:27:48","modified_gmt":"2026-03-19T08:27:48","slug":"tondeuse-debroussailleuse-autoportee-ralf-92-k","status":"publish","type":"product","link":"https:\/\/cabashippinginternational.com\/en\/produit\/tondeuse-debroussailleuse-autoportee-ralf-92-k\/","title":{"rendered":"Cortac\u00e9sped RALF 92 K"},"content":{"rendered":"<div class=\"elementor-element elementor-element-1caffc0 elementor-widget elementor-widget-wd_title\" data-id=\"1caffc0\" data-element_type=\"widget\" data-widget_type=\"wd_title.default\">\n<div class=\"elementor-widget-container\">\n<div class=\"title-wrapper set-mb-s reset-last-child wd-title-color-default wd-title-style-default wd-title-size-default text-left\">\n<div class=\"liner-continer\">\n<h4 class=\"woodmart-title-container-title wd-fontsize-l\">Descripci\u00f3n<\/h4>\n<\/div>\n<\/div>\n<\/div>\n<\/div>\n<div class=\"elementor-element elementor-element-e24b901 wd-single-content elementor-widget elementor-widget-wd_single_product_content\" data-id=\"e24b901\" data-element_type=\"widget\" data-widget_type=\"wd_single_product_content.default\">\n<div class=\"elementor-widget-container\">\n<p>Caracter\u00edsticas de la cortadora de c\u00e9sped Colombia RALF 92K:<\/p>\n<p>Motor de dos cilindros EMAK K2400 AVD &#8211; 708 cc<br \/>\nTransmisi\u00f3n hidrost\u00e1tica<br \/>\nAncho de corte 92 cm<br \/>\nAltura de corte de 50 a 100 mm<br \/>\nAcoplamiento electromagn\u00e9tico de cuchillas<\/p>\n<p>Equipamiento:<\/p>\n<p>Deck de mulching<br \/>\nDiferencial de bloqueo<br \/>\nContador de horas<br \/>\nFaros<\/p>\n<p>Sistema de seguridad: barra de vuelco, parachoques delantero y trasero, protectores laterales<\/p>\n<p>Opiniones sobre desbrozadoras:<br \/>\nSi tu terreno est\u00e1 en una pendiente, la desbrozadora RALF 92 K es para ti. Su motor de dos cilindros EMAK K2400 AVD de 708cc es extremadamente potente y satisface todas tus necesidades.<\/p>\n<p>La cortadora tiene una transmisi\u00f3n hidrost\u00e1tica y un ajuste de altura de corte de 50 a 100 mm. La transmisi\u00f3n hidrost\u00e1tica convierte la energ\u00eda mec\u00e1nica de d<\/p>","protected":false},"excerpt":{"rendered":"<p>El veh\u00edculo es seguro, con un arco de seguridad, parachoques delantero y protectores laterales.<br \/>\nEl RALF 92 K tiene una serie de caracter\u00edsticas:  <\/p>\n<p>Cortadora<br \/>\nDesbrozadora<br \/>\nCortadoraT  <\/p>\n<p>DATOS T\u00c9CNICOS<br \/>\nPotencia<\/p>","protected":false},"featured_media":7431,"comment_status":"open","ping_status":"closed","template":"","meta":[],"product_brand":[],"product_cat":[146],"product_tag":[],"class_list":{"0":"post-7374","1":"product","2":"type-product","3":"status-publish","4":"has-post-thumbnail","6":"product_cat-tondeuses-debroussailleuses","8":"first","9":"instock","10":"taxable","11":"shipping-taxable","12":"purchasable","13":"product-type-simple"},"_links":{"self":[{"href":"https:\/\/cabashippinginternational.com\/en\/wp-json\/wp\/v2\/product\/7374","targetHints":{"allow":["GET"]}}],"collection":[{"href":"https:\/\/cabashippinginternational.com\/en\/wp-json\/wp\/v2\/product"}],"about":[{"href":"https:\/\/cabashippinginternational.com\/en\/wp-json\/wp\/v2\/types\/product"}],"replies":[{"embeddable":true,"href":"https:\/\/cabashippinginternational.com\/en\/wp-json\/wp\/v2\/comments?post=7374"}],"wp:featuredmedia":[{"embeddable":true,"href":"https:\/\/cabashippinginternational.com\/en\/wp-json\/wp\/v2\/media\/7431"}],"wp:attachment":[{"href":"https:\/\/cabashippinginternational.com\/en\/wp-json\/wp\/v2\/media?parent=7374"}],"wp:term":[{"taxonomy":"product_brand","embeddable":true,"href":"https:\/\/cabashippinginternational.com\/en\/wp-json\/wp\/v2\/product_brand?post=7374"},{"taxonomy":"product_cat","embeddable":true,"href":"https:\/\/cabashippinginternational.com\/en\/wp-json\/wp\/v2\/product_cat?post=7374"},{"taxonomy":"product_tag","embeddable":true,"href":"https:\/\/cabashippinginternational.com\/en\/wp-json\/wp\/v2\/product_tag?post=7374"}],"curies":[{"name":"wp","href":"https:\/\/api.w.org\/{rel}","templated":true}]}}