{"id":7363,"date":"2026-01-07T16:28:51","date_gmt":"2026-01-07T16:28:51","guid":{"rendered":"https:\/\/elektronica-aanhangers-houten.nl\/?post_type=product&#038;p=7363"},"modified":"2026-02-22T03:55:06","modified_gmt":"2026-02-22T03:55:06","slug":"souffleur-a-dos-br800-c-e-stihl","status":"publish","type":"product","link":"https:\/\/cabashippinginternational.com\/en\/produit\/souffleur-a-dos-br800-c-e-stihl\/","title":{"rendered":"STIHL BR800 C-E soplador"},"content":{"rendered":"<div class=\"elementor-element elementor-element-1caffc0 elementor-widget elementor-widget-wd_title\" data-id=\"1caffc0\" data-element_type=\"widget\" data-widget_type=\"wd_title.default\">\n<div class=\"elementor-widget-container\">\n<div class=\"title-wrapper set-mb-s reset-last-child wd-title-color-default wd-title-style-default wd-title-size-default text-left\">\n<div class=\"liner-continer\">\n<h4 class=\"woodmart-title-container-title wd-fontsize-l\">Descripci\u00f3n<\/h4>\n<\/div>\n<\/div>\n<\/div>\n<\/div>\n<div class=\"elementor-element elementor-element-e24b901 wd-single-content elementor-widget elementor-widget-wd_single_product_content\" data-id=\"e24b901\" data-element_type=\"widget\" data-widget_type=\"wd_single_product_content.default\">\n<div class=\"elementor-widget-container\">\n<p class=\"product-details-title h3 mb-3 py-2\">Datos t\u00e9cnicos<\/p>\n<dl class=\"data-sheet d-flex flex-wrap justify-content-between m-0\">\n<dt class=\"name mb-1 p-2\">Ventajas del producto<\/dt>\n<dd class=\"value mb-1 p-2\">Tecnolog\u00eda 4 MIX, descompresi\u00f3n autom\u00e1tica, f\u00e1cil arranque, bot\u00f3n de parada de retorno autom\u00e1tico, control deslizante de potencia, sistema antivibraci\u00f3n, mango SoftGrip, manguera ajustable sin herramientas.<\/dd>\n<dt class=\"name mb-1 p-2\">Consejo del profesional<\/dt>\n<dd class=\"value mb-1 p-2\">El soplador de mochila t\u00e9rmico m\u00e1s potente de STIHL. El dispositivo se puede reiniciar r\u00e1pidamente despu\u00e9s de una breve pausa en el trabajo gracias a una palanca de lanzamiento en el lado del soplador.<\/dd>\n<dt class=\"name mb-1 p-2\">Moto<\/p>","protected":false},"excerpt":{"rendered":"<dl class=\"data-sheet d-flex flex-wrap justify-content-between m-0\">\n<dt class=\"name mb-1 p-2\">Peso<\/dt>\n<dd class=\"value mb-1 p-2\">11.7 kg<\/dd>\n<dt class=\"name mb-1 p-2\">Velocidad del aire<\/dt>\n<dd class=\"value mb-1 p-2\">97 m\/s<\/dd>\n<dt class=\"name mb-1 p-2\">Accesorio(s) incluido(s)<\/dt>\n<dd class=\"value mb-1 p-2\">boquilla redonda, tubo ajustable<\/dd>\n<dt class=\"naam mb-1 p-2\">Garant\u00eda<\/dt>\n<dd class=\"waarde mb-1 p-2\">2 a\u00f1os<\/dd>\n<\/dl>","protected":false},"featured_media":7418,"comment_status":"open","ping_status":"closed","template":"","meta":[],"product_brand":[],"product_cat":[145],"product_tag":[],"class_list":{"0":"post-7363","1":"product","2":"type-product","3":"status-publish","4":"has-post-thumbnail","6":"product_cat-souffleur-a-feuille","8":"first","9":"instock","10":"taxable","11":"shipping-taxable","12":"purchasable","13":"product-type-simple"},"_links":{"self":[{"href":"https:\/\/cabashippinginternational.com\/en\/wp-json\/wp\/v2\/product\/7363","targetHints":{"allow":["GET"]}}],"collection":[{"href":"https:\/\/cabashippinginternational.com\/en\/wp-json\/wp\/v2\/product"}],"about":[{"href":"https:\/\/cabashippinginternational.com\/en\/wp-json\/wp\/v2\/types\/product"}],"replies":[{"embeddable":true,"href":"https:\/\/cabashippinginternational.com\/en\/wp-json\/wp\/v2\/comments?post=7363"}],"wp:featuredmedia":[{"embeddable":true,"href":"https:\/\/cabashippinginternational.com\/en\/wp-json\/wp\/v2\/media\/7418"}],"wp:attachment":[{"href":"https:\/\/cabashippinginternational.com\/en\/wp-json\/wp\/v2\/media?parent=7363"}],"wp:term":[{"taxonomy":"product_brand","embeddable":true,"href":"https:\/\/cabashippinginternational.com\/en\/wp-json\/wp\/v2\/product_brand?post=7363"},{"taxonomy":"product_cat","embeddable":true,"href":"https:\/\/cabashippinginternational.com\/en\/wp-json\/wp\/v2\/product_cat?post=7363"},{"taxonomy":"product_tag","embeddable":true,"href":"https:\/\/cabashippinginternational.com\/en\/wp-json\/wp\/v2\/product_tag?post=7363"}],"curies":[{"name":"wp","href":"https:\/\/api.w.org\/{rel}","templated":true}]}}