{"id":7355,"date":"2026-01-07T16:27:52","date_gmt":"2026-01-07T16:27:52","guid":{"rendered":"https:\/\/elektronica-aanhangers-houten.nl\/?post_type=product&#038;p=7355"},"modified":"2026-02-22T03:55:47","modified_gmt":"2026-02-22T03:55:47","slug":"souffleur-a-dos-br450c-ef-stihl","status":"publish","type":"product","link":"https:\/\/cabashippinginternational.com\/en\/produit\/souffleur-a-dos-br450c-ef-stihl\/","title":{"rendered":"Rugblazer BR450C-EF STIHL"},"content":{"rendered":"<p class=\"product-details-title h3 mb-3 py-2\">Datos t\u00e9cnicos<\/p>\n<dl class=\"data-sheet d-flex flex-wrap justify-content-between m-0\">\n<dt class=\"name mb-1 p-2\">Ventajas del producto<\/dt>\n<dd class=\"value mb-1 p-2\">Comodidad de uso con sistema antivibraci\u00f3n, tubo ajustable en longitud sin herramientas, reinicio r\u00e1pido y f\u00e1cil gracias al restablecimiento autom\u00e1tico del estrangulador, palanca de control multifuncional.<\/dd>\n<dt class=\"name mb-1 p-2\">Consejo del profesional<\/dt>\n<dd class=\"value mb-1 p-2\">Soplador profesional con reinicio el\u00e9ctrico<\/dd>\n<dt class=\"naam mb-1 p-2\">Motor<\/dt>\n<dd class=\"value mb-1 p-2\">T\u00e9rmico 63,3 cm3 &#8211; 2,9 kW<\/dd>\n<dt class=\"name mb-1 p-2\">Flujo de aire<\/dt>\n<dd class=\"value mb-1 p-2\">","protected":false},"excerpt":{"rendered":"<dl class=\"data-sheet d-flex flex-wrap justify-content-between m-0\">\n<dt class=\"name mb-1 p-2\">Velocidad del aire<\/dt>\n<dd class=\"value mb-1 p-2\">99 m\/s<\/dd>\n<dt class=\"name mb-1 p-2\">Accesorio(s) incluido(s)<\/dt>\n<dd class=\"value mb-1 p-2\">boquilla redonda<\/dd>\n<dt class=\"name mb-1 p-2\">Garant\u00eda<\/dt>\n<\/dl>","protected":false},"featured_media":7414,"comment_status":"open","ping_status":"closed","template":"","meta":[],"product_brand":[],"product_cat":[145],"product_tag":[],"class_list":{"0":"post-7355","1":"product","2":"type-product","3":"status-publish","4":"has-post-thumbnail","6":"product_cat-souffleur-a-feuille","8":"first","9":"instock","10":"taxable","11":"shipping-taxable","12":"purchasable","13":"product-type-simple"},"_links":{"self":[{"href":"https:\/\/cabashippinginternational.com\/en\/wp-json\/wp\/v2\/product\/7355","targetHints":{"allow":["GET"]}}],"collection":[{"href":"https:\/\/cabashippinginternational.com\/en\/wp-json\/wp\/v2\/product"}],"about":[{"href":"https:\/\/cabashippinginternational.com\/en\/wp-json\/wp\/v2\/types\/product"}],"replies":[{"embeddable":true,"href":"https:\/\/cabashippinginternational.com\/en\/wp-json\/wp\/v2\/comments?post=7355"}],"wp:featuredmedia":[{"embeddable":true,"href":"https:\/\/cabashippinginternational.com\/en\/wp-json\/wp\/v2\/media\/7414"}],"wp:attachment":[{"href":"https:\/\/cabashippinginternational.com\/en\/wp-json\/wp\/v2\/media?parent=7355"}],"wp:term":[{"taxonomy":"product_brand","embeddable":true,"href":"https:\/\/cabashippinginternational.com\/en\/wp-json\/wp\/v2\/product_brand?post=7355"},{"taxonomy":"product_cat","embeddable":true,"href":"https:\/\/cabashippinginternational.com\/en\/wp-json\/wp\/v2\/product_cat?post=7355"},{"taxonomy":"product_tag","embeddable":true,"href":"https:\/\/cabashippinginternational.com\/en\/wp-json\/wp\/v2\/product_tag?post=7355"}],"curies":[{"name":"wp","href":"https:\/\/api.w.org\/{rel}","templated":true}]}}