{"id":7351,"date":"2026-01-07T16:27:19","date_gmt":"2026-01-07T16:27:19","guid":{"rendered":"https:\/\/elektronica-aanhangers-houten.nl\/?post_type=product&#038;p=7351"},"modified":"2026-02-22T03:56:09","modified_gmt":"2026-02-22T03:56:09","slug":"souffleur-de-feuilles-a-batterie-husqvarna-340-ibt","status":"publish","type":"product","link":"https:\/\/cabashippinginternational.com\/en\/produit\/souffleur-de-feuilles-a-batterie-husqvarna-340-ibt\/","title":{"rendered":"HUSQVARNA 340 iBT soplador de hojas a bater\u00eda"},"content":{"rendered":"<div class=\"elementor-element elementor-element-1caffc0 elementor-widget elementor-widget-wd_title\" data-id=\"1caffc0\" data-element_type=\"widget\" data-widget_type=\"wd_title.default\">\n<div class=\"elementor-widget-container\">\n<div class=\"title-wrapper set-mb-s reset-last-child wd-title-color-default wd-title-style-default wd-title-size-default text-left\">\n<div class=\"liner-continer\">\n<h4 class=\"woodmart-title-container-title wd-fontsize-l\">Descripci\u00f3n<\/h4>\n<\/div>\n<\/div>\n<\/div>\n<\/div>\n<div class=\"elementor-element elementor-element-e24b901 wd-single-content elementor-widget elementor-widget-wd_single_product_content\" data-id=\"e24b901\" data-element_type=\"widget\" data-widget_type=\"wd_single_product_content.default\">\n<div class=\"elementor-widget-container\">\n<p class=\"product-details-title h3 mb-3 py-2\">Datos t\u00e9cnicos<\/p>\n<dl class=\"data-sheet d-flex flex-wrap justify-content-between m-0\">\n<dt class=\"name mb-1 p-2\">Ventajas del producto<\/dt>\n<dd class=\"value mb-1 p-2\">Dos compartimentos para bater\u00edas garantizan una larga duraci\u00f3n de la bater\u00eda. La funci\u00f3n de apagado autom\u00e1tico y las bater\u00edas intercambiables individualmente garantizan un funcionamiento continuo<\/dd>\n<dt class=\"name mb-1 p-2\">Consejos del profesional<\/dt>\n<dd class=\"value mb-1 p-2\">Equivalente a un soplador t\u00e9rmico de 40 cm3<\/dd>\n<dt class=\"name mb-1 p-2\">Autonom\u00eda<\/dt>\n<dd class=\"value mb-1 p-2\">20 min con BLi 20 &#8211; 45 min con BLi 30<\/dd>\n<dt class=\"name mb-1 p-2\">Voltaje<\/dt>\n<dd","protected":false},"excerpt":{"rendered":"<dl class=\"data-sheet d-flex flex-wrap justify-content-between m-0\">\n<dt class=\"name mb-1 p-2\">Accesorio(s) incluido(s)<\/dt>\n<dd class=\"value mb-1 p-2\">Suministrado sin bater\u00eda ni cargador<\/dd>\n<dt class=\"name mb-1 p-2\">Garant\u00eda<\/dt>\n<dd class=\"value mb-1 p-2\">2 a\u00f1os<\/dd>\n<dt class=\"name mb-1 p-2\">Soplador (velocidad de flujo)<\/dt>\n<dd class=\"value mb-1 p-2\">820 m3\/h &#8211; 1020 m3\/h en modo turbo<\/dd>\n<\/dl>","protected":false},"featured_media":7408,"comment_status":"open","ping_status":"closed","template":"","meta":[],"product_brand":[],"product_cat":[145],"product_tag":[],"class_list":{"0":"post-7351","1":"product","2":"type-product","3":"status-publish","4":"has-post-thumbnail","6":"product_cat-souffleur-a-feuille","8":"first","9":"instock","10":"taxable","11":"shipping-taxable","12":"purchasable","13":"product-type-simple"},"_links":{"self":[{"href":"https:\/\/cabashippinginternational.com\/en\/wp-json\/wp\/v2\/product\/7351","targetHints":{"allow":["GET"]}}],"collection":[{"href":"https:\/\/cabashippinginternational.com\/en\/wp-json\/wp\/v2\/product"}],"about":[{"href":"https:\/\/cabashippinginternational.com\/en\/wp-json\/wp\/v2\/types\/product"}],"replies":[{"embeddable":true,"href":"https:\/\/cabashippinginternational.com\/en\/wp-json\/wp\/v2\/comments?post=7351"}],"wp:featuredmedia":[{"embeddable":true,"href":"https:\/\/cabashippinginternational.com\/en\/wp-json\/wp\/v2\/media\/7408"}],"wp:attachment":[{"href":"https:\/\/cabashippinginternational.com\/en\/wp-json\/wp\/v2\/media?parent=7351"}],"wp:term":[{"taxonomy":"product_brand","embeddable":true,"href":"https:\/\/cabashippinginternational.com\/en\/wp-json\/wp\/v2\/product_brand?post=7351"},{"taxonomy":"product_cat","embeddable":true,"href":"https:\/\/cabashippinginternational.com\/en\/wp-json\/wp\/v2\/product_cat?post=7351"},{"taxonomy":"product_tag","embeddable":true,"href":"https:\/\/cabashippinginternational.com\/en\/wp-json\/wp\/v2\/product_tag?post=7351"}],"curies":[{"name":"wp","href":"https:\/\/api.w.org\/{rel}","templated":true}]}}