{"id":7345,"date":"2026-01-07T16:26:53","date_gmt":"2026-01-07T16:26:53","guid":{"rendered":"https:\/\/elektronica-aanhangers-houten.nl\/?post_type=product&#038;p=7345"},"modified":"2026-02-22T03:56:42","modified_gmt":"2026-02-22T03:56:42","slug":"souffleur-a-dos-br450-stihl","status":"publish","type":"product","link":"https:\/\/cabashippinginternational.com\/en\/produit\/souffleur-a-dos-br450-stihl\/","title":{"rendered":"STIHL BR450 rugblazer"},"content":{"rendered":"<div class=\"elementor-element elementor-element-1caffc0 elementor-widget elementor-widget-wd_title\" data-id=\"1caffc0\" data-element_type=\"widget\" data-widget_type=\"wd_title.default\">\n<div class=\"elementor-widget-container\">\n<div class=\"title-wrapper set-mb-s reset-last-child wd-title-color-default wd-title-style-default wd-title-size-default text-left\">\n<div class=\"liner-continer\">\n<h4 class=\"woodmart-title-container-title wd-fontsize-l\">Descripci\u00f3n<\/h4>\n<\/div>\n<\/div>\n<\/div>\n<\/div>\n<div class=\"elementor-element elementor-element-e24b901 wd-single-content elementor-widget elementor-widget-wd_single_product_content\" data-id=\"e24b901\" data-element_type=\"widget\" data-widget_type=\"wd_single_product_content.default\">\n<div class=\"elementor-widget-container\">\n<p class=\"product-details-title h3 mb-3 py-2\">Datos t\u00e9cnicos<\/p>\n<dl class=\"data-sheet d-flex flex-wrap justify-content-between m-0\">\n<dt class=\"name mb-1 p-2\">Ventajas del producto<\/dt>\n<dd class=\"value mb-1 p-2\">Confort de uso con sistema antivibraci\u00f3n, tubo ajustable en longitud sin herramientas, reinicio r\u00e1pido y f\u00e1cil gracias al restablecimiento autom\u00e1tico del estrangulador, palanca de control multifuncional<\/dd>\n<dt class=\"name mb-1 p-2\">Consejo del profesional<\/dt>\n<dd class=\"value mb-1 p-2\">Soplador t\u00e9rmico potente para uso profesional, jardineros, paisajistas y municipios.<\/dd>\n<dt class=\"name mb-1 p-2\">Motor<\/dt>\n<dd class=\"value mb-1 p-2\">T\u00e9rmico 2T 63,3 cm3 &#8211; 2,9 kW<\/dd>\n<dt","protected":false},"excerpt":{"rendered":"<dl class=\"data-sheet d-flex flex-wrap justify-content-between m-0\">\n<dt class=\"name mb-1 p-2\">Velocidad del aire<\/dt>\n<dd class=\"value mb-1 p-2\">99 m\/s<\/dd>\n<dt class=\"name mb-1 p-2\">Accesorio(s) incluido(s)<\/dt>\n<dd class=\"value mb-1 p-2\">boquilla redonda<\/dd>\n<dt class=\"name mb-1 p-2\">Garant\u00eda<\/dt>\n<dd class=\"value mb-1 p-2\">2 a\u00f1os<\/dd>\n<\/dl>","protected":false},"featured_media":7399,"comment_status":"open","ping_status":"closed","template":"","meta":[],"product_brand":[],"product_cat":[145],"product_tag":[],"class_list":{"0":"post-7345","1":"product","2":"type-product","3":"status-publish","4":"has-post-thumbnail","6":"product_cat-souffleur-a-feuille","8":"first","9":"instock","10":"taxable","11":"shipping-taxable","12":"purchasable","13":"product-type-simple"},"_links":{"self":[{"href":"https:\/\/cabashippinginternational.com\/en\/wp-json\/wp\/v2\/product\/7345","targetHints":{"allow":["GET"]}}],"collection":[{"href":"https:\/\/cabashippinginternational.com\/en\/wp-json\/wp\/v2\/product"}],"about":[{"href":"https:\/\/cabashippinginternational.com\/en\/wp-json\/wp\/v2\/types\/product"}],"replies":[{"embeddable":true,"href":"https:\/\/cabashippinginternational.com\/en\/wp-json\/wp\/v2\/comments?post=7345"}],"wp:featuredmedia":[{"embeddable":true,"href":"https:\/\/cabashippinginternational.com\/en\/wp-json\/wp\/v2\/media\/7399"}],"wp:attachment":[{"href":"https:\/\/cabashippinginternational.com\/en\/wp-json\/wp\/v2\/media?parent=7345"}],"wp:term":[{"taxonomy":"product_brand","embeddable":true,"href":"https:\/\/cabashippinginternational.com\/en\/wp-json\/wp\/v2\/product_brand?post=7345"},{"taxonomy":"product_cat","embeddable":true,"href":"https:\/\/cabashippinginternational.com\/en\/wp-json\/wp\/v2\/product_cat?post=7345"},{"taxonomy":"product_tag","embeddable":true,"href":"https:\/\/cabashippinginternational.com\/en\/wp-json\/wp\/v2\/product_tag?post=7345"}],"curies":[{"name":"wp","href":"https:\/\/api.w.org\/{rel}","templated":true}]}}