{"id":7331,"date":"2026-01-07T16:25:27","date_gmt":"2026-01-07T16:25:27","guid":{"rendered":"https:\/\/elektronica-aanhangers-houten.nl\/?post_type=product&#038;p=7331"},"modified":"2026-02-22T03:57:58","modified_gmt":"2026-02-22T03:57:58","slug":"pack-souffleur-a-batterie-hhb36axbe-honda","status":"publish","type":"product","link":"https:\/\/cabashippinginternational.com\/en\/produit\/pack-souffleur-a-batterie-hhb36axbe-honda\/","title":{"rendered":"HONDA HHB36AXBE cortac\u00e9sped a bater\u00eda"},"content":{"rendered":"<div class=\"elementor-element elementor-element-1caffc0 elementor-widget elementor-widget-wd_title\" data-id=\"1caffc0\" data-element_type=\"widget\" data-widget_type=\"wd_title.default\">\n<div class=\"elementor-widget-container\">\n<div class=\"title-wrapper set-mb-s reset-last-child wd-title-color-default wd-title-style-default wd-title-size-default text-left\">\n<div class=\"liner-continer\">\n<h4 class=\"woodmart-title-container-title wd-fontsize-l\">Descripci\u00f3n<\/h4>\n<\/div>\n<\/div>\n<\/div>\n<\/div>\n<div class=\"elementor-element elementor-element-e24b901 wd-single-content elementor-widget elementor-widget-wd_single_product_content\" data-id=\"e24b901\" data-element_type=\"widget\" data-widget_type=\"wd_single_product_content.default\">\n<div class=\"elementor-widget-container\">\n<p class=\"product-details-title h3 mb-3 py-2\">Datos t\u00e9cnicos<\/p>\n<dl class=\"data-sheet d-flex flex-wrap justify-content-between m-0\">\n<dt class=\"name mb-1 p-2\">Ventajas del producto<\/dt>\n<dd class=\"value mb-1 p-2\">Potente y ligero, suministrado con boquilla plana y redonda, accionamiento de velocidad variable, soporte de bater\u00eda acolchado.<\/dd>\n<dt class=\"name mb-1 p-2\">Autonom\u00eda<\/dt>\n<dd class=\"value mb-1 p-2\">12 min bater\u00eda de 4Ah &#8211; 18 min bater\u00eda de 6 Ah &#8211; 27 min bater\u00eda de 9Ah<\/dd>\n<dt class=\"name mb-1 p-2\">Peso<\/dt>\n<dd class=\"waarde mb-1 p-2\">2.6 Kg (sin bater\u00eda)<\/dd>\n<dd class=\"waarde mb-1 p-2\"><\/dd>\n<\/dl>\n<\/div>\n<\/div>","protected":false},"excerpt":{"rendered":"<dl class=\"data-sheet d-flex flex-wrap justify-content-between m-0\">\n<dt class=\"name mb-1 p-2\">Velocidad del aire<\/dt>\n<dd class=\"value mb-1 p-2\">65 m\/s (boquilla redonda) &#8211; 68 m\/s (boquilla plana)<\/dd>\n<dt class=\"name mb-1 p-2\">Accesorio(s) incluido(s)<\/dt>\n<dd class=\"value mb-1 p-2\">Bater\u00eda de 6Ah + cargador r\u00e1pido, boquilla redonda y plana, correa para llevar la bater\u00eda<\/dd>\n<dt class=\"name mb-1 p-2\">Garant\u00eda<\/dt>\n<dd class=\"value mb-1 p-2\">2 a\u00f1os<\/dd>\n<dt class=\"name mb-1 p-2\">Soplador (velocidad de flujo)<\/dt>\n<dd class=\"value mb-1 p-2\">Cantidad de aire por boquilla redonda: 860m3\/h &#8211; Cantidad de aire por boquilla plana: 730 m3\/h<\/dd>\n<\/dl>","protected":false},"featured_media":7389,"comment_status":"open","ping_status":"closed","template":"","meta":[],"product_brand":[],"product_cat":[145],"product_tag":[],"class_list":{"0":"post-7331","1":"product","2":"type-product","3":"status-publish","4":"has-post-thumbnail","6":"product_cat-souffleur-a-feuille","8":"first","9":"instock","10":"taxable","11":"shipping-taxable","12":"purchasable","13":"product-type-simple"},"_links":{"self":[{"href":"https:\/\/cabashippinginternational.com\/en\/wp-json\/wp\/v2\/product\/7331","targetHints":{"allow":["GET"]}}],"collection":[{"href":"https:\/\/cabashippinginternational.com\/en\/wp-json\/wp\/v2\/product"}],"about":[{"href":"https:\/\/cabashippinginternational.com\/en\/wp-json\/wp\/v2\/types\/product"}],"replies":[{"embeddable":true,"href":"https:\/\/cabashippinginternational.com\/en\/wp-json\/wp\/v2\/comments?post=7331"}],"wp:featuredmedia":[{"embeddable":true,"href":"https:\/\/cabashippinginternational.com\/en\/wp-json\/wp\/v2\/media\/7389"}],"wp:attachment":[{"href":"https:\/\/cabashippinginternational.com\/en\/wp-json\/wp\/v2\/media?parent=7331"}],"wp:term":[{"taxonomy":"product_brand","embeddable":true,"href":"https:\/\/cabashippinginternational.com\/en\/wp-json\/wp\/v2\/product_brand?post=7331"},{"taxonomy":"product_cat","embeddable":true,"href":"https:\/\/cabashippinginternational.com\/en\/wp-json\/wp\/v2\/product_cat?post=7331"},{"taxonomy":"product_tag","embeddable":true,"href":"https:\/\/cabashippinginternational.com\/en\/wp-json\/wp\/v2\/product_tag?post=7331"}],"curies":[{"name":"wp","href":"https:\/\/api.w.org\/{rel}","templated":true}]}}