{"id":7330,"date":"2026-01-07T16:25:27","date_gmt":"2026-01-07T16:25:27","guid":{"rendered":"https:\/\/elektronica-aanhangers-houten.nl\/?post_type=product&#038;p=7330"},"modified":"2026-02-22T03:58:08","modified_gmt":"2026-02-22T03:58:08","slug":"tondeuse-autoportee-verts-loisirs-vl40jhb","status":"publish","type":"product","link":"https:\/\/cabashippinginternational.com\/en\/produit\/tondeuse-autoportee-verts-loisirs-vl40jhb\/","title":{"rendered":"Verts Loisirs VL40JHB cortac\u00e9sped"},"content":{"rendered":"<div class=\"elementor-element elementor-element-1caffc0 elementor-widget elementor-widget-wd_title\" data-id=\"1caffc0\" data-element_type=\"widget\" data-widget_type=\"wd_title.default\">\n<div class=\"elementor-widget-container\">\n<div class=\"title-wrapper set-mb-s reset-last-child wd-title-color-default wd-title-style-default wd-title-size-default text-left\">\n<div class=\"liner-continer\">\n<h4 class=\"woodmart-title-container-title wd-fontsize-l\">Descripci\u00f3n<\/h4>\n<\/div>\n<\/div>\n<\/div>\n<\/div>\n<div class=\"elementor-element elementor-element-e24b901 wd-single-content elementor-widget elementor-widget-wd_single_product_content\" data-id=\"e24b901\" data-element_type=\"widget\" data-widget_type=\"wd_single_product_content.default\">\n<div class=\"elementor-widget-container\">\n<p>VL40JHB: el modelo de entrada cortac\u00e9sped de 102 cm para su jard\u00edn<\/p>\n<p>Este cortac\u00e9sped VL40JHB est\u00e1 dise\u00f1ado para el mantenimiento de grandes \u00e1reas de corte de hasta 5000 m\u00b2. Es particularmente efectivo en terrenos abiertos.<br \/>\nSu gran recolector de hierba de 290 litros asegura que no tenga que detenerse por mucho tiempo, y est\u00e1 equipado con una palanca de vaciado que es accesible desde el asiento del conductor: \u00a1nunca m\u00e1s tendr\u00e1 que bajarse de su cortac\u00e9sped para vaciar los recortes!<br \/>\nPodr\u00e9 crear un c\u00e9sped limpio y hermoso de 102 m\u00b2, lo que me proporciona una productividad muy alta.<br \/>\nGracias a la transmisi\u00f3n hidrost\u00e1tica tengo mucha flexibilidad en la forma en que mantengo mi sellado de agua. Debo poder concentrarme en mi trabajo.<\/p>","protected":false},"excerpt":{"rendered":"<p>Independientemente de las condiciones clim\u00e1ticas, ya sea que el c\u00e9sped est\u00e9 mojado o no, te sorprender\u00e1 su capacidad de recogida y rendimiento de corte. Puedes elegir entre recogida de c\u00e9sped o corte de descarga, dependiendo del estado de tu c\u00e9sped. Quiero asegurarme de que el resultado y el nivel de mantenimiento que necesito no se vean superados. La cortadora VL 40JHB est\u00e1 construida para durar. Requiere un mantenimiento m\u00ednimo, por lo que est\u00e1s asegurado de horas de uso ininterrumpido. Las transmisiones hidrost\u00e1ticas aumentan la vida \u00fatil y la fiabilidad de los sistemas de transmisi\u00f3n en comparaci\u00f3n con una transmisi\u00f3n mec\u00e1nica tradicional. El deck de corte est\u00e1 dise\u00f1ado especialmente para ser resistente a la corrosi\u00f3n y extremadamente robusto.<\/p>","protected":false},"featured_media":7388,"comment_status":"open","ping_status":"closed","template":"","meta":[],"product_brand":[],"product_cat":[144],"product_tag":[],"class_list":{"0":"post-7330","1":"product","2":"type-product","3":"status-publish","4":"has-post-thumbnail","6":"product_cat-autoportees-a-bac-arriere","8":"first","9":"instock","10":"taxable","11":"shipping-taxable","12":"purchasable","13":"product-type-simple"},"_links":{"self":[{"href":"https:\/\/cabashippinginternational.com\/en\/wp-json\/wp\/v2\/product\/7330","targetHints":{"allow":["GET"]}}],"collection":[{"href":"https:\/\/cabashippinginternational.com\/en\/wp-json\/wp\/v2\/product"}],"about":[{"href":"https:\/\/cabashippinginternational.com\/en\/wp-json\/wp\/v2\/types\/product"}],"replies":[{"embeddable":true,"href":"https:\/\/cabashippinginternational.com\/en\/wp-json\/wp\/v2\/comments?post=7330"}],"wp:featuredmedia":[{"embeddable":true,"href":"https:\/\/cabashippinginternational.com\/en\/wp-json\/wp\/v2\/media\/7388"}],"wp:attachment":[{"href":"https:\/\/cabashippinginternational.com\/en\/wp-json\/wp\/v2\/media?parent=7330"}],"wp:term":[{"taxonomy":"product_brand","embeddable":true,"href":"https:\/\/cabashippinginternational.com\/en\/wp-json\/wp\/v2\/product_brand?post=7330"},{"taxonomy":"product_cat","embeddable":true,"href":"https:\/\/cabashippinginternational.com\/en\/wp-json\/wp\/v2\/product_cat?post=7330"},{"taxonomy":"product_tag","embeddable":true,"href":"https:\/\/cabashippinginternational.com\/en\/wp-json\/wp\/v2\/product_tag?post=7330"}],"curies":[{"name":"wp","href":"https:\/\/api.w.org\/{rel}","templated":true}]}}