{"id":7327,"date":"2026-01-07T16:25:00","date_gmt":"2026-01-07T16:25:00","guid":{"rendered":"https:\/\/elektronica-aanhangers-houten.nl\/?post_type=product&#038;p=7327"},"modified":"2026-02-22T03:58:15","modified_gmt":"2026-02-22T03:58:15","slug":"tondeuse-autoportee-verts-loisirs-vl28gh","status":"publish","type":"product","link":"https:\/\/cabashippinginternational.com\/en\/produit\/tondeuse-autoportee-verts-loisirs-vl28gh\/","title":{"rendered":"Verts Loisirs VL28GH cortac\u00e9sped"},"content":{"rendered":"<div class=\"elementor-element elementor-element-1caffc0 elementor-widget elementor-widget-wd_title\" data-id=\"1caffc0\" data-element_type=\"widget\" data-widget_type=\"wd_title.default\">\n<div class=\"elementor-widget-container\">\n<div class=\"title-wrapper set-mb-s reset-last-child wd-title-color-default wd-title-style-default wd-title-size-default text-left\">\n<div class=\"liner-continer\">\n<h4 class=\"woodmart-title-container-title wd-fontsize-l\">Descripci\u00f3n<\/h4>\n<\/div>\n<\/div>\n<\/div>\n<\/div>\n<div class=\"elementor-element elementor-element-e24b901 wd-single-content elementor-widget elementor-widget-wd_single_product_content\" data-id=\"e24b901\" data-element_type=\"widget\" data-widget_type=\"wd_single_product_content.default\">\n<div class=\"elementor-widget-container\">\n<p>\u00a1Este tractor est\u00e1 equipado con una transmisi\u00f3n hidrost\u00e1tica &#8211; un concentrado de tecnolog\u00eda!<br \/>\nAl comienzo de la temporada, se limpia el c\u00e9sped y se bombea la grasa en el tanque de grasa de 170 litros.<br \/>\nLas segadoras con un recolector de hierba trasero ocupan menos espacio de almacenamiento que las segadoras con salida lateral.<br \/>\nAsiento con respaldo alto para mayor comodidad durante el corte.<br \/>\nModelo utilizado con ruedas especiales para c\u00e9sped.<\/p>\n<\/div>\n<\/div>","protected":false},"excerpt":{"rendered":"<p>Puedes montar un kit de mulching (opcional, disponible en tu tienda local), que fertiliza el suelo de forma natural. Cuando utilizas el kit de mulching (opcional, disponible en tu tienda), la hierba debajo de la plataforma de corte se tritura y se convierte en compost, lo que la convierte en un fertilizante natural. Se recomienda especialmente el mulching en meses secos para evitar que tu c\u00e9sped se seque y se vuelva amarillo. Tambi\u00e9n disponible con un motor Briggs &#038; Stratton.<\/p>","protected":false},"featured_media":7385,"comment_status":"open","ping_status":"closed","template":"","meta":[],"product_brand":[],"product_cat":[144],"product_tag":[],"class_list":{"0":"post-7327","1":"product","2":"type-product","3":"status-publish","4":"has-post-thumbnail","6":"product_cat-autoportees-a-bac-arriere","8":"first","9":"instock","10":"taxable","11":"shipping-taxable","12":"purchasable","13":"product-type-simple"},"_links":{"self":[{"href":"https:\/\/cabashippinginternational.com\/en\/wp-json\/wp\/v2\/product\/7327","targetHints":{"allow":["GET"]}}],"collection":[{"href":"https:\/\/cabashippinginternational.com\/en\/wp-json\/wp\/v2\/product"}],"about":[{"href":"https:\/\/cabashippinginternational.com\/en\/wp-json\/wp\/v2\/types\/product"}],"replies":[{"embeddable":true,"href":"https:\/\/cabashippinginternational.com\/en\/wp-json\/wp\/v2\/comments?post=7327"}],"wp:featuredmedia":[{"embeddable":true,"href":"https:\/\/cabashippinginternational.com\/en\/wp-json\/wp\/v2\/media\/7385"}],"wp:attachment":[{"href":"https:\/\/cabashippinginternational.com\/en\/wp-json\/wp\/v2\/media?parent=7327"}],"wp:term":[{"taxonomy":"product_brand","embeddable":true,"href":"https:\/\/cabashippinginternational.com\/en\/wp-json\/wp\/v2\/product_brand?post=7327"},{"taxonomy":"product_cat","embeddable":true,"href":"https:\/\/cabashippinginternational.com\/en\/wp-json\/wp\/v2\/product_cat?post=7327"},{"taxonomy":"product_tag","embeddable":true,"href":"https:\/\/cabashippinginternational.com\/en\/wp-json\/wp\/v2\/product_tag?post=7327"}],"curies":[{"name":"wp","href":"https:\/\/api.w.org\/{rel}","templated":true}]}}