{"id":7326,"date":"2026-01-07T16:25:00","date_gmt":"2026-01-07T16:25:00","guid":{"rendered":"https:\/\/elektronica-aanhangers-houten.nl\/?post_type=product&#038;p=7326"},"modified":"2026-02-22T03:58:22","modified_gmt":"2026-02-22T03:58:22","slug":"tondeuse-autoportee-kubota-gzd21hd","status":"publish","type":"product","link":"https:\/\/cabashippinginternational.com\/en\/produit\/tondeuse-autoportee-kubota-gzd21hd\/","title":{"rendered":"Cortac\u00e9sped Kubota GZD21HD"},"content":{"rendered":"<div class=\"elementor-element elementor-element-1caffc0 elementor-widget elementor-widget-wd_title\" data-id=\"1caffc0\" data-element_type=\"widget\" data-widget_type=\"wd_title.default\">\n<div class=\"elementor-widget-container\">\n<div class=\"title-wrapper set-mb-s reset-last-child wd-title-color-default wd-title-style-default wd-title-size-default text-left\">\n<div class=\"liner-continer\">\n<h4 class=\"woodmart-title-container-title wd-fontsize-l\">Descripci\u00f3n<\/h4>\n<\/div>\n<\/div>\n<\/div>\n<\/div>\n<div class=\"elementor-element elementor-element-e24b901 wd-single-content elementor-widget elementor-widget-wd_single_product_content\" data-id=\"e24b901\" data-element_type=\"widget\" data-widget_type=\"wd_single_product_content.default\">\n<div class=\"elementor-widget-container\">\n<p>Referencia: W20TC00043<\/p>\n<p>El cortac\u00e9sped GZD21 HD con giro total y recogedor de hierba integrado es \u00fanico en el mercado.<\/p>\n<p>Combina un alto nivel de rendimiento con una larga vida \u00fatil.<br \/>\nEste cortac\u00e9sped de giro cero, impulsado por un potente motor di\u00e9sel de 3 cilindros de 21 hp, combina una maniobrabilidad inigualable con un sistema de corte ultraeficiente con recogida directa y un generoso recogedor de hierba con volcado superior, que se puede vaciar entre 0,90 m y 1,80 m sobre el suelo.<\/p>\n<p>&nbsp;<\/p>\n<\/div>\n<\/div>","protected":false},"excerpt":{"rendered":"<p>Sistema Glide Cut&#8217;<br \/>\nLa GZD21 HD est\u00e1 equipada con el sistema Glide Cut&#8217;, que utiliza 3 cuchillas para garantizar un corte perfecto y arrojar el c\u00e9sped directamente en la caja trasera sin utilizar una turbina ruidosa. La m\u00e1quina es muy valorada por los profesionales debido a su eficiencia y tambi\u00e9n es conocida por su dise\u00f1o robusto, con transmisi\u00f3n card\u00e1nica para el deck de corte y un acoplamiento hidr\u00e1ulico de toma de fuerza.<\/p>","protected":false},"featured_media":7384,"comment_status":"open","ping_status":"closed","template":"","meta":[],"product_brand":[],"product_cat":[144],"product_tag":[],"class_list":{"0":"post-7326","1":"product","2":"type-product","3":"status-publish","4":"has-post-thumbnail","6":"product_cat-autoportees-a-bac-arriere","8":"first","9":"instock","10":"taxable","11":"shipping-taxable","12":"purchasable","13":"product-type-simple"},"_links":{"self":[{"href":"https:\/\/cabashippinginternational.com\/en\/wp-json\/wp\/v2\/product\/7326","targetHints":{"allow":["GET"]}}],"collection":[{"href":"https:\/\/cabashippinginternational.com\/en\/wp-json\/wp\/v2\/product"}],"about":[{"href":"https:\/\/cabashippinginternational.com\/en\/wp-json\/wp\/v2\/types\/product"}],"replies":[{"embeddable":true,"href":"https:\/\/cabashippinginternational.com\/en\/wp-json\/wp\/v2\/comments?post=7326"}],"wp:featuredmedia":[{"embeddable":true,"href":"https:\/\/cabashippinginternational.com\/en\/wp-json\/wp\/v2\/media\/7384"}],"wp:attachment":[{"href":"https:\/\/cabashippinginternational.com\/en\/wp-json\/wp\/v2\/media?parent=7326"}],"wp:term":[{"taxonomy":"product_brand","embeddable":true,"href":"https:\/\/cabashippinginternational.com\/en\/wp-json\/wp\/v2\/product_brand?post=7326"},{"taxonomy":"product_cat","embeddable":true,"href":"https:\/\/cabashippinginternational.com\/en\/wp-json\/wp\/v2\/product_cat?post=7326"},{"taxonomy":"product_tag","embeddable":true,"href":"https:\/\/cabashippinginternational.com\/en\/wp-json\/wp\/v2\/product_tag?post=7326"}],"curies":[{"name":"wp","href":"https:\/\/api.w.org\/{rel}","templated":true}]}}