{"id":7325,"date":"2026-01-07T16:25:00","date_gmt":"2026-01-07T16:25:00","guid":{"rendered":"https:\/\/elektronica-aanhangers-houten.nl\/?post_type=product&#038;p=7325"},"modified":"2026-02-22T03:58:30","modified_gmt":"2026-02-22T03:58:30","slug":"tondeuse-autoportee-kubota-gr1600-ii","status":"publish","type":"product","link":"https:\/\/cabashippinginternational.com\/en\/produit\/tondeuse-autoportee-kubota-gr1600-ii\/","title":{"rendered":"Cortac\u00e9sped Kubota GR1600-II"},"content":{"rendered":"<div class=\"elementor-element elementor-element-1caffc0 elementor-widget elementor-widget-wd_title\" data-id=\"1caffc0\" data-element_type=\"widget\" data-widget_type=\"wd_title.default\">\n<div class=\"elementor-widget-container\">\n<div class=\"title-wrapper set-mb-s reset-last-child wd-title-color-default wd-title-style-default wd-title-size-default text-left\">\n<div class=\"liner-continer\">\n<h4 class=\"woodmart-title-container-title wd-fontsize-l\">Descripci\u00f3n<\/h4>\n<\/div>\n<\/div>\n<\/div>\n<\/div>\n<div class=\"elementor-element elementor-element-e24b901 wd-single-content elementor-widget elementor-widget-wd_single_product_content\" data-id=\"e24b901\" data-element_type=\"widget\" data-widget_type=\"wd_single_product_content.default\">\n<div class=\"elementor-widget-container\">\n<p>Referencia: W20TC00039<\/p>\n<p>\u00a1El cortac\u00e9sped GR1600-II es f\u00e1cil de usar y potente!<\/p>\n<p>Extremadamente maniobrable y robusto<br \/>\nExtremadamente maniobrable y robusto, el Kubota GR1600-II es el n\u00famero 1 en cortac\u00e9spedes de diesel en el segmento de descarga\/recolecci\u00f3n &#8211; conocido por su calidad de corte y recolecci\u00f3n en todas las condiciones.<\/p>\n<p>&#8216;<\/p>\n<\/div>\n<\/div>","protected":false},"excerpt":{"rendered":"<p>Con un motor di\u00e9sel de 135 CV<br \/>\nCon un motor di\u00e9sel de 135 CV &#8211; potente y eficiente &#8211; equivalente a un motor de gasolina de 20 CV, el GR1600-II ofrece m\u00e1s potencia y ahorro de combustible que las cortadoras de c\u00e9sped de gasolina. A diferencia del sistema de transmisi\u00f3n por correa en la mayor\u00eda de las cortadoras de c\u00e9sped de gasolina, el GR1600-II tiene un toma de fuerza con un embrague de disco h\u00famedo mec\u00e1nico y una transmisi\u00f3n por card\u00e1n al deck de corte. Esta robusta construcci\u00f3n garantiza una baja altura de elevaci\u00f3n y una alta durabilidad.<\/p>","protected":false},"featured_media":7381,"comment_status":"open","ping_status":"closed","template":"","meta":[],"product_brand":[],"product_cat":[144],"product_tag":[],"class_list":{"0":"post-7325","1":"product","2":"type-product","3":"status-publish","4":"has-post-thumbnail","6":"product_cat-autoportees-a-bac-arriere","8":"first","9":"instock","10":"taxable","11":"shipping-taxable","12":"purchasable","13":"product-type-simple"},"_links":{"self":[{"href":"https:\/\/cabashippinginternational.com\/en\/wp-json\/wp\/v2\/product\/7325","targetHints":{"allow":["GET"]}}],"collection":[{"href":"https:\/\/cabashippinginternational.com\/en\/wp-json\/wp\/v2\/product"}],"about":[{"href":"https:\/\/cabashippinginternational.com\/en\/wp-json\/wp\/v2\/types\/product"}],"replies":[{"embeddable":true,"href":"https:\/\/cabashippinginternational.com\/en\/wp-json\/wp\/v2\/comments?post=7325"}],"wp:featuredmedia":[{"embeddable":true,"href":"https:\/\/cabashippinginternational.com\/en\/wp-json\/wp\/v2\/media\/7381"}],"wp:attachment":[{"href":"https:\/\/cabashippinginternational.com\/en\/wp-json\/wp\/v2\/media?parent=7325"}],"wp:term":[{"taxonomy":"product_brand","embeddable":true,"href":"https:\/\/cabashippinginternational.com\/en\/wp-json\/wp\/v2\/product_brand?post=7325"},{"taxonomy":"product_cat","embeddable":true,"href":"https:\/\/cabashippinginternational.com\/en\/wp-json\/wp\/v2\/product_cat?post=7325"},{"taxonomy":"product_tag","embeddable":true,"href":"https:\/\/cabashippinginternational.com\/en\/wp-json\/wp\/v2\/product_tag?post=7325"}],"curies":[{"name":"wp","href":"https:\/\/api.w.org\/{rel}","templated":true}]}}