{"id":7321,"date":"2026-01-07T16:24:31","date_gmt":"2026-01-07T16:24:31","guid":{"rendered":"https:\/\/elektronica-aanhangers-houten.nl\/?post_type=product&#038;p=7321"},"modified":"2026-02-22T03:58:38","modified_gmt":"2026-02-22T03:58:38","slug":"tondeuse-autoportee-kubota-g26hd-ii","status":"publish","type":"product","link":"https:\/\/cabashippinginternational.com\/en\/produit\/tondeuse-autoportee-kubota-g26hd-ii\/","title":{"rendered":"Cortac\u00e9sped Kubota G26HD-II"},"content":{"rendered":"<div class=\"elementor-element elementor-element-1caffc0 elementor-widget elementor-widget-wd_title\" data-id=\"1caffc0\" data-element_type=\"widget\" data-widget_type=\"wd_title.default\">\n<div class=\"elementor-widget-container\">\n<div class=\"title-wrapper set-mb-s reset-last-child wd-title-color-default wd-title-style-default wd-title-size-default text-left\">\n<div class=\"liner-continer\">\n<h4 class=\"woodmart-title-container-title wd-fontsize-l\">Descripci\u00f3n<\/h4>\n<\/div>\n<\/div>\n<\/div>\n<\/div>\n<div class=\"elementor-element elementor-element-e24b901 wd-single-content elementor-widget elementor-widget-wd_single_product_content\" data-id=\"e24b901\" data-element_type=\"widget\" data-widget_type=\"wd_single_product_content.default\">\n<div class=\"elementor-widget-container\">\n<p>Referencia: W20TC00159<\/p>\n<p>El dise\u00f1o robusto de la serie G garantiza resultados profesionales y proporciona a\u00fan m\u00e1s potencia, precisi\u00f3n y flexibilidad.<\/p>\n<p>Potente motor di\u00e9sel<br \/>\nEl cortac\u00e9sped Kubota G26LD-II con descarga trasera y recogida de hierba integrada (versi\u00f3n de vuelco de fondo) es impulsado por un potente motor di\u00e9sel de 3 cilindros y 26 hp.<\/p>\n<p>El sistema de corte doble<br \/>\nEl sistema de corte doble con dos cuchillas &#8211; impulsado por un card\u00e1n y engranajes &#8211; produce un potente flujo de succi\u00f3n y un resultado de corte limpio y uniforme, especialmente cuando las cuchillas cubren una gran superficie.<\/p>\n<\/div>\n<\/div>","protected":false},"excerpt":{"rendered":"<p>Los G26 tragan la cosecha cortada literalmente y el amplio t\u00fanel de descarga central asegura que el contenedor de hierba est\u00e9 lo m\u00e1s lleno posible sin necesidad de una turbina ruidosa y poco pr\u00e1ctica. Con un generoso volumen de recogida de 560 litros para este modelo de descarga trasera, el contenedor debe vaciarse con menos frecuencia, lo que aumenta la productividad.<\/p>\n<p>Adquisici\u00f3n y operaci\u00f3n<br \/>\nEl cortac\u00e9sped Kubota G26HD-II con descarga trasera y recogida &#8211; versi\u00f3n de alta descarga &#8211; tiene todas las caracter\u00edsticas t\u00e9cnicas de la versi\u00f3n de descarga trasera (G26 LD-II).<\/p>","protected":false},"featured_media":7380,"comment_status":"open","ping_status":"closed","template":"","meta":[],"product_brand":[],"product_cat":[144],"product_tag":[],"class_list":{"0":"post-7321","1":"product","2":"type-product","3":"status-publish","4":"has-post-thumbnail","6":"product_cat-autoportees-a-bac-arriere","8":"first","9":"instock","10":"taxable","11":"shipping-taxable","12":"purchasable","13":"product-type-simple"},"_links":{"self":[{"href":"https:\/\/cabashippinginternational.com\/en\/wp-json\/wp\/v2\/product\/7321","targetHints":{"allow":["GET"]}}],"collection":[{"href":"https:\/\/cabashippinginternational.com\/en\/wp-json\/wp\/v2\/product"}],"about":[{"href":"https:\/\/cabashippinginternational.com\/en\/wp-json\/wp\/v2\/types\/product"}],"replies":[{"embeddable":true,"href":"https:\/\/cabashippinginternational.com\/en\/wp-json\/wp\/v2\/comments?post=7321"}],"wp:featuredmedia":[{"embeddable":true,"href":"https:\/\/cabashippinginternational.com\/en\/wp-json\/wp\/v2\/media\/7380"}],"wp:attachment":[{"href":"https:\/\/cabashippinginternational.com\/en\/wp-json\/wp\/v2\/media?parent=7321"}],"wp:term":[{"taxonomy":"product_brand","embeddable":true,"href":"https:\/\/cabashippinginternational.com\/en\/wp-json\/wp\/v2\/product_brand?post=7321"},{"taxonomy":"product_cat","embeddable":true,"href":"https:\/\/cabashippinginternational.com\/en\/wp-json\/wp\/v2\/product_cat?post=7321"},{"taxonomy":"product_tag","embeddable":true,"href":"https:\/\/cabashippinginternational.com\/en\/wp-json\/wp\/v2\/product_tag?post=7321"}],"curies":[{"name":"wp","href":"https:\/\/api.w.org\/{rel}","templated":true}]}}