{"id":7319,"date":"2026-01-07T16:24:30","date_gmt":"2026-01-07T16:24:30","guid":{"rendered":"https:\/\/elektronica-aanhangers-houten.nl\/?post_type=product&#038;p=7319"},"modified":"2026-02-22T03:58:54","modified_gmt":"2026-02-22T03:58:54","slug":"tondeuse-autoportee-kubota-g23hd-ii","status":"publish","type":"product","link":"https:\/\/cabashippinginternational.com\/en\/produit\/tondeuse-autoportee-kubota-g23hd-ii\/","title":{"rendered":"Cortac\u00e9sped Kubota G23HD-II"},"content":{"rendered":"<div class=\"elementor-element elementor-element-1caffc0 elementor-widget elementor-widget-wd_title\" data-id=\"1caffc0\" data-element_type=\"widget\" data-widget_type=\"wd_title.default\">\n<div class=\"elementor-widget-container\">\n<div class=\"title-wrapper set-mb-s reset-last-child wd-title-color-default wd-title-style-default wd-title-size-default text-left\">\n<div class=\"liner-continer\">\n<h4 class=\"woodmart-title-container-title wd-fontsize-l\">Descripci\u00f3n<\/h4>\n<\/div>\n<\/div>\n<\/div>\n<\/div>\n<div class=\"elementor-element elementor-element-e24b901 wd-single-content elementor-widget elementor-widget-wd_single_product_content\" data-id=\"e24b901\" data-element_type=\"widget\" data-widget_type=\"wd_single_product_content.default\">\n<div class=\"elementor-widget-container\">\n<p>Referencia: W20TC00157<\/p>\n<p>El dise\u00f1o robusto de la serie G garantiza resultados profesionales y asegura a\u00fan m\u00e1s potencia, precisi\u00f3n y flexibilidad.<\/p>\n<p>Impulsado por un potente motor di\u00e9sel de 23 hp y 3 cilindros<br \/>\nEl cortac\u00e9sped Kubota G23LD-II con descarga trasera y recogedor de hierba integrado (versi\u00f3n de nivel del suelo) es impulsado por un potente motor di\u00e9sel de 23 hp y 3 cilindros.<\/p>\n<p>Sistema de corte &#8216;twin cut&#8217; con dos cuchillas<br \/>\nEl sistema de corte &#8216;twin cut&#8217; con dos cuchillas &#8211; impulsado por un card\u00e1n y engranajes &#8211; produce un potente flujo de succi\u00f3n y un resultado de corte limpio y uniforme, especialmente cuando las cuchillas cubren una gran \u00e1rea.<\/p>\n<\/div>\n<\/div>","protected":false},"excerpt":{"rendered":"<p>El G23 absorbe literalmente el cultivo cortado y el amplio t\u00fanel de descarga central asegura que el contenedor de hierba est\u00e9 lo m\u00e1s lleno posible sin necesidad de una turbina ruidosa y torpe. Con un generoso volumen de almacenamiento de 560 litros para este modelo de descarga trasera, el contenedor necesita ser vaciado con menos frecuencia, lo que aumenta la productividad.<\/p>\n<p>Incluye todas las caracter\u00edsticas t\u00e9cnicas de la versi\u00f3n de descarga por el suelo.<\/p>\n<p>El cortac\u00e9sped Kubota G23HD-II con descarga trasera y recogida &#8211; versi\u00f3n de descarga alta &#8211; tiene todas las caracter\u00edsticas t\u00e9cnicas de la versi\u00f3n de descarga por el suelo.<\/p>","protected":false},"featured_media":7376,"comment_status":"open","ping_status":"closed","template":"","meta":[],"product_brand":[],"product_cat":[144],"product_tag":[],"class_list":{"0":"post-7319","1":"product","2":"type-product","3":"status-publish","4":"has-post-thumbnail","6":"product_cat-autoportees-a-bac-arriere","8":"first","9":"instock","10":"taxable","11":"shipping-taxable","12":"purchasable","13":"product-type-simple"},"_links":{"self":[{"href":"https:\/\/cabashippinginternational.com\/en\/wp-json\/wp\/v2\/product\/7319","targetHints":{"allow":["GET"]}}],"collection":[{"href":"https:\/\/cabashippinginternational.com\/en\/wp-json\/wp\/v2\/product"}],"about":[{"href":"https:\/\/cabashippinginternational.com\/en\/wp-json\/wp\/v2\/types\/product"}],"replies":[{"embeddable":true,"href":"https:\/\/cabashippinginternational.com\/en\/wp-json\/wp\/v2\/comments?post=7319"}],"wp:featuredmedia":[{"embeddable":true,"href":"https:\/\/cabashippinginternational.com\/en\/wp-json\/wp\/v2\/media\/7376"}],"wp:attachment":[{"href":"https:\/\/cabashippinginternational.com\/en\/wp-json\/wp\/v2\/media?parent=7319"}],"wp:term":[{"taxonomy":"product_brand","embeddable":true,"href":"https:\/\/cabashippinginternational.com\/en\/wp-json\/wp\/v2\/product_brand?post=7319"},{"taxonomy":"product_cat","embeddable":true,"href":"https:\/\/cabashippinginternational.com\/en\/wp-json\/wp\/v2\/product_cat?post=7319"},{"taxonomy":"product_tag","embeddable":true,"href":"https:\/\/cabashippinginternational.com\/en\/wp-json\/wp\/v2\/product_tag?post=7319"}],"curies":[{"name":"wp","href":"https:\/\/api.w.org\/{rel}","templated":true}]}}