{"id":7312,"date":"2026-01-07T16:23:57","date_gmt":"2026-01-07T16:23:57","guid":{"rendered":"https:\/\/elektronica-aanhangers-houten.nl\/?post_type=product&#038;p=7312"},"modified":"2026-02-22T03:59:16","modified_gmt":"2026-02-22T03:59:16","slug":"autoportee-stihl-rt6127zl","status":"publish","type":"product","link":"https:\/\/cabashippinginternational.com\/en\/produit\/autoportee-stihl-rt6127zl\/","title":{"rendered":"Cortac\u00e9sped Stihl RT6127ZL"},"content":{"rendered":"<div class=\"elementor-element elementor-element-1caffc0 elementor-widget elementor-widget-wd_title\" data-id=\"1caffc0\" data-element_type=\"widget\" data-widget_type=\"wd_title.default\">\n<div class=\"elementor-widget-container\">\n<div class=\"title-wrapper set-mb-s reset-last-child wd-title-color-default wd-title-style-default wd-title-size-default text-left\">\n<div class=\"liner-continer\">\n<h4 class=\"woodmart-title-container-title wd-fontsize-l\">Descripci\u00f3n<\/h4>\n<\/div>\n<\/div>\n<\/div>\n<\/div>\n<div class=\"elementor-element elementor-element-e24b901 wd-single-content elementor-widget elementor-widget-wd_single_product_content\" data-id=\"e24b901\" data-element_type=\"widget\" data-widget_type=\"wd_single_product_content.default\">\n<div class=\"elementor-widget-container\">\n<p>Referencia: 61702000025<\/p>\n<p>El cortac\u00e9sped m\u00e1s potente con un confort de conducci\u00f3n y operaci\u00f3n extremo. Para el mantenimiento de superficies especialmente grandes. Cuenta con las siguientes caracter\u00edsticas:<\/p>\n<p>-Ancho de corte: 125 cm<br \/>\n-Superficie: 10.000 m2<br \/>\nMotor de dos cilindros: B&#038;S 8240 Intek cabeza de v\u00e1lvula en la serie<br \/>\nCaja de hierba de 350 litros<br \/>\n-Cubierta de corte sincronizada: las dos cuchillas de la cubierta de corte est\u00e1n separadas 90 grados. Gracias a esta sincronizaci\u00f3n, las masas se sujetan sin contacto en el aire. El resultado es un peso constante y un transporte \u00f3ptimo de la grasa hacia la parte de entrada.<br \/>\n-Copling de cuchilla electromagn\u00e9tico: las cuchillas de corte se pueden activar o desactivar f\u00e1cilmente desde el tablero.<br \/>\n-Cubierta de corte con distribuidores:<\/p>","protected":false},"excerpt":{"rendered":"<p>Silla de resorte ajustable: la silla se puede adaptar a la forma del cuerpo del conductor. Se puede ajustar de inmediato y sin herramientas.<br \/>\nFuncionamiento hidrost\u00e1tico con una base separada: la placa de cama ofrece la posibilidad ideal de moverse de la parte delantera a la trasera del veh\u00edculo, garantizando un funcionamiento seguro. La base sensible a la presi\u00f3n permite una graduaci\u00f3n precisa de la velocidad entre la m\u00e1xima y la detenci\u00f3n. La base separada permite una f\u00e1cil detenci\u00f3n.<br \/>\nF\u00e1cil de instalar: el marco fuerte y resistente al desgaste se puede instalar f\u00e1cilmente sin quitar la base y es f\u00e1cil de limpiar gracias a su dise\u00f1o elegante.<\/p>","protected":false},"featured_media":7369,"comment_status":"open","ping_status":"closed","template":"","meta":[],"product_brand":[],"product_cat":[144],"product_tag":[],"class_list":{"0":"post-7312","1":"product","2":"type-product","3":"status-publish","4":"has-post-thumbnail","6":"product_cat-autoportees-a-bac-arriere","8":"first","9":"instock","10":"taxable","11":"shipping-taxable","12":"purchasable","13":"product-type-simple"},"_links":{"self":[{"href":"https:\/\/cabashippinginternational.com\/en\/wp-json\/wp\/v2\/product\/7312","targetHints":{"allow":["GET"]}}],"collection":[{"href":"https:\/\/cabashippinginternational.com\/en\/wp-json\/wp\/v2\/product"}],"about":[{"href":"https:\/\/cabashippinginternational.com\/en\/wp-json\/wp\/v2\/types\/product"}],"replies":[{"embeddable":true,"href":"https:\/\/cabashippinginternational.com\/en\/wp-json\/wp\/v2\/comments?post=7312"}],"wp:featuredmedia":[{"embeddable":true,"href":"https:\/\/cabashippinginternational.com\/en\/wp-json\/wp\/v2\/media\/7369"}],"wp:attachment":[{"href":"https:\/\/cabashippinginternational.com\/en\/wp-json\/wp\/v2\/media?parent=7312"}],"wp:term":[{"taxonomy":"product_brand","embeddable":true,"href":"https:\/\/cabashippinginternational.com\/en\/wp-json\/wp\/v2\/product_brand?post=7312"},{"taxonomy":"product_cat","embeddable":true,"href":"https:\/\/cabashippinginternational.com\/en\/wp-json\/wp\/v2\/product_cat?post=7312"},{"taxonomy":"product_tag","embeddable":true,"href":"https:\/\/cabashippinginternational.com\/en\/wp-json\/wp\/v2\/product_tag?post=7312"}],"curies":[{"name":"wp","href":"https:\/\/api.w.org\/{rel}","templated":true}]}}