{"id":7311,"date":"2026-01-07T16:23:57","date_gmt":"2026-01-07T16:23:57","guid":{"rendered":"https:\/\/elektronica-aanhangers-houten.nl\/?post_type=product&#038;p=7311"},"modified":"2026-02-22T03:59:24","modified_gmt":"2026-02-22T03:59:24","slug":"autoportee-stihl-rt6112zl","status":"publish","type":"product","link":"https:\/\/cabashippinginternational.com\/en\/produit\/autoportee-stihl-rt6112zl\/","title":{"rendered":"Cortac\u00e9sped Stihl RT6112ZL"},"content":{"rendered":"<div class=\"elementor-element elementor-element-1caffc0 elementor-widget elementor-widget-wd_title\" data-id=\"1caffc0\" data-element_type=\"widget\" data-widget_type=\"wd_title.default\">\n<div class=\"elementor-widget-container\">\n<div class=\"title-wrapper set-mb-s reset-last-child wd-title-color-default wd-title-style-default wd-title-size-default text-left\">\n<div class=\"liner-continer\">\n<h4 class=\"woodmart-title-container-title wd-fontsize-l\">Descripci\u00f3n<\/h4>\n<\/div>\n<\/div>\n<\/div>\n<\/div>\n<div class=\"elementor-element elementor-element-e24b901 wd-single-content elementor-widget elementor-widget-wd_single_product_content\" data-id=\"e24b901\" data-element_type=\"widget\" data-widget_type=\"wd_single_product_content.default\">\n<div class=\"elementor-widget-container\">\n<p>Referencia: 61702000024<\/p>\n<p>El cortac\u00e9sped m\u00e1s potente con un confort de conducci\u00f3n y manejo extremo. Para el tratamiento de superficies extremadamente grandes. Cuenta con las siguientes caracter\u00edsticas:<\/p>\n<p>-Ancho de corte: 110 cm<br \/>\n-Superficie: 8.000 m2<br \/>\nMotor de dos cilindros: B&#038;S 7160 Intek serie de v\u00e1lvula en cabeza<br \/>\nCaja de hierba de 350 litros<br \/>\n-Plataforma de corte sincronizada: las dos cuchillas de la plataforma est\u00e1n separadas 90 grados. Gracias a esta sincronizaci\u00f3n, las masas se capturan en el aire sin hacer contacto. El resultado es un peso constante y un transporte \u00f3ptimo de la grasa hacia la parte de entrada.<br \/>\n-Copling de cuchilla electromagn\u00e9tico: las cuchillas de corte se pueden activar o desactivar f\u00e1cilmente desde el tablero.<\/p>\n<\/div>\n<\/div>","protected":false},"excerpt":{"rendered":"<p>Cortac\u00e9sped con recolectores: gracias a los recolectores, la hierba en los bordes del cortac\u00e9sped se recoge y se lleva a la cuchilla. Esto significa que la superficie del c\u00e9sped debe mantenerse limpia.<br \/>\n-Asiento ajustable con resorte: el asiento se puede ajustar a la constituci\u00f3n del conductor. Se puede ajustar de inmediato y sin herramientas.<br \/>\nTransmisi\u00f3n hidrost\u00e1tica con un solo pedal: con la palanca de control se puede cambiar f\u00e1cilmente de la marcha hacia adelante a la marcha hacia atr\u00e1s, lo que facilita maniobras r\u00e1pidas. El pedal sensible a la presi\u00f3n permite un control preciso de la velocidad entre la m\u00e1xima velocidad y la detenci\u00f3n. El pedal separado facilita la parada.<br \/>\nVaciado sencillo del recogedor de hierba: el robusto recogedor de hierba en forma de cubo se puede vaciar c\u00f3modamente desde el asiento y es f\u00e1cil de limpiar gracias a su dise\u00f1o inteligente.<\/p>","protected":false},"featured_media":7368,"comment_status":"open","ping_status":"closed","template":"","meta":[],"product_brand":[],"product_cat":[144],"product_tag":[],"class_list":{"0":"post-7311","1":"product","2":"type-product","3":"status-publish","4":"has-post-thumbnail","6":"product_cat-autoportees-a-bac-arriere","8":"first","9":"instock","10":"taxable","11":"shipping-taxable","12":"purchasable","13":"product-type-simple"},"_links":{"self":[{"href":"https:\/\/cabashippinginternational.com\/en\/wp-json\/wp\/v2\/product\/7311","targetHints":{"allow":["GET"]}}],"collection":[{"href":"https:\/\/cabashippinginternational.com\/en\/wp-json\/wp\/v2\/product"}],"about":[{"href":"https:\/\/cabashippinginternational.com\/en\/wp-json\/wp\/v2\/types\/product"}],"replies":[{"embeddable":true,"href":"https:\/\/cabashippinginternational.com\/en\/wp-json\/wp\/v2\/comments?post=7311"}],"wp:featuredmedia":[{"embeddable":true,"href":"https:\/\/cabashippinginternational.com\/en\/wp-json\/wp\/v2\/media\/7368"}],"wp:attachment":[{"href":"https:\/\/cabashippinginternational.com\/en\/wp-json\/wp\/v2\/media?parent=7311"}],"wp:term":[{"taxonomy":"product_brand","embeddable":true,"href":"https:\/\/cabashippinginternational.com\/en\/wp-json\/wp\/v2\/product_brand?post=7311"},{"taxonomy":"product_cat","embeddable":true,"href":"https:\/\/cabashippinginternational.com\/en\/wp-json\/wp\/v2\/product_cat?post=7311"},{"taxonomy":"product_tag","embeddable":true,"href":"https:\/\/cabashippinginternational.com\/en\/wp-json\/wp\/v2\/product_tag?post=7311"}],"curies":[{"name":"wp","href":"https:\/\/api.w.org\/{rel}","templated":true}]}}