{"id":7308,"date":"2026-01-07T16:23:57","date_gmt":"2026-01-07T16:23:57","guid":{"rendered":"https:\/\/elektronica-aanhangers-houten.nl\/?post_type=product&#038;p=7308"},"modified":"2026-02-22T03:59:45","modified_gmt":"2026-02-22T03:59:45","slug":"autoportee-stihl-rt5097","status":"publish","type":"product","link":"https:\/\/cabashippinginternational.com\/en\/produit\/autoportee-stihl-rt5097\/","title":{"rendered":"Cortac\u00e9sped Stihl RT5097"},"content":{"rendered":"<section class=\"wd-negative-gap elementor-section elementor-top-section elementor-element elementor-element-562428a elementor-reverse-mobile elementor-section-boxed elementor-section-height-default elementor-section-height-default wd-section-disabled\" data-id=\"562428a\" data-element_type=\"section\">\n<div class=\"elementor-container elementor-column-gap-default\">\n<div class=\"elementor-column elementor-col-100 elementor-top-column elementor-element-element-849fa95\" data-id=\"849fa95\" data-element_type=\"column\" data-settings=\"{&quot;background_background&quot;:&quot;classic&quot;}\">\n<div class=\"elementor-widget-wrap elementor-element-populated\">\n<div class=\"elementor-element elementor-element-1caffc0 elementor-widget elementor-widget-wd_title\" data-id=\"1caffc0\" data-element_type=\"widget\" data-widget_type=\"wd_title.default\">\n<div class=\"elementor-widget-container\">\n<div class=\"title-wrapper set-mb-s reset-last-child wd-title-color-default wd-title-style-default wd-title-size-default text-left\">\n<div class=\"liner-continer\">\n<h4 class=\"woodmart-title-container-title wd-fontsize-l\">Descripci\u00f3n<\/h4>\n<\/div>\n<\/div>\n<\/div>\n<\/div>\n<div class=\"elementor-element elementor-element-e24b901 wd-single-content elementor-widget elementor-widget-wd_single_product_content\" data-id=\"e24b901\" data-element_type=\"widget\" data-widget_type=\"wd_single_product_content.default\">\n<div class=\"elementor-widget-container\">\n<p>Referencia: 61602000023<\/p>\n<p>Potente cortac\u00e9sped con conducci\u00f3n y operaci\u00f3n extremas<\/p>","protected":false},"excerpt":{"rendered":"<p>Cortac\u00e9sped con recolectores: gracias a los recolectores, la hierba en los bordes del cortac\u00e9sped se recoge y se lleva a la cuchilla. Esto significa que la superficie del c\u00e9sped debe mantenerse limpia.<br \/>\n-Asiento ajustable con resorte: el asiento se puede ajustar a la constituci\u00f3n del conductor. Se puede ajustar de inmediato y sin herramientas.<br \/>\nTransmisi\u00f3n hidrost\u00e1tica con un solo pedal: con la palanca de control se puede cambiar f\u00e1cilmente de la marcha hacia adelante a la marcha hacia atr\u00e1s, lo que facilita las maniobras r\u00e1pidas. El pedal sensible a la presi\u00f3n permite un control preciso de la velocidad entre la velocidad m\u00e1xima y la detenci\u00f3n. El pedal separado permite una f\u00e1cil detenci\u00f3n.<br \/>\nVaciado sencillo del recogedor de hierba: el recogedor de hierba r\u00edgido en forma de cubo se puede vaciar f\u00e1cilmente sin salir del asiento y es f\u00e1cil de limpiar gracias al dise\u00f1o inteligente.<\/p>","protected":false},"featured_media":7361,"comment_status":"open","ping_status":"closed","template":"","meta":[],"product_brand":[],"product_cat":[144],"product_tag":[],"class_list":{"0":"post-7308","1":"product","2":"type-product","3":"status-publish","4":"has-post-thumbnail","6":"product_cat-autoportees-a-bac-arriere","8":"first","9":"instock","10":"taxable","11":"shipping-taxable","12":"purchasable","13":"product-type-simple"},"_links":{"self":[{"href":"https:\/\/cabashippinginternational.com\/en\/wp-json\/wp\/v2\/product\/7308","targetHints":{"allow":["GET"]}}],"collection":[{"href":"https:\/\/cabashippinginternational.com\/en\/wp-json\/wp\/v2\/product"}],"about":[{"href":"https:\/\/cabashippinginternational.com\/en\/wp-json\/wp\/v2\/types\/product"}],"replies":[{"embeddable":true,"href":"https:\/\/cabashippinginternational.com\/en\/wp-json\/wp\/v2\/comments?post=7308"}],"wp:featuredmedia":[{"embeddable":true,"href":"https:\/\/cabashippinginternational.com\/en\/wp-json\/wp\/v2\/media\/7361"}],"wp:attachment":[{"href":"https:\/\/cabashippinginternational.com\/en\/wp-json\/wp\/v2\/media?parent=7308"}],"wp:term":[{"taxonomy":"product_brand","embeddable":true,"href":"https:\/\/cabashippinginternational.com\/en\/wp-json\/wp\/v2\/product_brand?post=7308"},{"taxonomy":"product_cat","embeddable":true,"href":"https:\/\/cabashippinginternational.com\/en\/wp-json\/wp\/v2\/product_cat?post=7308"},{"taxonomy":"product_tag","embeddable":true,"href":"https:\/\/cabashippinginternational.com\/en\/wp-json\/wp\/v2\/product_tag?post=7308"}],"curies":[{"name":"wp","href":"https:\/\/api.w.org\/{rel}","templated":true}]}}