{"id":7301,"date":"2026-01-07T16:23:28","date_gmt":"2026-01-07T16:23:28","guid":{"rendered":"https:\/\/elektronica-aanhangers-houten.nl\/?post_type=product&#038;p=7301"},"modified":"2026-02-22T03:59:53","modified_gmt":"2026-02-22T03:59:53","slug":"autoportee-rider-stihl-rt4082","status":"publish","type":"product","link":"https:\/\/cabashippinginternational.com\/en\/produit\/autoportee-rider-stihl-rt4082\/","title":{"rendered":"Cortac\u00e9sped Stihl RT4082"},"content":{"rendered":"<div class=\"elementor-element elementor-element-1caffc0 elementor-widget elementor-widget-wd_title\" data-id=\"1caffc0\" data-element_type=\"widget\" data-widget_type=\"wd_title.default\">\n<div class=\"elementor-widget-container\">\n<div class=\"title-wrapper set-mb-s reset-last-child wd-title-color-default wd-title-style-default wd-title-size-default text-left\">\n<div class=\"liner-continer\">\n<h4 class=\"woodmart-title-container-title wd-fontsize-l\">Descripci\u00f3n<\/h4>\n<\/div>\n<\/div>\n<\/div>\n<\/div>\n<div class=\"elementor-element elementor-element-e24b901 wd-single-content elementor-widget elementor-widget-wd_single_product_content\" data-id=\"e24b901\" data-element_type=\"widget\" data-widget_type=\"wd_single_product_content.default\">\n<div class=\"elementor-widget-container\">\n<p>Referencia: 61402000004<\/p>\n<p>Conductor reversible y compacto con alto confort de conducci\u00f3n y operaci\u00f3n. Para el mantenimiento muy preciso de grandes superficies. Cuenta con las siguientes ventajas:<\/p>\n<p>-Ancho de corte: 80 cm<br \/>\n-Superficie: 4.000 m2<br \/>\n-Motor: STIHL EVC 4000<br \/>\n-Perilla \u00f3ptima:<br \/>\n-Acoplamiento de cuchilla electromagn\u00e9tico: las cuchillas de corte se pueden activar o desactivar f\u00e1cilmente desde el tablero.<\/p>\n<\/div>\n<\/div>","protected":false},"excerpt":{"rendered":"<p>Cortadora con recolectores: gracias a los recolectores, la hierba en los bordes de la cortadora se recoge y se lleva a la cuchilla. Esto significa que la superficie del c\u00e9sped debe mantenerse limpia.<br \/>\n-Asiento ajustable con resorte: el asiento se puede ajustar a la constituci\u00f3n del conductor. Se puede ajustar de inmediato y sin herramientas.<br \/>\nTransmisi\u00f3n hidrost\u00e1tica con un solo pedal: con la palanca de control se puede cambiar f\u00e1cilmente de la marcha hacia adelante a la marcha hacia atr\u00e1s, lo que facilita maniobras r\u00e1pidas. El pedal sensible a la presi\u00f3n permite una graduaci\u00f3n precisa de la velocidad entre la m\u00e1xima y la detenci\u00f3n. El pedal separado permite una f\u00e1cil detenci\u00f3n.<br \/>\nF\u00e1cil de colocar: la base gruesa y resistente al desgaste se puede colocar c\u00f3modamente sin quitar la base y es f\u00e1cil de limpiar gracias al dise\u00f1o clean-cut.<\/p>","protected":false},"featured_media":7360,"comment_status":"open","ping_status":"closed","template":"","meta":[],"product_brand":[],"product_cat":[144],"product_tag":[],"class_list":{"0":"post-7301","1":"product","2":"type-product","3":"status-publish","4":"has-post-thumbnail","6":"product_cat-autoportees-a-bac-arriere","8":"first","9":"instock","10":"taxable","11":"shipping-taxable","12":"purchasable","13":"product-type-simple"},"_links":{"self":[{"href":"https:\/\/cabashippinginternational.com\/en\/wp-json\/wp\/v2\/product\/7301","targetHints":{"allow":["GET"]}}],"collection":[{"href":"https:\/\/cabashippinginternational.com\/en\/wp-json\/wp\/v2\/product"}],"about":[{"href":"https:\/\/cabashippinginternational.com\/en\/wp-json\/wp\/v2\/types\/product"}],"replies":[{"embeddable":true,"href":"https:\/\/cabashippinginternational.com\/en\/wp-json\/wp\/v2\/comments?post=7301"}],"wp:featuredmedia":[{"embeddable":true,"href":"https:\/\/cabashippinginternational.com\/en\/wp-json\/wp\/v2\/media\/7360"}],"wp:attachment":[{"href":"https:\/\/cabashippinginternational.com\/en\/wp-json\/wp\/v2\/media?parent=7301"}],"wp:term":[{"taxonomy":"product_brand","embeddable":true,"href":"https:\/\/cabashippinginternational.com\/en\/wp-json\/wp\/v2\/product_brand?post=7301"},{"taxonomy":"product_cat","embeddable":true,"href":"https:\/\/cabashippinginternational.com\/en\/wp-json\/wp\/v2\/product_cat?post=7301"},{"taxonomy":"product_tag","embeddable":true,"href":"https:\/\/cabashippinginternational.com\/en\/wp-json\/wp\/v2\/product_tag?post=7301"}],"curies":[{"name":"wp","href":"https:\/\/api.w.org\/{rel}","templated":true}]}}