{"id":7292,"date":"2026-01-07T16:23:01","date_gmt":"2026-01-07T16:23:01","guid":{"rendered":"https:\/\/elektronica-aanhangers-houten.nl\/?post_type=product&#038;p=7292"},"modified":"2026-02-22T04:00:30","modified_gmt":"2026-02-22T04:00:30","slug":"tronconneuse-thermique-stihl-ms-661-c-m-w-63cm","status":"publish","type":"product","link":"https:\/\/cabashippinginternational.com\/en\/produit\/tronconneuse-thermique-stihl-ms-661-c-m-w-63cm\/","title":{"rendered":"Motosierra t\u00e9rmica STIHL MS 661 C-M W 63cm"},"content":{"rendered":"<div class=\"elementor-element elementor-element-1caffc0 elementor-widget elementor-widget-wd_title\" data-id=\"1caffc0\" data-element_type=\"widget\" data-widget_type=\"wd_title.default\">\n<div class=\"elementor-widget-container\">\n<div class=\"title-wrapper set-mb-s reset-last-child wd-title-color-default wd-title-style-default wd-title-size-default text-left\">\n<div class=\"liner-continer\">\n<h4 class=\"woodmart-title-container-title wd-fontsize-l\">Descripci\u00f3n<\/h4>\n<\/div>\n<\/div>\n<\/div>\n<\/div>\n<div class=\"elementor-element elementor-element-e24b901 wd-single-content elementor-widget elementor-widget-wd_single_product_content\" data-id=\"e24b901\" data-element_type=\"widget\" data-widget_type=\"wd_single_product_content.default\">\n<div class=\"elementor-widget-container\">\n<p>Motosierra de competici\u00f3n de la serie STIHL TIMBERSPORTS\u00ae con un arranque f\u00e1cil y un rendimiento \u00f3ptimo del motor gracias a la STIHL M-Tronic, pero tambi\u00e9n con calefacci\u00f3n el\u00e9ctrica del mango (W) para manos calientes y un mejor agarre en invierno.<\/p>\n<p><em>versi\u00f3n de confort: con calefacci\u00f3n el\u00e9ctrica del mango (W)<\/em>.<\/p>\n<p>&nbsp;<\/p>\n<p>&nbsp;<\/p>\n<\/div>\n<\/div>","protected":false},"excerpt":{"rendered":"<p>Sierra de cadena de gasolina ultraperformante con la \u00faltima tecnolog\u00eda 2-MIX, calefacci\u00f3n del mango (W) y STIHL M-Tronic (M). Regulaci\u00f3n electr\u00f3nica de la dosificaci\u00f3n de combustible y ajuste autom\u00e1tico a las condiciones ambientales. La motosierra siempre tiene la potencia \u00f3ptima. Dise\u00f1ada para condiciones extremas. \u00d3ptima relaci\u00f3n potencia-peso. Bajo nivel de vibraciones. Filtro de aire HD2 con sellado radial. La mejor soluci\u00f3n para una zonificaci\u00f3n eficiente.<\/p>","protected":false},"featured_media":7347,"comment_status":"open","ping_status":"closed","template":"","meta":[],"product_brand":[],"product_cat":[143],"product_tag":[],"class_list":{"0":"post-7292","1":"product","2":"type-product","3":"status-publish","4":"has-post-thumbnail","6":"product_cat-tronconneuses","8":"first","9":"instock","10":"taxable","11":"shipping-taxable","12":"purchasable","13":"product-type-simple"},"_links":{"self":[{"href":"https:\/\/cabashippinginternational.com\/en\/wp-json\/wp\/v2\/product\/7292","targetHints":{"allow":["GET"]}}],"collection":[{"href":"https:\/\/cabashippinginternational.com\/en\/wp-json\/wp\/v2\/product"}],"about":[{"href":"https:\/\/cabashippinginternational.com\/en\/wp-json\/wp\/v2\/types\/product"}],"replies":[{"embeddable":true,"href":"https:\/\/cabashippinginternational.com\/en\/wp-json\/wp\/v2\/comments?post=7292"}],"wp:featuredmedia":[{"embeddable":true,"href":"https:\/\/cabashippinginternational.com\/en\/wp-json\/wp\/v2\/media\/7347"}],"wp:attachment":[{"href":"https:\/\/cabashippinginternational.com\/en\/wp-json\/wp\/v2\/media?parent=7292"}],"wp:term":[{"taxonomy":"product_brand","embeddable":true,"href":"https:\/\/cabashippinginternational.com\/en\/wp-json\/wp\/v2\/product_brand?post=7292"},{"taxonomy":"product_cat","embeddable":true,"href":"https:\/\/cabashippinginternational.com\/en\/wp-json\/wp\/v2\/product_cat?post=7292"},{"taxonomy":"product_tag","embeddable":true,"href":"https:\/\/cabashippinginternational.com\/en\/wp-json\/wp\/v2\/product_tag?post=7292"}],"curies":[{"name":"wp","href":"https:\/\/api.w.org\/{rel}","templated":true}]}}