{"id":7291,"date":"2026-01-07T16:23:00","date_gmt":"2026-01-07T16:23:00","guid":{"rendered":"https:\/\/elektronica-aanhangers-houten.nl\/?post_type=product&#038;p=7291"},"modified":"2026-02-22T04:00:40","modified_gmt":"2026-02-22T04:00:40","slug":"tronconneuse-thermique-stihl-ms-462-c-m-vw","status":"publish","type":"product","link":"https:\/\/cabashippinginternational.com\/en\/produit\/tronconneuse-thermique-stihl-ms-462-c-m-vw\/","title":{"rendered":"STIHL MS 462 C-M VW motosierra de gasolina"},"content":{"rendered":"<div class=\"elementor-element elementor-element-1caffc0 elementor-widget elementor-widget-wd_title\" data-id=\"1caffc0\" data-element_type=\"widget\" data-widget_type=\"wd_title.default\">\n<div class=\"elementor-widget-container\">\n<div class=\"title-wrapper set-mb-s reset-last-child wd-title-color-default wd-title-style-default wd-title-size-default text-left\">\n<div class=\"liner-continer\">\n<h4 class=\"woodmart-title-container-title wd-fontsize-l\">Descripci\u00f3n<\/h4>\n<\/div>\n<\/div>\n<\/div>\n<\/div>\n<div class=\"elementor-element elementor-element-e24b901 wd-single-content elementor-widget elementor-widget-wd_single_product_content\" data-id=\"e24b901\" data-element_type=\"widget\" data-widget_type=\"wd_single_product_content.default\">\n<div class=\"elementor-widget-container\">\n<p>Motosierra t\u00e9rmica ligera y potente para trabajos forestales. F\u00e1cil de arrancar y con un rendimiento \u00f3ptimo del motor gracias a la STIHL M-Tronic y tambi\u00e9n con calefacci\u00f3n de mango y carburador (VW).<\/p>\n<p>Motosierra de gasolina muy potente y ligera con calefacci\u00f3n de mango y carburador. Con motor 2-MIX eficiente. La STIHL M-Tronic garantiza un rendimiento \u00f3ptimo del motor en todo momento y un arranque f\u00e1cil gracias a una \u00fanica posici\u00f3n de arranque y bot\u00f3n de parada. Bomba de aceite potente con caudal regulable para un rendimiento excelente, filtro HD2 con sellado radial y tapones de tanque que se pueden abrir sin herramientas para un repostaje f\u00e1cil y seguro.<\/p>\n<\/div>\n<\/div>","protected":false},"excerpt":{"rendered":"<p>El mango redondeado optimizado y la nueva geometr\u00eda de la garra hacen que el trabajo sea menos fatigoso y que la motosierra sea m\u00e1s f\u00e1cil de manejar.<\/p>\n<p><Entregado con:<\/strong>&#8211; una<br \/>\n<strong>&#8211; una cadena Rapid Super de 3\/8\u2033<\/strong><br \/>\n<strong>&#8211; una gu\u00eda Rollo ES de 50 cm<\/strong><br \/>\n<strong>&#8211; un protector de hoja STIHL<\/strong><\/p>","protected":false},"featured_media":7346,"comment_status":"open","ping_status":"closed","template":"","meta":[],"product_brand":[],"product_cat":[143],"product_tag":[],"class_list":{"0":"post-7291","1":"product","2":"type-product","3":"status-publish","4":"has-post-thumbnail","6":"product_cat-tronconneuses","8":"first","9":"instock","10":"taxable","11":"shipping-taxable","12":"purchasable","13":"product-type-simple"},"_links":{"self":[{"href":"https:\/\/cabashippinginternational.com\/en\/wp-json\/wp\/v2\/product\/7291","targetHints":{"allow":["GET"]}}],"collection":[{"href":"https:\/\/cabashippinginternational.com\/en\/wp-json\/wp\/v2\/product"}],"about":[{"href":"https:\/\/cabashippinginternational.com\/en\/wp-json\/wp\/v2\/types\/product"}],"replies":[{"embeddable":true,"href":"https:\/\/cabashippinginternational.com\/en\/wp-json\/wp\/v2\/comments?post=7291"}],"wp:featuredmedia":[{"embeddable":true,"href":"https:\/\/cabashippinginternational.com\/en\/wp-json\/wp\/v2\/media\/7346"}],"wp:attachment":[{"href":"https:\/\/cabashippinginternational.com\/en\/wp-json\/wp\/v2\/media?parent=7291"}],"wp:term":[{"taxonomy":"product_brand","embeddable":true,"href":"https:\/\/cabashippinginternational.com\/en\/wp-json\/wp\/v2\/product_brand?post=7291"},{"taxonomy":"product_cat","embeddable":true,"href":"https:\/\/cabashippinginternational.com\/en\/wp-json\/wp\/v2\/product_cat?post=7291"},{"taxonomy":"product_tag","embeddable":true,"href":"https:\/\/cabashippinginternational.com\/en\/wp-json\/wp\/v2\/product_tag?post=7291"}],"curies":[{"name":"wp","href":"https:\/\/api.w.org\/{rel}","templated":true}]}}