{"id":7290,"date":"2026-01-07T16:23:00","date_gmt":"2026-01-07T16:23:00","guid":{"rendered":"https:\/\/elektronica-aanhangers-houten.nl\/?post_type=product&#038;p=7290"},"modified":"2026-02-22T04:00:49","modified_gmt":"2026-02-22T04:00:49","slug":"tronconneuse-thermique-stihl-ms-881","status":"publish","type":"product","link":"https:\/\/cabashippinginternational.com\/en\/produit\/tronconneuse-thermique-stihl-ms-881\/","title":{"rendered":"STIHL MS 881 motosierra de gasolina"},"content":{"rendered":"<div class=\"elementor-element elementor-element-1caffc0 elementor-widget elementor-widget-wd_title\" data-id=\"1caffc0\" data-element_type=\"widget\" data-widget_type=\"wd_title.default\">\n<div class=\"elementor-widget-container\">\n<div class=\"title-wrapper set-mb-s reset-last-child wd-title-color-default wd-title-style-default wd-title-size-default text-left\">\n<div class=\"liner-continer\">\n<h4 class=\"woodmart-title-container-title wd-fontsize-l\">Descripci\u00f3n<\/h4>\n<\/div>\n<\/div>\n<\/div>\n<\/div>\n<div class=\"elementor-element elementor-element-e24b901 wd-single-content elementor-widget elementor-widget-wd_single_product_content\" data-id=\"e24b901\" data-element_type=\"widget\" data-widget_type=\"wd_single_product_content.default\">\n<div class=\"elementor-widget-container\">\n<p>La MS 881 es la motosierra de producci\u00f3n m\u00e1s potente del mundo. Su rendimiento satisface las necesidades de los le\u00f1adores m\u00e1s exigentes gracias a su fiabilidad y robustez.<\/p>\n<p>Con una cilindrada de 121,6 cm\u00b3 y una potencia de 6,4 kW, la motosierra de gasolina STIHL MS 881 es la m\u00e1s potente de serie producida en el mundo. Con su excepcional potencia, convence por sus capacidades para la tala profesional de grandes \u00e1rboles y para trabajos de aserrado m\u00f3vil. El moderno motor 2-MIX garantiza unas emisiones que cumplen con las normativas y un consumo de combustible relativamente bajo. La MS 881 es extremadamente f\u00e1cil de mantener. Gracias a la conexi\u00f3n de diagn\u00f3stico, se pueden verificar los principales datos de la m\u00e1quina.<\/p>","protected":false},"excerpt":{"rendered":"<p><strong>Entregado con:<\/strong><\/p>\n<p class=\"p1\"><strong>&#8211; una cadena .404\u2033 RS<\/strong><br \/>\n<strong>&#8211; un gu\u00eda Rollo ES<\/strong><br \/>\n<strong>&#8211; una tapa protectora de gu\u00eda STIHL<\/strong><\/p>\n<p class=\"p1\"><b>&#8211;<span class=\"Apple-converted-space\"> <\/span>-un gu\u00eda gratis a elecci\u00f3n: 63, 75 o 90 cm (se indicar\u00e1 por correo electr\u00f3nico tras su pedido o en su comprobante de pedido)<\/b><\/p>","protected":false},"featured_media":7343,"comment_status":"open","ping_status":"closed","template":"","meta":[],"product_brand":[],"product_cat":[143],"product_tag":[],"class_list":{"0":"post-7290","1":"product","2":"type-product","3":"status-publish","4":"has-post-thumbnail","6":"product_cat-tronconneuses","8":"first","9":"instock","10":"taxable","11":"shipping-taxable","12":"purchasable","13":"product-type-simple"},"_links":{"self":[{"href":"https:\/\/cabashippinginternational.com\/en\/wp-json\/wp\/v2\/product\/7290","targetHints":{"allow":["GET"]}}],"collection":[{"href":"https:\/\/cabashippinginternational.com\/en\/wp-json\/wp\/v2\/product"}],"about":[{"href":"https:\/\/cabashippinginternational.com\/en\/wp-json\/wp\/v2\/types\/product"}],"replies":[{"embeddable":true,"href":"https:\/\/cabashippinginternational.com\/en\/wp-json\/wp\/v2\/comments?post=7290"}],"wp:featuredmedia":[{"embeddable":true,"href":"https:\/\/cabashippinginternational.com\/en\/wp-json\/wp\/v2\/media\/7343"}],"wp:attachment":[{"href":"https:\/\/cabashippinginternational.com\/en\/wp-json\/wp\/v2\/media?parent=7290"}],"wp:term":[{"taxonomy":"product_brand","embeddable":true,"href":"https:\/\/cabashippinginternational.com\/en\/wp-json\/wp\/v2\/product_brand?post=7290"},{"taxonomy":"product_cat","embeddable":true,"href":"https:\/\/cabashippinginternational.com\/en\/wp-json\/wp\/v2\/product_cat?post=7290"},{"taxonomy":"product_tag","embeddable":true,"href":"https:\/\/cabashippinginternational.com\/en\/wp-json\/wp\/v2\/product_tag?post=7290"}],"curies":[{"name":"wp","href":"https:\/\/api.w.org\/{rel}","templated":true}]}}