{"id":7281,"date":"2026-01-07T16:22:37","date_gmt":"2026-01-07T16:22:37","guid":{"rendered":"https:\/\/elektronica-aanhangers-houten.nl\/?post_type=product&#038;p=7281"},"modified":"2026-02-22T04:01:17","modified_gmt":"2026-02-22T04:01:17","slug":"tronconneuse-thermique-stihl-ms-362-c-m-40-a-50-cm","status":"publish","type":"product","link":"https:\/\/cabashippinginternational.com\/en\/produit\/tronconneuse-thermique-stihl-ms-362-c-m-40-a-50-cm\/","title":{"rendered":"STIHL MS 362 C-M motosierra de gasolina de 40 a 50 cm"},"content":{"rendered":"<div class=\"elementor-element elementor-element-1caffc0 elementor-widget elementor-widget-wd_title\" data-id=\"1caffc0\" data-element_type=\"widget\" data-widget_type=\"wd_title.default\">\n<div class=\"elementor-widget-container\">\n<div class=\"title-wrapper set-mb-s reset-last-child wd-title-color-default wd-title-style-default wd-title-size-default text-left\">\n<div class=\"liner-continer\">\n<h4 class=\"woodmart-title-container-title wd-fontsize-l\">Descripci\u00f3n<\/h4>\n<\/div>\n<\/div>\n<\/div>\n<\/div>\n<div class=\"elementor-element elementor-element-e24b901 wd-single-content elementor-widget elementor-widget-wd_single_product_content\" data-id=\"e24b901\" data-element_type=\"widget\" data-widget_type=\"wd_single_product_content.default\">\n<div class=\"elementor-widget-container\">\n<p>Es m\u00e1s potente, m\u00e1s ligero y a\u00fan m\u00e1s vers\u00e1til, ofreciendo un rendimiento sin precedentes con un peso total de solo 5,6 kg. Es ideal para silvicultores, desbrozadores, paisajistas y agricultores que quieren lo mejor de la tecnolog\u00eda STIHL sin compromisos.<\/p>\n<p>Motosierra moderna y potente de 3,5 kW con motor de 2-MIX y M-Tronic. Dosificaci\u00f3n electr\u00f3nica de combustible y ajuste autom\u00e1tico a las condiciones ambientales. La motosierra siempre se beneficia de una potencia \u00f3ptima del motor. Con sistema de filtros HD2. Reduce el consumo de combustible hasta un 20% y las emisiones de gases de escape hasta un 50% en comparaci\u00f3n con los motores de dos tiempos convencionales sin tecnolog\u00eda 2-MIX. Muy efectiva para todos los trabajos en madera semidura.<\/p>\n<p c","protected":false},"excerpt":{"rendered":"<p><strong>Entregado con:<\/strong><br \/>\n<strong>&#8211; una cadena de 3\/8\u2033<\/strong><br \/>\n<strong>&#8211; una hoja de sierra Rollo E<\/strong><br \/>\n<strong>&#8211; una hoja de sierra STIHL<\/strong>  <\/p>\n<p class=\"p1\"><strong>&#8211;<span class=\"Apple-converted-space\"> <\/span>-un gu\u00eda gratis a elecci\u00f3n: 40, 45 o 50 cm (a mencionar por correo electr\u00f3nico despu\u00e9s de su pedido o en su orden)<\/strong><\/p>","protected":false},"featured_media":7337,"comment_status":"open","ping_status":"closed","template":"","meta":[],"product_brand":[],"product_cat":[143],"product_tag":[],"class_list":{"0":"post-7281","1":"product","2":"type-product","3":"status-publish","4":"has-post-thumbnail","6":"product_cat-tronconneuses","8":"first","9":"instock","10":"taxable","11":"shipping-taxable","12":"purchasable","13":"product-type-simple"},"_links":{"self":[{"href":"https:\/\/cabashippinginternational.com\/en\/wp-json\/wp\/v2\/product\/7281","targetHints":{"allow":["GET"]}}],"collection":[{"href":"https:\/\/cabashippinginternational.com\/en\/wp-json\/wp\/v2\/product"}],"about":[{"href":"https:\/\/cabashippinginternational.com\/en\/wp-json\/wp\/v2\/types\/product"}],"replies":[{"embeddable":true,"href":"https:\/\/cabashippinginternational.com\/en\/wp-json\/wp\/v2\/comments?post=7281"}],"wp:featuredmedia":[{"embeddable":true,"href":"https:\/\/cabashippinginternational.com\/en\/wp-json\/wp\/v2\/media\/7337"}],"wp:attachment":[{"href":"https:\/\/cabashippinginternational.com\/en\/wp-json\/wp\/v2\/media?parent=7281"}],"wp:term":[{"taxonomy":"product_brand","embeddable":true,"href":"https:\/\/cabashippinginternational.com\/en\/wp-json\/wp\/v2\/product_brand?post=7281"},{"taxonomy":"product_cat","embeddable":true,"href":"https:\/\/cabashippinginternational.com\/en\/wp-json\/wp\/v2\/product_cat?post=7281"},{"taxonomy":"product_tag","embeddable":true,"href":"https:\/\/cabashippinginternational.com\/en\/wp-json\/wp\/v2\/product_tag?post=7281"}],"curies":[{"name":"wp","href":"https:\/\/api.w.org\/{rel}","templated":true}]}}