{"id":7274,"date":"2026-01-07T16:22:11","date_gmt":"2026-01-07T16:22:11","guid":{"rendered":"https:\/\/elektronica-aanhangers-houten.nl\/?post_type=product&#038;p=7274"},"modified":"2026-02-22T04:01:54","modified_gmt":"2026-02-22T04:01:54","slug":"tronconneuse-thermique-stihl-ms-400-c-m","status":"publish","type":"product","link":"https:\/\/cabashippinginternational.com\/en\/produit\/tronconneuse-thermique-stihl-ms-400-c-m\/","title":{"rendered":"STIHL MS 400 C-M motosierra de gasolina"},"content":{"rendered":"<div class=\"elementor-element elementor-element-1caffc0 elementor-widget elementor-widget-wd_title\" data-id=\"1caffc0\" data-element_type=\"widget\" data-widget_type=\"wd_title.default\">\n<div class=\"elementor-widget-container\">\n<div class=\"title-wrapper set-mb-s reset-last-child wd-title-color-default wd-title-style-default wd-title-size-default text-left\">\n<div class=\"liner-continer\">\n<h4 class=\"woodmart-title-container-title wd-fontsize-l\">Descripci\u00f3n<\/h4>\n<\/div>\n<\/div>\n<\/div>\n<\/div>\n<div class=\"elementor-element elementor-element-e24b901 wd-single-content elementor-widget elementor-widget-wd_single_product_content\" data-id=\"e24b901\" data-element_type=\"widget\" data-widget_type=\"wd_single_product_content.default\">\n<div class=\"elementor-widget-container\">\n<p>Motosierra STIHL MS 400 C-M con excelentes prestaciones de corte para uso profesional en bosques. La primera motosierra con un pist\u00f3n de magnesio para una excelente relaci\u00f3n potencia-peso.<\/p>\n<p>La potente MS 400 C-M es la primera motosierra del mundo con un pist\u00f3n de magnesio. En combinaci\u00f3n con una alimentaci\u00f3n ligera y eficiente, proporciona un consumo de energ\u00eda extremadamente bajo de m\u00ednimo 1,45 kg\/kW. La motosierra de gasolina MS 400 C-M es tambi\u00e9n la primera m\u00e1quina con un nuevo motor de 67 cm\u00b3 con una potencia de 4,0 kW que fue completamente dise\u00f1ado por STIHL. Esta potente motosierra de gasolina est\u00e1 muy bien equipada y es f\u00e1cil de arrancar gracias al sistema STIHL M-Tronic. La MS 400 C-M est\u00e1 perfecta en su elemento, v<\/p>","protected":false},"excerpt":{"rendered":"<p><strong>Entregado con:<\/strong><br \/>\n<strong>&#8211; una cadena de 3\/8\u2033<\/strong><br \/>\n<strong>&#8211; una hoja de sierra Rollo<\/strong><br \/>\n<strong>&#8211; una hoja de sierra STIHL<\/strong><\/p>\n<p class=\"p1\"><strong>&#8211;<span class=\"Apple-converted-space\"> <\/span>un gu\u00eda gratis a elecci\u00f3n: 45, 50 o 55 cm (a mencionar por correo electr\u00f3nico despu\u00e9s de su pedido o en su orden)<\/strong><\/p>","protected":false},"featured_media":7329,"comment_status":"open","ping_status":"closed","template":"","meta":[],"product_brand":[],"product_cat":[143],"product_tag":[],"class_list":{"0":"post-7274","1":"product","2":"type-product","3":"status-publish","4":"has-post-thumbnail","6":"product_cat-tronconneuses","8":"first","9":"instock","10":"taxable","11":"shipping-taxable","12":"purchasable","13":"product-type-simple"},"_links":{"self":[{"href":"https:\/\/cabashippinginternational.com\/en\/wp-json\/wp\/v2\/product\/7274","targetHints":{"allow":["GET"]}}],"collection":[{"href":"https:\/\/cabashippinginternational.com\/en\/wp-json\/wp\/v2\/product"}],"about":[{"href":"https:\/\/cabashippinginternational.com\/en\/wp-json\/wp\/v2\/types\/product"}],"replies":[{"embeddable":true,"href":"https:\/\/cabashippinginternational.com\/en\/wp-json\/wp\/v2\/comments?post=7274"}],"wp:featuredmedia":[{"embeddable":true,"href":"https:\/\/cabashippinginternational.com\/en\/wp-json\/wp\/v2\/media\/7329"}],"wp:attachment":[{"href":"https:\/\/cabashippinginternational.com\/en\/wp-json\/wp\/v2\/media?parent=7274"}],"wp:term":[{"taxonomy":"product_brand","embeddable":true,"href":"https:\/\/cabashippinginternational.com\/en\/wp-json\/wp\/v2\/product_brand?post=7274"},{"taxonomy":"product_cat","embeddable":true,"href":"https:\/\/cabashippinginternational.com\/en\/wp-json\/wp\/v2\/product_cat?post=7274"},{"taxonomy":"product_tag","embeddable":true,"href":"https:\/\/cabashippinginternational.com\/en\/wp-json\/wp\/v2\/product_tag?post=7274"}],"curies":[{"name":"wp","href":"https:\/\/api.w.org\/{rel}","templated":true}]}}