{"id":7266,"date":"2026-01-07T16:21:33","date_gmt":"2026-01-07T16:21:33","guid":{"rendered":"https:\/\/elektronica-aanhangers-houten.nl\/?post_type=product&#038;p=7266"},"modified":"2026-02-22T04:02:18","modified_gmt":"2026-02-22T04:02:18","slug":"tronconneuse-thermique-stihl-ms-271-45cm","status":"publish","type":"product","link":"https:\/\/cabashippinginternational.com\/en\/produit\/tronconneuse-thermique-stihl-ms-271-45cm\/","title":{"rendered":"STIHL MS 271 motosierra de gasolina de 45 cm"},"content":{"rendered":"<div class=\"elementor-element elementor-element-1caffc0 elementor-widget elementor-widget-wd_title\" data-id=\"1caffc0\" data-element_type=\"widget\" data-widget_type=\"wd_title.default\">\n<div class=\"elementor-widget-container\">\n<div class=\"title-wrapper set-mb-s reset-last-child wd-title-color-default wd-title-style-default wd-title-size-default text-left\">\n<div class=\"liner-continer\">\n<h4 class=\"woodmart-title-container-title wd-fontsize-l\">Descripci\u00f3n<\/h4>\n<\/div>\n<\/div>\n<\/div>\n<\/div>\n<div class=\"elementor-element elementor-element-e24b901 wd-single-content elementor-widget elementor-widget-wd_single_product_content\" data-id=\"e24b901\" data-element_type=\"widget\" data-widget_type=\"wd_single_product_content.default\">\n<div class=\"elementor-widget-container\">\n<p>Motosierra t\u00e9rmica para cortar le\u00f1a. El sistema de filtro de aire Longlife garantiza una larga vida \u00fatil del filtro, cierre del tanque sin herramientas para un llenado f\u00e1cil y seguro, acceso r\u00e1pido para mantenimiento gracias a la tapa del motor de una sola pieza. Con la hoja de sierra Light 04 en un dise\u00f1o innovador y nueva cadena .325\u2033-RM3 Pro para una potencia de corte superior.<\/p>\n<p>&nbsp;<\/p>\n<\/div>\n<\/div>","protected":false},"excerpt":{"rendered":"<p><strong>Entregado con:<\/strong><\/p>\n<p>&#8211; una valla de 35 cm<br \/>\n&#8211; una cadena de 325\u2033 Rapid Micro 3 PRO con un grosor de 1,3 mm<br \/>\n&#8211; una hoja de sierra de 45 cm Light 04<br \/>\n&#8211; un protector de hoja de sierra STIHL<\/p>","protected":false},"featured_media":7323,"comment_status":"open","ping_status":"closed","template":"","meta":[],"product_brand":[],"product_cat":[143],"product_tag":[],"class_list":{"0":"post-7266","1":"product","2":"type-product","3":"status-publish","4":"has-post-thumbnail","6":"product_cat-tronconneuses","8":"first","9":"instock","10":"taxable","11":"shipping-taxable","12":"purchasable","13":"product-type-simple"},"_links":{"self":[{"href":"https:\/\/cabashippinginternational.com\/en\/wp-json\/wp\/v2\/product\/7266","targetHints":{"allow":["GET"]}}],"collection":[{"href":"https:\/\/cabashippinginternational.com\/en\/wp-json\/wp\/v2\/product"}],"about":[{"href":"https:\/\/cabashippinginternational.com\/en\/wp-json\/wp\/v2\/types\/product"}],"replies":[{"embeddable":true,"href":"https:\/\/cabashippinginternational.com\/en\/wp-json\/wp\/v2\/comments?post=7266"}],"wp:featuredmedia":[{"embeddable":true,"href":"https:\/\/cabashippinginternational.com\/en\/wp-json\/wp\/v2\/media\/7323"}],"wp:attachment":[{"href":"https:\/\/cabashippinginternational.com\/en\/wp-json\/wp\/v2\/media?parent=7266"}],"wp:term":[{"taxonomy":"product_brand","embeddable":true,"href":"https:\/\/cabashippinginternational.com\/en\/wp-json\/wp\/v2\/product_brand?post=7266"},{"taxonomy":"product_cat","embeddable":true,"href":"https:\/\/cabashippinginternational.com\/en\/wp-json\/wp\/v2\/product_cat?post=7266"},{"taxonomy":"product_tag","embeddable":true,"href":"https:\/\/cabashippinginternational.com\/en\/wp-json\/wp\/v2\/product_tag?post=7266"}],"curies":[{"name":"wp","href":"https:\/\/api.w.org\/{rel}","templated":true}]}}