{"id":7260,"date":"2026-01-07T16:21:06","date_gmt":"2026-01-07T16:21:06","guid":{"rendered":"https:\/\/elektronica-aanhangers-houten.nl\/?post_type=product&#038;p=7260"},"modified":"2026-02-22T04:02:44","modified_gmt":"2026-02-22T04:02:44","slug":"tronconneuse-thermique-stihl-ms-261-c-m-vw","status":"publish","type":"product","link":"https:\/\/cabashippinginternational.com\/en\/produit\/tronconneuse-thermique-stihl-ms-261-c-m-vw\/","title":{"rendered":"STIHL MS 261 C-M VW motosierra de gasolina"},"content":{"rendered":"<div class=\"elementor-element elementor-element-1caffc0 elementor-widget elementor-widget-wd_title\" data-id=\"1caffc0\" data-element_type=\"widget\" data-widget_type=\"wd_title.default\">\n<div class=\"elementor-widget-container\">\n<div class=\"title-wrapper set-mb-s reset-last-child wd-title-color-default wd-title-style-default wd-title-size-default text-left\">\n<div class=\"liner-continer\">\n<h4 class=\"woodmart-title-container-title wd-fontsize-l\">Descripci\u00f3n<\/h4>\n<\/div>\n<\/div>\n<\/div>\n<\/div>\n<div class=\"elementor-element elementor-element-e24b901 wd-single-content elementor-widget elementor-widget-wd_single_product_content\" data-id=\"e24b901\" data-element_type=\"widget\" data-widget_type=\"wd_single_product_content.default\">\n<div class=\"elementor-widget-container\">\n<div class=\"detail_product__description\">\n<p>Al igual que la MS 261 C-M, la VW MS 261 C-M est\u00e1 equipada con calefacci\u00f3n el\u00e9ctrica para el mango (W) y el carburador (V) para mayor comodidad cuando las temperaturas bajan.<\/p>\n<p><em>Versi\u00f3n de confort: con calefacci\u00f3n el\u00e9ctrica para el mango (W) y el carburador (V)<\/em>.<\/p>\n<p>Motosierra t\u00e9rmica, ideal para trabajar en plantaciones peque\u00f1as y medianas. Equipado de serie con STIHL M-Tronic, siempre un rendimiento \u00f3ptimo del motor, f\u00e1cil arranque con una posici\u00f3n de arranque y un bot\u00f3n de parada, sistema de filtrado de aire de larga duraci\u00f3n y filtro HD2 para largos intervalos de limpieza, tuerca de bloqueo en la tapa del pi\u00f1\u00f3n. La calefacci\u00f3n el\u00e9ctrica del carburador (V) evita la formaci\u00f3n de hielo en el carburador en<\/p>","protected":false},"excerpt":{"rendered":"<p><strong>Entregado con:<\/strong><br \/>\n<strong>&#8211; una cadena Rapid Micro 3 de .325\u2033<\/strong><br \/>\n<strong>&#8211; un riel Rollo E de 45 cm<\/strong><br \/>\n<strong>&#8211; una hoja de sierra STIHL<\/strong><\/p>","protected":false},"featured_media":7316,"comment_status":"open","ping_status":"closed","template":"","meta":[],"product_brand":[],"product_cat":[143],"product_tag":[],"class_list":{"0":"post-7260","1":"product","2":"type-product","3":"status-publish","4":"has-post-thumbnail","6":"product_cat-tronconneuses","8":"first","9":"instock","10":"taxable","11":"shipping-taxable","12":"purchasable","13":"product-type-simple"},"_links":{"self":[{"href":"https:\/\/cabashippinginternational.com\/en\/wp-json\/wp\/v2\/product\/7260","targetHints":{"allow":["GET"]}}],"collection":[{"href":"https:\/\/cabashippinginternational.com\/en\/wp-json\/wp\/v2\/product"}],"about":[{"href":"https:\/\/cabashippinginternational.com\/en\/wp-json\/wp\/v2\/types\/product"}],"replies":[{"embeddable":true,"href":"https:\/\/cabashippinginternational.com\/en\/wp-json\/wp\/v2\/comments?post=7260"}],"wp:featuredmedia":[{"embeddable":true,"href":"https:\/\/cabashippinginternational.com\/en\/wp-json\/wp\/v2\/media\/7316"}],"wp:attachment":[{"href":"https:\/\/cabashippinginternational.com\/en\/wp-json\/wp\/v2\/media?parent=7260"}],"wp:term":[{"taxonomy":"product_brand","embeddable":true,"href":"https:\/\/cabashippinginternational.com\/en\/wp-json\/wp\/v2\/product_brand?post=7260"},{"taxonomy":"product_cat","embeddable":true,"href":"https:\/\/cabashippinginternational.com\/en\/wp-json\/wp\/v2\/product_cat?post=7260"},{"taxonomy":"product_tag","embeddable":true,"href":"https:\/\/cabashippinginternational.com\/en\/wp-json\/wp\/v2\/product_tag?post=7260"}],"curies":[{"name":"wp","href":"https:\/\/api.w.org\/{rel}","templated":true}]}}