{"id":7254,"date":"2026-01-07T16:20:41","date_gmt":"2026-01-07T16:20:41","guid":{"rendered":"https:\/\/elektronica-aanhangers-houten.nl\/?post_type=product&#038;p=7254"},"modified":"2026-02-22T04:03:16","modified_gmt":"2026-02-22T04:03:16","slug":"tronconneuse-thermique-stihl-ms-201-t-cm-35cm","status":"publish","type":"product","link":"https:\/\/cabashippinginternational.com\/en\/produit\/tronconneuse-thermique-stihl-ms-201-t-cm-35cm\/","title":{"rendered":"STIHL MS 201 T-CM motosierra de gasolina de 35 cm"},"content":{"rendered":"<div class=\"elementor-element elementor-element-1caffc0 elementor-widget elementor-widget-wd_title\" data-id=\"1caffc0\" data-element_type=\"widget\" data-widget_type=\"wd_title.default\">\n<div class=\"elementor-widget-container\">\n<div class=\"title-wrapper set-mb-s reset-last-child wd-title-color-default wd-title-style-default wd-title-size-default text-left\">\n<div class=\"liner-continer\">\n<h4 class=\"woodmart-title-container-title wd-fontsize-l\">Descripci\u00f3n<\/h4>\n<\/div>\n<\/div>\n<\/div>\n<\/div>\n<div class=\"elementor-element elementor-element-e24b901 wd-single-content elementor-widget elementor-widget-wd_single_product_content\" data-id=\"e24b901\" data-element_type=\"widget\" data-widget_type=\"wd_single_product_content.default\">\n<div class=\"elementor-widget-container\">\n<p><strong>Advertencia: Esta motosierra est\u00e1 destinada a usuarios profesionales que han sido capacitados en poda. Usar sin la capacitaci\u00f3n adecuada puede resultar en lesiones graves.<\/strong><\/p>\n<p>Motosierra de poda potente. Equipado de serie con M-Tronic, para un rendimiento \u00f3ptimo del motor desde el inicio, motor 2-MIX eficiente, tuerca de bloqueo en la tapa del pi\u00f1\u00f3n para un r\u00e1pido reemplazo de la cadena, hoja de sierra ligera para reducir el peso total, equipado de serie con cadena de 3\/8&#8243;.<\/p>\n<p>&nbsp;<\/p>\n<ul>\n<li><\/li>\n<\/ul>\n<\/div>\n<\/div>","protected":false},"excerpt":{"rendered":"<p><strong>Entregado con:<\/strong><\/p>\n<ul>\n<li><strong>una hoja de sierra de 35 cm<\/strong><\/li>\n<li><strong>una cadena 3\/8\u2033 Picco Micro 3<\/strong><\/li>\n<li><strong>un gu\u00eda Rollo E Light de 35 cm<\/strong><\/li>\n<li><strong>una protecci\u00f3n de hoja STIHL<\/strong><\/li>\n<\/ul>","protected":false},"featured_media":7307,"comment_status":"open","ping_status":"closed","template":"","meta":[],"product_brand":[],"product_cat":[143],"product_tag":[],"class_list":{"0":"post-7254","1":"product","2":"type-product","3":"status-publish","4":"has-post-thumbnail","6":"product_cat-tronconneuses","8":"first","9":"instock","10":"taxable","11":"shipping-taxable","12":"purchasable","13":"product-type-simple"},"_links":{"self":[{"href":"https:\/\/cabashippinginternational.com\/en\/wp-json\/wp\/v2\/product\/7254","targetHints":{"allow":["GET"]}}],"collection":[{"href":"https:\/\/cabashippinginternational.com\/en\/wp-json\/wp\/v2\/product"}],"about":[{"href":"https:\/\/cabashippinginternational.com\/en\/wp-json\/wp\/v2\/types\/product"}],"replies":[{"embeddable":true,"href":"https:\/\/cabashippinginternational.com\/en\/wp-json\/wp\/v2\/comments?post=7254"}],"wp:featuredmedia":[{"embeddable":true,"href":"https:\/\/cabashippinginternational.com\/en\/wp-json\/wp\/v2\/media\/7307"}],"wp:attachment":[{"href":"https:\/\/cabashippinginternational.com\/en\/wp-json\/wp\/v2\/media?parent=7254"}],"wp:term":[{"taxonomy":"product_brand","embeddable":true,"href":"https:\/\/cabashippinginternational.com\/en\/wp-json\/wp\/v2\/product_brand?post=7254"},{"taxonomy":"product_cat","embeddable":true,"href":"https:\/\/cabashippinginternational.com\/en\/wp-json\/wp\/v2\/product_cat?post=7254"},{"taxonomy":"product_tag","embeddable":true,"href":"https:\/\/cabashippinginternational.com\/en\/wp-json\/wp\/v2\/product_tag?post=7254"}],"curies":[{"name":"wp","href":"https:\/\/api.w.org\/{rel}","templated":true}]}}