{"id":7248,"date":"2026-01-07T16:20:16","date_gmt":"2026-01-07T16:20:16","guid":{"rendered":"https:\/\/elektronica-aanhangers-houten.nl\/?post_type=product&#038;p=7248"},"modified":"2026-02-22T04:03:49","modified_gmt":"2026-02-22T04:03:49","slug":"tronconneuse-thermique-shindaiwa-431-sx-en-45-cm","status":"publish","type":"product","link":"https:\/\/cabashippinginternational.com\/en\/produit\/tronconneuse-thermique-shindaiwa-431-sx-en-45-cm\/","title":{"rendered":"Cortadora t\u00e9rmica SHINDAIWA 431 SX NL 45 CM"},"content":{"rendered":"<div class=\"elementor-element elementor-element-1caffc0 elementor-widget elementor-widget-wd_title\" data-id=\"1caffc0\" data-element_type=\"widget\" data-widget_type=\"wd_title.default\">\n<div class=\"elementor-widget-container\">\n<div class=\"title-wrapper set-mb-s reset-last-child wd-title-color-default wd-title-style-default wd-title-size-default text-left\">\n<div class=\"liner-continer\">\n<h4 class=\"woodmart-title-container-title wd-fontsize-l\">Descripci\u00f3n<\/h4>\n<\/div>\n<\/div>\n<\/div>\n<\/div>\n<div class=\"elementor-element elementor-element-e24b901 wd-single-content elementor-widget elementor-widget-wd_single_product_content\" data-id=\"e24b901\" data-element_type=\"widget\" data-widget_type=\"wd_single_product_content.default\">\n<div class=\"elementor-widget-container\">\n<div class=\"short-description\">\n<div class=\"std\">La motosierra SHINDAIWA 431 SX de 45 cm forma parte de la gama de motosierras t\u00e9rmicas SHINDAIWA con empu\u00f1adura trasera. Con una potencia de 2300 W y un peso de 4,3 KG, esta motosierra es ideal para usuarios dom\u00e9sticos, artesanos y profesionales. La 431 SX de 45 cm es un modelo profesional. Es una potente motosierra t\u00e9rmica que funciona con una mezcla de combustible de 2 tiempos. Tiene una relaci\u00f3n potencia-peso muy atractiva.<\/div>\n<\/div>\n<p>&nbsp;<\/p>\n<\/div>\n<\/div>","protected":false},"excerpt":{"rendered":"<p class=\"produit_ajout\"><strong>La motosierra SHINDAIWA 431 SX de 45 cm se entrega con gu\u00eda, protector de gu\u00eda y 2 cadenas originales SHINDAIWA (Carlton\/Oregon) y los siguientes accesorios:<\/strong><\/p>\n<p><strong>ACEITE PARA CADENA 2L 9,00<\/strong><br \/>\n<strong>ACEITE DE MEZCLA 2T 2L<\/strong><br \/>\n<strong>STIHL 325\u2033 SOPORTE DE LIMAS 2 EN 1<\/strong><br \/>\n<strong>HUSQVARNA SP33G &#8211; 325 1.3 &#8211; 72 MALLA<\/strong><br \/>\n<strong>KIT DE RASTREO OREGON 325\u2033 &#8211; 558550<\/strong><\/p>\n<p><strong><span class=\"garantie_product\">GARANT\u00cdA DEL FABRICANTE: 5 A\u00d1OS EN PIEZAS Y MANO DE OBRA<\/span><\/strong><\/p>","protected":false},"featured_media":7304,"comment_status":"open","ping_status":"closed","template":"","meta":[],"product_brand":[],"product_cat":[143],"product_tag":[],"class_list":{"0":"post-7248","1":"product","2":"type-product","3":"status-publish","4":"has-post-thumbnail","6":"product_cat-tronconneuses","8":"first","9":"instock","10":"taxable","11":"shipping-taxable","12":"purchasable","13":"product-type-simple"},"_links":{"self":[{"href":"https:\/\/cabashippinginternational.com\/en\/wp-json\/wp\/v2\/product\/7248","targetHints":{"allow":["GET"]}}],"collection":[{"href":"https:\/\/cabashippinginternational.com\/en\/wp-json\/wp\/v2\/product"}],"about":[{"href":"https:\/\/cabashippinginternational.com\/en\/wp-json\/wp\/v2\/types\/product"}],"replies":[{"embeddable":true,"href":"https:\/\/cabashippinginternational.com\/en\/wp-json\/wp\/v2\/comments?post=7248"}],"wp:featuredmedia":[{"embeddable":true,"href":"https:\/\/cabashippinginternational.com\/en\/wp-json\/wp\/v2\/media\/7304"}],"wp:attachment":[{"href":"https:\/\/cabashippinginternational.com\/en\/wp-json\/wp\/v2\/media?parent=7248"}],"wp:term":[{"taxonomy":"product_brand","embeddable":true,"href":"https:\/\/cabashippinginternational.com\/en\/wp-json\/wp\/v2\/product_brand?post=7248"},{"taxonomy":"product_cat","embeddable":true,"href":"https:\/\/cabashippinginternational.com\/en\/wp-json\/wp\/v2\/product_cat?post=7248"},{"taxonomy":"product_tag","embeddable":true,"href":"https:\/\/cabashippinginternational.com\/en\/wp-json\/wp\/v2\/product_tag?post=7248"}],"curies":[{"name":"wp","href":"https:\/\/api.w.org\/{rel}","templated":true}]}}