{"id":7247,"date":"2026-01-07T16:20:16","date_gmt":"2026-01-07T16:20:16","guid":{"rendered":"https:\/\/elektronica-aanhangers-houten.nl\/?post_type=product&#038;p=7247"},"modified":"2026-02-22T04:03:59","modified_gmt":"2026-02-22T04:03:59","slug":"tronconneuse-thermique-pro-dolmar-ps6100-guide-de-45-cm","status":"publish","type":"product","link":"https:\/\/cabashippinginternational.com\/en\/produit\/tronconneuse-thermique-pro-dolmar-ps6100-guide-de-45-cm\/","title":{"rendered":"Sierra de cadena a gasolina Dolmar PS6100 Pro 45 cm"},"content":{"rendered":"<div class=\"elementor-element elementor-element-1caffc0 elementor-widget elementor-widget-wd_title\" data-id=\"1caffc0\" data-element_type=\"widget\" data-widget_type=\"wd_title.default\">\n<div class=\"elementor-widget-container\">\n<div class=\"title-wrapper set-mb-s reset-last-child wd-title-color-default wd-title-style-default wd-title-size-default text-left\">\n<div class=\"liner-continer\">\n<h4 class=\"woodmart-title-container-title wd-fontsize-l\">Descripci\u00f3n<\/h4>\n<\/div>\n<\/div>\n<\/div>\n<\/div>\n<div class=\"elementor-element elementor-element-e24b901 wd-single-content elementor-widget elementor-widget-wd_single_product_content\" data-id=\"e24b901\" data-element_type=\"widget\" data-widget_type=\"wd_single_product_content.default\">\n<div class=\"elementor-widget-container\">\n<h3><strong>Diversidad y tecnolog\u00eda para profesionales de la silvicultura<\/strong><\/h3>\n<p>Motor de soplado estratificado: Cumple con la norma 2002\/88\/CE (-20% de consumo de combustible).<br \/>\nEASYSTART: facilita el arranque y reduce el esfuerzo del usuario. Sistema de operaci\u00f3n \u00abON-OFF-CHOKE\u00bb: optimiza la accesibilidad de los controles y simplifica el reinicio. F\u00e1cil acceso al filtro de aire sin herramientas. Arranque f\u00e1cil gracias a la bomba de succi\u00f3n. Filtro de aire de f\u00e1cil mantenimiento con gran superficie y excelente eficiencia: Prolonga la vida \u00fatil del motor. Carcasa pesada y de f\u00e1cil mantenimiento de magnesio fundido. Sistema anti-vibraciones, las masas vibrantes son absorbidas por amortiguadores.<\/p>","protected":false},"excerpt":{"rendered":"<ul>\n<li>\n<h3><strong>Equipamiento entregado con su Dolmar | PS6100-45 producto:<\/strong><\/h3>\n<ul>\n<li>1 X 528099064 cadena de motosierra Dolmar 45 cm 3\/8&#8243; 1,5 mm<\/li>\n<li>1 X 952020150 funda protectora Dolmar 38 a 50 cm<\/li>\n<li>1 X 411909650 gu\u00eda de estrella 45 cm, 3\/8&#8243;, .058&#8243;, 64 eslabones<\/li>\n<li>1 X 957004002 estuche de herramientas<\/li>\n<\/ul>\n<\/li>\n<\/ul>\n<\/li>","protected":false},"featured_media":7303,"comment_status":"open","ping_status":"closed","template":"","meta":[],"product_brand":[],"product_cat":[143],"product_tag":[],"class_list":{"0":"post-7247","1":"product","2":"type-product","3":"status-publish","4":"has-post-thumbnail","6":"product_cat-tronconneuses","8":"first","9":"instock","10":"taxable","11":"shipping-taxable","12":"purchasable","13":"product-type-simple"},"_links":{"self":[{"href":"https:\/\/cabashippinginternational.com\/en\/wp-json\/wp\/v2\/product\/7247","targetHints":{"allow":["GET"]}}],"collection":[{"href":"https:\/\/cabashippinginternational.com\/en\/wp-json\/wp\/v2\/product"}],"about":[{"href":"https:\/\/cabashippinginternational.com\/en\/wp-json\/wp\/v2\/types\/product"}],"replies":[{"embeddable":true,"href":"https:\/\/cabashippinginternational.com\/en\/wp-json\/wp\/v2\/comments?post=7247"}],"wp:featuredmedia":[{"embeddable":true,"href":"https:\/\/cabashippinginternational.com\/en\/wp-json\/wp\/v2\/media\/7303"}],"wp:attachment":[{"href":"https:\/\/cabashippinginternational.com\/en\/wp-json\/wp\/v2\/media?parent=7247"}],"wp:term":[{"taxonomy":"product_brand","embeddable":true,"href":"https:\/\/cabashippinginternational.com\/en\/wp-json\/wp\/v2\/product_brand?post=7247"},{"taxonomy":"product_cat","embeddable":true,"href":"https:\/\/cabashippinginternational.com\/en\/wp-json\/wp\/v2\/product_cat?post=7247"},{"taxonomy":"product_tag","embeddable":true,"href":"https:\/\/cabashippinginternational.com\/en\/wp-json\/wp\/v2\/product_tag?post=7247"}],"curies":[{"name":"wp","href":"https:\/\/api.w.org\/{rel}","templated":true}]}}