{"id":7241,"date":"2026-01-07T16:19:44","date_gmt":"2026-01-07T16:19:44","guid":{"rendered":"https:\/\/elektronica-aanhangers-houten.nl\/?post_type=product&#038;p=7241"},"modified":"2026-02-22T04:04:26","modified_gmt":"2026-02-22T04:04:26","slug":"tronconneuse-thermique-pro-dolmar-guide-60-cm","status":"publish","type":"product","link":"https:\/\/cabashippinginternational.com\/en\/produit\/tronconneuse-thermique-pro-dolmar-guide-60-cm\/","title":{"rendered":"Sierra de cadena t\u00e9rmica Dolmar Pro de 60 cm"},"content":{"rendered":"<div class=\"elementor-element elementor-element-1caffc0 elementor-widget elementor-widget-wd_title\" data-id=\"1caffc0\" data-element_type=\"widget\" data-widget_type=\"wd_title.default\">\n<div class=\"elementor-widget-container\">\n<div class=\"title-wrapper set-mb-s reset-last-child wd-title-color-default wd-title-style-default wd-title-size-default text-left\">\n<div class=\"liner-continer\">\n<h4 class=\"woodmart-title-container-title wd-fontsize-l\">Descripci\u00f3n<\/h4>\n<\/div>\n<\/div>\n<\/div>\n<\/div>\n<div class=\"elementor-element elementor-element-e24b901 wd-single-content elementor-widget elementor-widget-wd_single_product_content\" data-id=\"e24b901\" data-element_type=\"widget\" data-widget_type=\"wd_single_product_content.default\">\n<div class=\"elementor-widget-container\">\n<h3><strong>Equipado de serie con filtro HD para las aplicaciones m\u00e1s intensivas en silvicultura<\/strong><\/h3>\n<p>Equipado con 2 barras de dientes y una gu\u00eda de nariz intercambiable de 60 cm<br \/>\nFiltro de aire de nylon HD: Filtra part\u00edculas hasta 3 micrones Muy buena relaci\u00f3n potencia-peso Alto par motor Tecnolog\u00eda SLR: Cumple con la norma EU II (-70% de gases nocivos) Tecnolog\u00eda SLR: Ahorro de combustible de hasta el 15% Mantenimiento del filtro de aire sin herramientas Freno de cadena: protege al usuario en caso de retroceso (fen\u00f3meno de retroceso) Sistema antivibraci\u00f3n con resorte Tensor de cadena montado lateralmente para un ajuste f\u00e1cil y fiable de la tensi\u00f3n de la cadena Bomba de aceite autom\u00e1tica Salida de virutas mejorada.<\/p>\n<ul>\n<li><\/li>\n<\/ul>\n<\/div>","protected":false},"excerpt":{"rendered":"<h3><strong>Entregado con su producto Dolmar PS7910-60PM:<\/strong><\/h3>\n<ul>\n<li>1 X 528099084 cadena de sierra de cadena Dolmar 60 cm 3\/8&#8243;<\/li>\n<li>1 X 957173400 filtro de aire de nylon HD<\/li>\n<li>1 X 415060555 gu\u00eda estrella con cabeza intercambiable<\/li>\n<li>1 X 957004011 bolsa de herramientas<\/li>\n<\/ul>","protected":false},"featured_media":7297,"comment_status":"open","ping_status":"closed","template":"","meta":[],"product_brand":[],"product_cat":[143],"product_tag":[],"class_list":{"0":"post-7241","1":"product","2":"type-product","3":"status-publish","4":"has-post-thumbnail","6":"product_cat-tronconneuses","8":"first","9":"instock","10":"taxable","11":"shipping-taxable","12":"purchasable","13":"product-type-simple"},"_links":{"self":[{"href":"https:\/\/cabashippinginternational.com\/en\/wp-json\/wp\/v2\/product\/7241","targetHints":{"allow":["GET"]}}],"collection":[{"href":"https:\/\/cabashippinginternational.com\/en\/wp-json\/wp\/v2\/product"}],"about":[{"href":"https:\/\/cabashippinginternational.com\/en\/wp-json\/wp\/v2\/types\/product"}],"replies":[{"embeddable":true,"href":"https:\/\/cabashippinginternational.com\/en\/wp-json\/wp\/v2\/comments?post=7241"}],"wp:featuredmedia":[{"embeddable":true,"href":"https:\/\/cabashippinginternational.com\/en\/wp-json\/wp\/v2\/media\/7297"}],"wp:attachment":[{"href":"https:\/\/cabashippinginternational.com\/en\/wp-json\/wp\/v2\/media?parent=7241"}],"wp:term":[{"taxonomy":"product_brand","embeddable":true,"href":"https:\/\/cabashippinginternational.com\/en\/wp-json\/wp\/v2\/product_brand?post=7241"},{"taxonomy":"product_cat","embeddable":true,"href":"https:\/\/cabashippinginternational.com\/en\/wp-json\/wp\/v2\/product_cat?post=7241"},{"taxonomy":"product_tag","embeddable":true,"href":"https:\/\/cabashippinginternational.com\/en\/wp-json\/wp\/v2\/product_tag?post=7241"}],"curies":[{"name":"wp","href":"https:\/\/api.w.org\/{rel}","templated":true}]}}