{"id":7240,"date":"2026-01-07T16:19:44","date_gmt":"2026-01-07T16:19:44","guid":{"rendered":"https:\/\/elektronica-aanhangers-houten.nl\/?post_type=product&#038;p=7240"},"modified":"2026-02-22T04:04:36","modified_gmt":"2026-02-22T04:04:36","slug":"tronconneuse-thermique-ms500i","status":"publish","type":"product","link":"https:\/\/cabashippinginternational.com\/en\/produit\/tronconneuse-thermique-ms500i\/","title":{"rendered":"MS500I cortadora de plotter t\u00e9rmica"},"content":{"rendered":"<div class=\"elementor-element elementor-element-1caffc0 elementor-widget elementor-widget-wd_title\" data-id=\"1caffc0\" data-element_type=\"widget\" data-widget_type=\"wd_title.default\">\n<div class=\"elementor-widget-container\">\n<div class=\"title-wrapper set-mb-s reset-last-child wd-title-color-default wd-title-style-default wd-title-size-default text-left\">\n<div class=\"liner-continer\">\n<h4 class=\"woodmart-title-container-title wd-fontsize-l\">Descripci\u00f3n<\/h4>\n<\/div>\n<\/div>\n<\/div>\n<\/div>\n<div class=\"elementor-element elementor-element-e24b901 wd-single-content elementor-widget elementor-widget-wd_single_product_content\" data-id=\"e24b901\" data-element_type=\"widget\" data-widget_type=\"wd_single_product_content.default\">\n<div class=\"elementor-widget-container\">\n<p>MS 500i, la primera motosierra con inyecci\u00f3n electr\u00f3nica de combustible STIHL. La mejor relaci\u00f3n potencia-peso en el mercado. Ideal para talar y procesar madera grande gracias a su estructura ligera y excelente aceleraci\u00f3n.<\/p>\n<p>La STIHL MS500i es la primera motosierra del mundo con un sistema de inyecci\u00f3n controlado electr\u00f3nicamente. Al cosechar madera grande, esta potente m\u00e1quina es f\u00e1cil de manejar. Gracias a la r\u00e1pida aceleraci\u00f3n y el comportamiento din\u00e1mico al cambiar la direcci\u00f3n de corte, la MS 500i no solo es ideal para talar y serrar, sino tambi\u00e9n para delimitar. La dosificaci\u00f3n de combustible controlada por sensores garantiza una potencia \u00f3ptima del motor y un bajo consumo de combustible.<\/p>\n<\/div>\n<\/div>","protected":false},"excerpt":{"rendered":"<p>excepcionales prestaciones de arranque, independientemente de la altitud o la temperatura ambiente. Adem\u00e1s, la eliminaci\u00f3n de la palanca de arranque hace que el arranque en todas las condiciones sea extremadamente sencillo. Gracias a la revolucionaria tecnolog\u00eda de motores para motosierras y al ligero e inteligente dise\u00f1o resultante, tiene la mejor relaci\u00f3n potencia-peso del mercado: 1,24 kg\/kW.<\/p>\n<p><strong>Incluido con:<\/strong> &#8211; una barra de 3\/8\u2033<br \/>\n<strong>&#8211; una cadena Rapid Super de 3\/8\u2033<\/strong><br \/>\n<strong>&#8211; una barra Rollo ES<\/strong><br \/>\n<strong>&#8211; una protecci\u00f3n para la barra STIHL<\/strong>.<\/p>\n<p><strong>&#8211; un gu\u00eda gratis a elecci\u00f3n: 50, 55, 63 o 71 cm (indicar por correo electr\u00f3nico tras su pedido o en su orden)<\/strong><\/p>","protected":false},"featured_media":7296,"comment_status":"open","ping_status":"closed","template":"","meta":[],"product_brand":[],"product_cat":[143],"product_tag":[],"class_list":{"0":"post-7240","1":"product","2":"type-product","3":"status-publish","4":"has-post-thumbnail","6":"product_cat-tronconneuses","8":"first","9":"instock","10":"taxable","11":"shipping-taxable","12":"purchasable","13":"product-type-simple"},"_links":{"self":[{"href":"https:\/\/cabashippinginternational.com\/en\/wp-json\/wp\/v2\/product\/7240","targetHints":{"allow":["GET"]}}],"collection":[{"href":"https:\/\/cabashippinginternational.com\/en\/wp-json\/wp\/v2\/product"}],"about":[{"href":"https:\/\/cabashippinginternational.com\/en\/wp-json\/wp\/v2\/types\/product"}],"replies":[{"embeddable":true,"href":"https:\/\/cabashippinginternational.com\/en\/wp-json\/wp\/v2\/comments?post=7240"}],"wp:featuredmedia":[{"embeddable":true,"href":"https:\/\/cabashippinginternational.com\/en\/wp-json\/wp\/v2\/media\/7296"}],"wp:attachment":[{"href":"https:\/\/cabashippinginternational.com\/en\/wp-json\/wp\/v2\/media?parent=7240"}],"wp:term":[{"taxonomy":"product_brand","embeddable":true,"href":"https:\/\/cabashippinginternational.com\/en\/wp-json\/wp\/v2\/product_brand?post=7240"},{"taxonomy":"product_cat","embeddable":true,"href":"https:\/\/cabashippinginternational.com\/en\/wp-json\/wp\/v2\/product_cat?post=7240"},{"taxonomy":"product_tag","embeddable":true,"href":"https:\/\/cabashippinginternational.com\/en\/wp-json\/wp\/v2\/product_tag?post=7240"}],"curies":[{"name":"wp","href":"https:\/\/api.w.org\/{rel}","templated":true}]}}