{"id":7228,"date":"2026-01-07T16:18:50","date_gmt":"2026-01-07T16:18:50","guid":{"rendered":"https:\/\/elektronica-aanhangers-houten.nl\/?post_type=product&#038;p=7228"},"modified":"2026-02-22T04:05:35","modified_gmt":"2026-02-22T04:05:35","slug":"tronconneuse-thermique-echo-cs-7310-sx","status":"publish","type":"product","link":"https:\/\/cabashippinginternational.com\/en\/produit\/tronconneuse-thermique-echo-cs-7310-sx\/","title":{"rendered":"ECHO CS 7310 SX motosierra de gasolina"},"content":{"rendered":"<div class=\"elementor-element elementor-element-1caffc0 elementor-widget elementor-widget-wd_title\" data-id=\"1caffc0\" data-element_type=\"widget\" data-widget_type=\"wd_title.default\">\n<div class=\"elementor-widget-container\">\n<div class=\"title-wrapper set-mb-s reset-last-child wd-title-color-default wd-title-style-default wd-title-size-default text-left\">\n<div class=\"liner-continer\">\n<h4 class=\"woodmart-title-container-title wd-fontsize-l\">Descripci\u00f3n<\/h4>\n<\/div>\n<\/div>\n<\/div>\n<\/div>\n<div class=\"elementor-element elementor-element-e24b901 wd-single-content elementor-widget elementor-widget-wd_single_product_content\" data-id=\"e24b901\" data-element_type=\"widget\" data-widget_type=\"wd_single_product_content.default\">\n<div class=\"elementor-widget-container\">\n<div class=\"short-description\">\n<Descripci\u00f3n corta\n<Descripci\u00f3n corta\n\n\n<div class=\"std\">La motosierra ECHO CS 7310 SX forma parte de la serie de motosierras t\u00e9rmicas de la marca ECHO. Con una potencia de 4100 W y un peso de 6,7 KG, es una de las motosierras m\u00e1s potentes de la gama para profesionales de la silvicultura. La CS7310 SX es una motosierra t\u00e9rmica que funciona con una mezcla de 2 tiempos.<\/div>\n<\/div>\n<p>&nbsp;<\/p>\n<\/div>\n<\/div>\n<\/div>\n<\/div>","protected":false},"excerpt":{"rendered":"<p class=\"produit_ajout\"><strong>La motosierra ECHO CS 7310 SX se entrega con una hoja de sierra, protector de hoja de sierra y 2 cadenas originales ECHO (Carlton\/Oregon) <b>y los siguientes accesorios:<\/b><\/strong><\/p>\n<p><strong>ACEITE PARA CADENA 2L<\/strong><br \/>\n<strong>ACEITE MEZCLA 2T 2L<\/strong><br \/>\n<strong>PORTA PEGAMENTO 2 EN 1 EN 3\/8 CSX 50<\/strong><br \/>\n<strong>KIT DE DESVIACI\u00d3N 3\/8 DE 404 &#8211; 558551<\/strong><\/p>\n<p><strong><span class=\"garantie_product\">GARANT\u00cdA DEL CONSTRUCTOR: 5 A\u00d1OS EN PIEZAS Y MANO DE OBRA<\/span><\/strong><\/p>","protected":false},"featured_media":7284,"comment_status":"open","ping_status":"closed","template":"","meta":[],"product_brand":[],"product_cat":[143],"product_tag":[],"class_list":{"0":"post-7228","1":"product","2":"type-product","3":"status-publish","4":"has-post-thumbnail","6":"product_cat-tronconneuses","8":"first","9":"instock","10":"taxable","11":"shipping-taxable","12":"purchasable","13":"product-type-simple"},"_links":{"self":[{"href":"https:\/\/cabashippinginternational.com\/en\/wp-json\/wp\/v2\/product\/7228","targetHints":{"allow":["GET"]}}],"collection":[{"href":"https:\/\/cabashippinginternational.com\/en\/wp-json\/wp\/v2\/product"}],"about":[{"href":"https:\/\/cabashippinginternational.com\/en\/wp-json\/wp\/v2\/types\/product"}],"replies":[{"embeddable":true,"href":"https:\/\/cabashippinginternational.com\/en\/wp-json\/wp\/v2\/comments?post=7228"}],"wp:featuredmedia":[{"embeddable":true,"href":"https:\/\/cabashippinginternational.com\/en\/wp-json\/wp\/v2\/media\/7284"}],"wp:attachment":[{"href":"https:\/\/cabashippinginternational.com\/en\/wp-json\/wp\/v2\/media?parent=7228"}],"wp:term":[{"taxonomy":"product_brand","embeddable":true,"href":"https:\/\/cabashippinginternational.com\/en\/wp-json\/wp\/v2\/product_brand?post=7228"},{"taxonomy":"product_cat","embeddable":true,"href":"https:\/\/cabashippinginternational.com\/en\/wp-json\/wp\/v2\/product_cat?post=7228"},{"taxonomy":"product_tag","embeddable":true,"href":"https:\/\/cabashippinginternational.com\/en\/wp-json\/wp\/v2\/product_tag?post=7228"}],"curies":[{"name":"wp","href":"https:\/\/api.w.org\/{rel}","templated":true}]}}