{"id":7221,"date":"2026-01-07T16:18:24","date_gmt":"2026-01-07T16:18:24","guid":{"rendered":"https:\/\/elektronica-aanhangers-houten.nl\/?post_type=product&#038;p=7221"},"modified":"2026-02-22T04:06:06","modified_gmt":"2026-02-22T04:06:06","slug":"motoculteur-a-fraise-honda-ohv-4-6-cv-largeur-50-cm","status":"publish","type":"product","link":"https:\/\/cabashippinginternational.com\/en\/produit\/motoculteur-a-fraise-honda-ohv-4-6-cv-largeur-50-cm\/","title":{"rendered":"HONDA kopklepper 4,6 hp di\u00e9sel 50 cm de ancho"},"content":{"rendered":"<div class=\"elementor-element elementor-element-1caffc0 elementor-widget elementor-widget-wd_title\" data-id=\"1caffc0\" data-element_type=\"widget\" data-widget_type=\"wd_title.default\">\n<div class=\"elementor-widget-container\">\n<div class=\"title-wrapper set-mb-s reset-last-child wd-title-color-default wd-title-style-default wd-title-size-default text-left\">\n<div class=\"liner-continer\">\n<h4 class=\"woodmart-title-container-title wd-fontsize-l\">Descripci\u00f3n<\/h4>\n<\/div>\n<\/div>\n<\/div>\n<\/div>\n<div class=\"elementor-element elementor-element-e24b901 wd-single-content elementor-widget elementor-widget-wd_single_product_content\" data-id=\"e24b901\" data-element_type=\"widget\" data-widget_type=\"wd_single_product_content.default\">\n<div class=\"elementor-widget-container\">\n<h2>Cultivador de fresadora de 4,6 HP, motor HONDA OHV GP160 de 4 tiempos, ancho de trabajo de 50 cm<\/h2>\n<h3>Ventajas de este rotovator Honda de 4.6 HP:<\/h3>\n<ul>\n<li>Poderoso, confiable y silencioso motor <em>HONDA GP160 OHV<\/em><\/li>\n<li>Transmisi\u00f3n por cadena en ba\u00f1o de aceite y correa<\/li>\n<li>Caja atornillada para un f\u00e1cil mantenimiento<\/li>\n<li>Acoplamiento mec\u00e1nico de enganche en el manillar con seguridad para el operador para un control preciso con total seguridad<\/li>\n<li>Sistema de acoplamiento diferencial. Permite diferentes velocidades de las ruedas en trayectorias de giro para una mejor tracci\u00f3n del enganche<\/li>\n<li><\/li>\n<\/ul>\n<\/div>\n<\/div>","protected":false},"excerpt":{"rendered":"<ul>\n<li>La fresadora gira en la direcci\u00f3n de la m\u00e1quina (empuja la m\u00e1quina hacia adelante)<\/li>\n<li>La velocidad de rotaci\u00f3n de la fresadora: <strong>270 rpm<\/strong> (dos veces m\u00e1s r\u00e1pido que una fresadora de motor convencional)<\/li>\n<li>Sistema de desconexi\u00f3n de ruedas para un f\u00e1cil desplazamiento cuando el motor est\u00e1 apagado<\/li>\n<li>1 velocidad hacia adelante (hasta 1,1 km\/h) y 1 velocidad hacia atr\u00e1s (hasta 0,96 km\/h) para adaptarse a todos los tipos de suelo<\/li>\n<li>Por seguridad, las cuchillas se apagan autom\u00e1ticamente al retroceder<\/li>\n<li>Cuchillas de acero endurecido de calidad profesional de 3 mm de di\u00e1metro con desgaste lento<\/li>\n<li>Campana de protecci\u00f3n perfectamente sellada para trabajar ordenadamente y proteger la vegetaci\u00f3n existente<\/li>\n<li>Tr\u00edpode de terraza ajustable en altura para establecer y adaptar la profundidad de trabajo a suelos duros<\/li>\n<li>Equipado con manijas de control ergon\u00f3micas, la m\u00e1quina es muy c\u00f3moda de usar<\/li>\n<li>Embudo doble ajustable en altura y extra\u00edble<\/li>\n<li>Es lo suficientemente pesada para trabajar de manera eficiente y, sin embargo, f\u00e1cil de maniobrar<\/li>\n<li>Grandes ruedas, desconectables con semi-diferencial, absorben terrenos irregulares y minimizan las vibraciones.<\/li>\n<\/ul>","protected":false},"featured_media":7278,"comment_status":"open","ping_status":"closed","template":"","meta":[],"product_brand":[],"product_cat":[143],"product_tag":[],"class_list":{"0":"post-7221","1":"product","2":"type-product","3":"status-publish","4":"has-post-thumbnail","6":"product_cat-tronconneuses","8":"first","9":"instock","10":"taxable","11":"shipping-taxable","12":"purchasable","13":"product-type-simple"},"_links":{"self":[{"href":"https:\/\/cabashippinginternational.com\/en\/wp-json\/wp\/v2\/product\/7221","targetHints":{"allow":["GET"]}}],"collection":[{"href":"https:\/\/cabashippinginternational.com\/en\/wp-json\/wp\/v2\/product"}],"about":[{"href":"https:\/\/cabashippinginternational.com\/en\/wp-json\/wp\/v2\/types\/product"}],"replies":[{"embeddable":true,"href":"https:\/\/cabashippinginternational.com\/en\/wp-json\/wp\/v2\/comments?post=7221"}],"wp:featuredmedia":[{"embeddable":true,"href":"https:\/\/cabashippinginternational.com\/en\/wp-json\/wp\/v2\/media\/7278"}],"wp:attachment":[{"href":"https:\/\/cabashippinginternational.com\/en\/wp-json\/wp\/v2\/media?parent=7221"}],"wp:term":[{"taxonomy":"product_brand","embeddable":true,"href":"https:\/\/cabashippinginternational.com\/en\/wp-json\/wp\/v2\/product_brand?post=7221"},{"taxonomy":"product_cat","embeddable":true,"href":"https:\/\/cabashippinginternational.com\/en\/wp-json\/wp\/v2\/product_cat?post=7221"},{"taxonomy":"product_tag","embeddable":true,"href":"https:\/\/cabashippinginternational.com\/en\/wp-json\/wp\/v2\/product_tag?post=7221"}],"curies":[{"name":"wp","href":"https:\/\/api.w.org\/{rel}","templated":true}]}}