{"id":7218,"date":"2026-01-07T16:18:00","date_gmt":"2026-01-07T16:18:00","guid":{"rendered":"https:\/\/elektronica-aanhangers-houten.nl\/?post_type=product&#038;p=7218"},"modified":"2026-02-22T04:06:17","modified_gmt":"2026-02-22T04:06:17","slug":"motoculteurs-a-fraise-rtt3-loncin-tm70-ohv-212-cc","status":"publish","type":"product","link":"https:\/\/cabashippinginternational.com\/en\/produit\/motoculteurs-a-fraise-rtt3-loncin-tm70-ohv-212-cc\/","title":{"rendered":"RTT3 Tiller LONCIN TM70 kopklepper 212 CC"},"content":{"rendered":"<div class=\"elementor-element elementor-element-1caffc0 elementor-widget elementor-widget-wd_title\" data-id=\"1caffc0\" data-element_type=\"widget\" data-widget_type=\"wd_title.default\">\n<div class=\"elementor-widget-container\">\n<div class=\"title-wrapper set-mb-s reset-last-child wd-title-color-default wd-title-style-default wd-title-size-default text-left\">\n<div class=\"liner-continer\">\n<h4 class=\"woodmart-title-container-title wd-fontsize-l\">Descripci\u00f3n<\/h4>\n<\/div>\n<\/div>\n<\/div>\n<\/div>\n<div class=\"elementor-element elementor-element-e24b901 wd-single-content elementor-widget elementor-widget-wd_single_product_content\" data-id=\"e24b901\" data-element_type=\"widget\" data-widget_type=\"wd_single_product_content.default\">\n<div class=\"elementor-widget-container\">\n<h2>El brazo de remolque Loncin RTT3 es un brazo de remolque de calidad en la parte trasera:<\/h2>\n<ul>\n<li>Motor de v\u00e1lvulas en cabeza MC 67 LONCIN TM70 de 6,5 hp (bajo consumo de combustible en comparaci\u00f3n con motores convencionales).<\/li>\n<li>4 velocidades hacia adelante: 2 hacia adelante (hasta 2,1 km\/h) y 2 velocidades hacia atr\u00e1s para adaptarse a todos los tipos de suelo.<\/li>\n<li><\/li>\n<\/ul>\n<\/div>\n<\/div>","protected":false},"excerpt":{"rendered":"<ul>\n<li>6 cortadoras de borde de 32 cm para un <strong>ancho de trabajo de 60 cm<\/strong> con las que puede trabajar de manera eficiente y r\u00e1pida<\/li>\n<li>Cuchillas de acero endurecido con un di\u00e1metro de 4 mm, con tornillos y un desgaste lento<\/li>\n<li>Protector perfectamente aerodin\u00e1mico para trabajar ordenadamente y proteger la vegetaci\u00f3n existente<\/li>\n<li>Equipado con manijas de operaci\u00f3n ergon\u00f3micas, es muy c\u00f3modo de usar y el usuario principiante lo dominar\u00e1 f\u00e1cilmente<\/li>\n<\/ul>","protected":false},"featured_media":7272,"comment_status":"open","ping_status":"closed","template":"","meta":[],"product_brand":[],"product_cat":[143],"product_tag":[],"class_list":{"0":"post-7218","1":"product","2":"type-product","3":"status-publish","4":"has-post-thumbnail","6":"product_cat-tronconneuses","8":"first","9":"instock","10":"taxable","11":"shipping-taxable","12":"purchasable","13":"product-type-simple"},"_links":{"self":[{"href":"https:\/\/cabashippinginternational.com\/en\/wp-json\/wp\/v2\/product\/7218","targetHints":{"allow":["GET"]}}],"collection":[{"href":"https:\/\/cabashippinginternational.com\/en\/wp-json\/wp\/v2\/product"}],"about":[{"href":"https:\/\/cabashippinginternational.com\/en\/wp-json\/wp\/v2\/types\/product"}],"replies":[{"embeddable":true,"href":"https:\/\/cabashippinginternational.com\/en\/wp-json\/wp\/v2\/comments?post=7218"}],"wp:featuredmedia":[{"embeddable":true,"href":"https:\/\/cabashippinginternational.com\/en\/wp-json\/wp\/v2\/media\/7272"}],"wp:attachment":[{"href":"https:\/\/cabashippinginternational.com\/en\/wp-json\/wp\/v2\/media?parent=7218"}],"wp:term":[{"taxonomy":"product_brand","embeddable":true,"href":"https:\/\/cabashippinginternational.com\/en\/wp-json\/wp\/v2\/product_brand?post=7218"},{"taxonomy":"product_cat","embeddable":true,"href":"https:\/\/cabashippinginternational.com\/en\/wp-json\/wp\/v2\/product_cat?post=7218"},{"taxonomy":"product_tag","embeddable":true,"href":"https:\/\/cabashippinginternational.com\/en\/wp-json\/wp\/v2\/product_tag?post=7218"}],"curies":[{"name":"wp","href":"https:\/\/api.w.org\/{rel}","templated":true}]}}