{"id":7211,"date":"2026-01-07T16:17:28","date_gmt":"2026-01-07T16:17:28","guid":{"rendered":"https:\/\/elektronica-aanhangers-houten.nl\/?post_type=product&#038;p=7211"},"modified":"2026-02-22T04:06:52","modified_gmt":"2026-02-22T04:06:52","slug":"scie-sur-table-et-onglet-reversible-dewalt-2000w-o250mm","status":"publish","type":"product","link":"https:\/\/cabashippinginternational.com\/en\/produit\/scie-sur-table-et-onglet-reversible-dewalt-2000w-o250mm\/","title":{"rendered":"Sierra de mesa y inglete DEWALT 2000W reversible \u00d8250mm"},"content":{"rendered":"<div class=\"elementor-element elementor-element-1caffc0 elementor-widget elementor-widget-wd_title\" data-id=\"1caffc0\" data-element_type=\"widget\" data-widget_type=\"wd_title.default\">\n<div class=\"elementor-widget-container\">\n<div class=\"title-wrapper set-mb-s reset-last-child wd-title-color-default wd-title-style-default wd-title-size-default text-left\">\n<div class=\"liner-continer\">\n<h4 class=\"woodmart-title-container title wd-fontsize-l\">Descripci\u00f3n<\/h4>\n<\/div>\n<\/div>\n<\/div>\n<\/div>\n<div class=\"elementor-element elementor-element-e24b901 wd-single-content elementor-widget elementor-widget-wd_single_product_content\" data-id=\"e24b901\" data-element_type=\"widget\" data-widget_type=\"wd_single_product_content.default\">\n<div class=\"elementor-widget-container\">\n<div class=\"block-content\">\n<div class=\"product-description typo\">\n<p><strong>\u00a1La ayuda ideal en el lugar y en el taller!!!<\/strong><br \/>\nSierra dise\u00f1ada para poder realizar cortes en inglete al m\u00e1ximo.<br \/>\nDos funciones para satisfacer todas sus necesidades de corte.<br \/>\nSu sierra se convierte en un abrir y cerrar de ojos en una sierra de mesa o sierra de inglete, sin necesidad de herramientas.<br \/>\n<strong>Motor de inducci\u00f3n robusto con alto par<\/strong>, especialmente adecuado para talleres donde el nivel de ruido de la m\u00e1quina debe ser minimizado.<\/p>\n<\/div>\n<p>&nbsp;<\/p>\n<\/div>\n<\/div>\n<\/div>","protected":false},"excerpt":{"rendered":"<div class=\"product-description typo\">\n<p><u><strong>Seguridad del usuario:<\/strong><\/u><br \/>\nNuevo mecanismo de agarre mejorado, en la posici\u00f3n de corte la carcasa de la cuchilla se eleva autom\u00e1ticamente.<br \/>\nTres bocas de aspiraci\u00f3n de polvo para una eliminaci\u00f3n de residuos m\u00e1s eficiente.<\/p>\n<p>Mangos integrados para <strong>un transporte m\u00e1s f\u00e1cil de la m\u00e1quina<\/strong>.<\/p>\n<\/div>\n<p><strong>3 a\u00f1os de garant\u00eda<\/strong><\/p>","protected":false},"featured_media":7268,"comment_status":"open","ping_status":"closed","template":"","meta":[],"product_brand":[],"product_cat":[142],"product_tag":[],"class_list":{"0":"post-7211","1":"product","2":"type-product","3":"status-publish","4":"has-post-thumbnail","6":"product_cat-scie","8":"first","9":"instock","10":"taxable","11":"shipping-taxable","12":"purchasable","13":"product-type-simple"},"_links":{"self":[{"href":"https:\/\/cabashippinginternational.com\/en\/wp-json\/wp\/v2\/product\/7211","targetHints":{"allow":["GET"]}}],"collection":[{"href":"https:\/\/cabashippinginternational.com\/en\/wp-json\/wp\/v2\/product"}],"about":[{"href":"https:\/\/cabashippinginternational.com\/en\/wp-json\/wp\/v2\/types\/product"}],"replies":[{"embeddable":true,"href":"https:\/\/cabashippinginternational.com\/en\/wp-json\/wp\/v2\/comments?post=7211"}],"wp:featuredmedia":[{"embeddable":true,"href":"https:\/\/cabashippinginternational.com\/en\/wp-json\/wp\/v2\/media\/7268"}],"wp:attachment":[{"href":"https:\/\/cabashippinginternational.com\/en\/wp-json\/wp\/v2\/media?parent=7211"}],"wp:term":[{"taxonomy":"product_brand","embeddable":true,"href":"https:\/\/cabashippinginternational.com\/en\/wp-json\/wp\/v2\/product_brand?post=7211"},{"taxonomy":"product_cat","embeddable":true,"href":"https:\/\/cabashippinginternational.com\/en\/wp-json\/wp\/v2\/product_cat?post=7211"},{"taxonomy":"product_tag","embeddable":true,"href":"https:\/\/cabashippinginternational.com\/en\/wp-json\/wp\/v2\/product_tag?post=7211"}],"curies":[{"name":"wp","href":"https:\/\/api.w.org\/{rel}","templated":true}]}}