{"id":7210,"date":"2026-01-07T16:17:28","date_gmt":"2026-01-07T16:17:28","guid":{"rendered":"https:\/\/elektronica-aanhangers-houten.nl\/?post_type=product&#038;p=7210"},"modified":"2026-02-22T04:07:03","modified_gmt":"2026-02-22T04:07:03","slug":"scie-sur-table-sans-fil-festool-csc-sys-50-ebi","status":"publish","type":"product","link":"https:\/\/cabashippinginternational.com\/en\/produit\/scie-sur-table-sans-fil-festool-csc-sys-50-ebi\/","title":{"rendered":"Sierra de inglete Accutafelzaag FESTOOL CSC SYS 50 EBI"},"content":{"rendered":"<div class=\"elementor-element elementor-element-1caffc0 elementor-widget elementor-widget-wd_title\" data-id=\"1caffc0\" data-element_type=\"widget\" data-widget_type=\"wd_title.default\">\n<div class=\"elementor-widget-container\">\n<div class=\"title-wrapper set-mb-s reset-last-child wd-title-color-default wd-title-style-default wd-title-size-default text-left\">\n<div class=\"liner-continer\">\n<h4 class=\"woodmart-title-container title wd-fontsize-l\">Descripci\u00f3n<\/h4>\n<\/div>\n<\/div>\n<\/div>\n<\/div>\n<div class=\"elementor-element elementor-element-e24b901 wd-single-content elementor-widget elementor-widget-wd_single_product_content\" data-id=\"e24b901\" data-element_type=\"widget\" data-widget_type=\"wd_single_product_content.default\">\n<div class=\"elementor-widget-container\">\n<div class=\"block-content\">\n<div class=\"product-description typo\">\n<p>Pr\u00e1ctico para realizar cortes de sierra precisos, la <strong>sierra circular sin cable<\/strong> CSC SYS 50 es compacta y est\u00e1 equipada con un sistema de doble bater\u00eda de 2\u00d718 V y un motor EC-TEC sin escobillas. Disfruta de<strong> diferentes cortes de sierra<\/strong> con cortes paralelos de hasta 280 mm, un ancho de corte de hasta 450 mm y cortes en \u00e1ngulo de -2\u00b0 a 47\u00b0.<\/p>\n<p>El<strong> control num\u00e9rico<\/strong> proporciona resultados precisos, con un margen de error m\u00ednimo de solo 0,1 mm. La altura y el \u00e1ngulo se pueden ajustar electr\u00f3nicamente con el bot\u00f3n de selecci\u00f3n y se pueden guardar en favoritos. Posiciona tus piezas de trabajo con precisi\u00f3n gracias al tope paralelo con doble aumento.<\/p>","protected":false},"excerpt":{"rendered":"<div class=\"product-description typo\">\n<p>El marco de transporte UG-CSC-SYS de Festool es un <strong>accesorio vers\u00e1til<\/strong> y <strong>f\u00e1cil de transportar<\/strong> con ruedas robustas y una capacidad de carga m\u00e1xima de 80 kg. Se convierte en una <strong>mesa de trabajo pr\u00e1ctica<\/strong> gracias a la placa perforada de 58 x 58 cm, con patas plegables para compensar suelos irregulares. Al combinar el chasis UG-CSC-SYS con la sierra circular de bater\u00eda CSC SYS 50, disfrutas de una altura de trabajo ergon\u00f3mica de 90 cm para cortar con precisi\u00f3n piezas largas.<\/p>\n<p>El <strong>set Energ\u00eda SYS 18V 2\u00d75,2\/TCL 6 DUO<\/strong> incluye dos bater\u00edas de 18V 5 Ah, un Systainer y un cargador r\u00e1pido. Perfecto para obras, talleres o veh\u00edculos, este set ofrece suficiente potencia para todas tus actividades.<\/p>\n<\/div>\n<p><3 a\u00f1os de garant\u00eda><\/p>","protected":false},"featured_media":7264,"comment_status":"open","ping_status":"closed","template":"","meta":[],"product_brand":[],"product_cat":[142],"product_tag":[],"class_list":{"0":"post-7210","1":"product","2":"type-product","3":"status-publish","4":"has-post-thumbnail","6":"product_cat-scie","8":"first","9":"instock","10":"taxable","11":"shipping-taxable","12":"purchasable","13":"product-type-simple"},"_links":{"self":[{"href":"https:\/\/cabashippinginternational.com\/en\/wp-json\/wp\/v2\/product\/7210","targetHints":{"allow":["GET"]}}],"collection":[{"href":"https:\/\/cabashippinginternational.com\/en\/wp-json\/wp\/v2\/product"}],"about":[{"href":"https:\/\/cabashippinginternational.com\/en\/wp-json\/wp\/v2\/types\/product"}],"replies":[{"embeddable":true,"href":"https:\/\/cabashippinginternational.com\/en\/wp-json\/wp\/v2\/comments?post=7210"}],"wp:featuredmedia":[{"embeddable":true,"href":"https:\/\/cabashippinginternational.com\/en\/wp-json\/wp\/v2\/media\/7264"}],"wp:attachment":[{"href":"https:\/\/cabashippinginternational.com\/en\/wp-json\/wp\/v2\/media?parent=7210"}],"wp:term":[{"taxonomy":"product_brand","embeddable":true,"href":"https:\/\/cabashippinginternational.com\/en\/wp-json\/wp\/v2\/product_brand?post=7210"},{"taxonomy":"product_cat","embeddable":true,"href":"https:\/\/cabashippinginternational.com\/en\/wp-json\/wp\/v2\/product_cat?post=7210"},{"taxonomy":"product_tag","embeddable":true,"href":"https:\/\/cabashippinginternational.com\/en\/wp-json\/wp\/v2\/product_tag?post=7210"}],"curies":[{"name":"wp","href":"https:\/\/api.w.org\/{rel}","templated":true}]}}