{"id":7203,"date":"2026-01-07T16:17:01","date_gmt":"2026-01-07T16:17:01","guid":{"rendered":"https:\/\/elektronica-aanhangers-houten.nl\/?post_type=product&#038;p=7203"},"modified":"2026-02-22T04:07:38","modified_gmt":"2026-02-22T04:07:38","slug":"scie-sur-table-dewalt-250mm-2000w-dwe7492","status":"publish","type":"product","link":"https:\/\/cabashippinginternational.com\/en\/produit\/scie-sur-table-dewalt-250mm-2000w-dwe7492\/","title":{"rendered":"Sierra circular de mesa DEWALT 250mm 2000W &#8211; DWE7492"},"content":{"rendered":"<div class=\"elementor-element elementor-element-1caffc0 elementor-widget elementor-widget-wd_title\" data-id=\"1caffc0\" data-element_type=\"widget\" data-widget_type=\"wd_title.default\">\n<div class=\"elementor-widget-container\">\n<div class=\"title-wrapper set-mb-s reset-last-child wd-title-color-default wd-title-style-default wd-title-size-default text-left\">\n<div class=\"liner-continer\">\n<h4 class=\"woodmart-title-container title wd-fontsize-l\">Descripci\u00f3n<\/h4>\n<\/div>\n<\/div>\n<\/div>\n<\/div>\n<div class=\"elementor-element elementor-element-e24b901 wd-single-content elementor-widget elementor-widget-wd_single_product_content\" data-id=\"e24b901\" data-element_type=\"widget\" data-widget_type=\"wd_single_product_content.default\">\n<div class=\"elementor-widget-container\">\n<div class=\"block-content\">\n<div class=\"product-description typo\">\n<p>La <strong>sierra de mesa Dewalt<\/strong> DWE7492 est\u00e1 dise\u00f1ada para aplicaciones profesionales de corte longitudinal, corte a medida, corte en inglete y cortes en \u00e1ngulo de varios materiales como madera y pl\u00e1stico.<\/p>\n<p>&nbsp;<\/p>\n<\/div>\n<\/div>\n<\/div>\n<\/div>","protected":false},"excerpt":{"rendered":"<p><u><strong>Caracter\u00edsticas especiales de la DWE 7492:<\/strong><\/u><\/p>\n<p>&#8211; Doble sistema de cremallera y pi\u00f1\u00f3n, en la parte delantera y trasera de la mesa, para que la gu\u00eda siempre se mueva paralela a la superficie, especialmente en trabajos pesados<br \/>\n&#8211; Vigas de refuerzo dise\u00f1adas para resistir golpes y ca\u00eddas durante el transporte<br \/>\n&#8211; Potente motor de 2000W para un alto rendimiento en todas las aplicaciones<br \/>\n&#8211; Mesa de aluminio fundido para precisi\u00f3n y calidad de corte<\/p>\n<p><3 a\u00f1os de garant\u00eda><\/p>","protected":false},"featured_media":7257,"comment_status":"open","ping_status":"closed","template":"","meta":[],"product_brand":[],"product_cat":[142],"product_tag":[],"class_list":{"0":"post-7203","1":"product","2":"type-product","3":"status-publish","4":"has-post-thumbnail","6":"product_cat-scie","8":"first","9":"instock","10":"taxable","11":"shipping-taxable","12":"purchasable","13":"product-type-simple"},"_links":{"self":[{"href":"https:\/\/cabashippinginternational.com\/en\/wp-json\/wp\/v2\/product\/7203","targetHints":{"allow":["GET"]}}],"collection":[{"href":"https:\/\/cabashippinginternational.com\/en\/wp-json\/wp\/v2\/product"}],"about":[{"href":"https:\/\/cabashippinginternational.com\/en\/wp-json\/wp\/v2\/types\/product"}],"replies":[{"embeddable":true,"href":"https:\/\/cabashippinginternational.com\/en\/wp-json\/wp\/v2\/comments?post=7203"}],"wp:featuredmedia":[{"embeddable":true,"href":"https:\/\/cabashippinginternational.com\/en\/wp-json\/wp\/v2\/media\/7257"}],"wp:attachment":[{"href":"https:\/\/cabashippinginternational.com\/en\/wp-json\/wp\/v2\/media?parent=7203"}],"wp:term":[{"taxonomy":"product_brand","embeddable":true,"href":"https:\/\/cabashippinginternational.com\/en\/wp-json\/wp\/v2\/product_brand?post=7203"},{"taxonomy":"product_cat","embeddable":true,"href":"https:\/\/cabashippinginternational.com\/en\/wp-json\/wp\/v2\/product_cat?post=7203"},{"taxonomy":"product_tag","embeddable":true,"href":"https:\/\/cabashippinginternational.com\/en\/wp-json\/wp\/v2\/product_tag?post=7203"}],"curies":[{"name":"wp","href":"https:\/\/api.w.org\/{rel}","templated":true}]}}