{"id":7196,"date":"2026-01-07T16:16:33","date_gmt":"2026-01-07T16:16:33","guid":{"rendered":"https:\/\/elektronica-aanhangers-houten.nl\/?post_type=product&#038;p=7196"},"modified":"2026-02-22T04:08:08","modified_gmt":"2026-02-22T04:08:08","slug":"scie-radiale-onglet-dewalt-305mm-1675w-dws780","status":"publish","type":"product","link":"https:\/\/cabashippinginternational.com\/en\/produit\/scie-radiale-onglet-dewalt-305mm-1675w-dws780\/","title":{"rendered":"Sierra de inglete radial DEWALT de 305 mm 1675 W &#8211; DWS780"},"content":{"rendered":"<div class=\"elementor-element elementor-element-1caffc0 elementor-widget elementor-widget-wd_title\" data-id=\"1caffc0\" data-element_type=\"widget\" data-widget_type=\"wd_title.default\">\n<div class=\"elementor-widget-container\">\n<div class=\"title-wrapper set-mb-s reset-last-child wd-title-color-default wd-title-style-default wd-title-size-default text-left\">\n<div class=\"liner-continer\">\n<h4 class=\"woodmart-title-container title wd-fontsize-l\">Descripci\u00f3n<\/h4>\n<\/div>\n<\/div>\n<\/div>\n<\/div>\n<div class=\"elementor-element elementor-element-e24b901 wd-single-content elementor-widget elementor-widget-wd_single_product_content\" data-id=\"e24b901\" data-element_type=\"widget\" data-widget_type=\"wd_single_product_content.default\">\n<div class=\"elementor-widget-container\">\n<p>Excepcional, esta es la sierra radial de inglete que necesitas para<strong>cortar madera de construcci\u00f3n<\/strong> de peque\u00f1as dimensiones y para cortar tama\u00f1os m\u00e1s grandes de perfiles o z\u00f3calos, hasta 110 x 303 mm en corte recto.<br \/>\n<strong>Dise\u00f1o robusto de aluminio fundido<\/strong>, de muy alta calidad, mesa, riel y topes.<br \/>\nSistema XPS con proyecci\u00f3n de la l\u00ednea de corte sobre el material y<strong>iluminaci\u00f3n de calidad<\/strong> del \u00e1rea de trabajo.<br \/>\n\u00a1Este nuevo sistema proporciona una precisi\u00f3n, visibilidad y fiabilidad excepcionales, sin necesidad de ajustes!<\/p>\n<\/div>\n<\/div>","protected":false},"excerpt":{"rendered":"<p><strong>Inclinaci\u00f3n de la mesa 50\u00b0<\/strong> hacia la izquierda y 60\u00b0 hacia la derecha y bloqueo intuitivo del corte inglete.<br \/>\nRobusto gracias a la posibilidad de ajustar la mesa de inglete para mantener un alto nivel de precisi\u00f3n durante toda la vida \u00fatil de la sierra.<br \/>\nNuevo bloqueo de inclinaci\u00f3n de la hoja, simple y r\u00e1pido <strong>hasta 49\u00b0 a la derecha y a la izquierda.<\/strong><br \/>\nSistema radial dise\u00f1ado con rieles de bronce para <strong>cortes de sierra muy precisos<\/strong>, hasta 345 mm de ancho.<br \/>\nLos cortes de inglete y bisel son f\u00e1ciles y r\u00e1pidos de ajustar.<br \/>\nEl gran tope trasero doble, con sus partes deslizables, proporciona <strong>buena sujeci\u00f3n para piezas de trabajo<\/strong> con grandes secciones, ya sea en cortes de inglete simples o combinados.<\/p>\n<p><strong>3 a\u00f1os de garant\u00eda<\/strong><\/p>","protected":false},"featured_media":7251,"comment_status":"open","ping_status":"closed","template":"","meta":[],"product_brand":[],"product_cat":[142],"product_tag":[],"class_list":{"0":"post-7196","1":"product","2":"type-product","3":"status-publish","4":"has-post-thumbnail","6":"product_cat-scie","8":"first","9":"instock","10":"taxable","11":"shipping-taxable","12":"purchasable","13":"product-type-simple"},"_links":{"self":[{"href":"https:\/\/cabashippinginternational.com\/en\/wp-json\/wp\/v2\/product\/7196","targetHints":{"allow":["GET"]}}],"collection":[{"href":"https:\/\/cabashippinginternational.com\/en\/wp-json\/wp\/v2\/product"}],"about":[{"href":"https:\/\/cabashippinginternational.com\/en\/wp-json\/wp\/v2\/types\/product"}],"replies":[{"embeddable":true,"href":"https:\/\/cabashippinginternational.com\/en\/wp-json\/wp\/v2\/comments?post=7196"}],"wp:featuredmedia":[{"embeddable":true,"href":"https:\/\/cabashippinginternational.com\/en\/wp-json\/wp\/v2\/media\/7251"}],"wp:attachment":[{"href":"https:\/\/cabashippinginternational.com\/en\/wp-json\/wp\/v2\/media?parent=7196"}],"wp:term":[{"taxonomy":"product_brand","embeddable":true,"href":"https:\/\/cabashippinginternational.com\/en\/wp-json\/wp\/v2\/product_brand?post=7196"},{"taxonomy":"product_cat","embeddable":true,"href":"https:\/\/cabashippinginternational.com\/en\/wp-json\/wp\/v2\/product_cat?post=7196"},{"taxonomy":"product_tag","embeddable":true,"href":"https:\/\/cabashippinginternational.com\/en\/wp-json\/wp\/v2\/product_tag?post=7196"}],"curies":[{"name":"wp","href":"https:\/\/api.w.org\/{rel}","templated":true}]}}