{"id":7189,"date":"2026-01-07T16:16:08","date_gmt":"2026-01-07T16:16:08","guid":{"rendered":"https:\/\/elektronica-aanhangers-houten.nl\/?post_type=product&#038;p=7189"},"modified":"2026-02-22T04:08:32","modified_gmt":"2026-02-22T04:08:32","slug":"scie-radiale-bosch-onglet-2000-w-gcm12gdl","status":"publish","type":"product","link":"https:\/\/cabashippinginternational.com\/en\/produit\/scie-radiale-bosch-onglet-2000-w-gcm12gdl\/","title":{"rendered":"Sierra radial BOSCH + inglete 2000 W &#8211; GCM12GDL"},"content":{"rendered":"<div class=\"elementor-element elementor-element-1caffc0 elementor-widget elementor-widget-wd_title\" data-id=\"1caffc0\" data-element_type=\"widget\" data-widget_type=\"wd_title.default\">\n<div class=\"elementor-widget-container\">\n<div class=\"title-wrapper set-mb-s reset-last-child wd-title-color-default wd-title-style-default wd-title-size-default text-left\">\n<div class=\"liner-continer\">\n<h4 class=\"woodmart-title-container title wd-fontsize-l\">Descripci\u00f3n<\/h4>\n<\/div>\n<\/div>\n<\/div>\n<\/div>\n<div class=\"elementor-element elementor-element-e24b901 wd-single-content elementor-widget elementor-widget-wd_single_product_content\" data-id=\"e24b901\" data-element_type=\"widget\" data-widget_type=\"wd_single_product_content.default\">\n<div class=\"elementor-widget-container\">\n<div class=\"block-content\">\n<div class=\"product-description typo\">\n<p>La sierra ingletadora radial Bosch GCM 12 GDL Professional est\u00e1 equipada con un brazo de bisagra patentado por Bosch para trabajos de precisi\u00f3n, con la <strong>posibilidad de trabajar contra una pared<\/strong>, \u00a1lo que evita atascos!<\/p>\n<p>Sistema extremadamente robusto y libre de mantenimiento.<br \/>\nEl potente motor de 2000 W es lo suficientemente fuerte como para cortar piezas gruesas de madera.<\/p>\n<p>&nbsp;<\/p>\n<\/div>\n<\/div>\n<\/div>\n<\/div>","protected":false},"excerpt":{"rendered":"<p>Ofrece <strong>m\u00e1s comodidad y seguridad<\/strong> gracias al suave arranque, l\u00e1ser de doble l\u00ednea, 2 sistemas de bloqueo y freno de motor.<br \/>\nAspiraci\u00f3n de polvo muy eficiente gracias a la boquilla de succi\u00f3n optimizada.<br \/>\nTodos los elementos de refuerzo de esquina est\u00e1n colocados en la parte frontal de la herramienta para un trabajo m\u00e1s c\u00f3modo.<br \/>\n<strong>Cortes extremadamente precisos y de alta calidad<\/strong> gracias al l\u00e1ser de doble l\u00ednea.<br \/>\nFunci\u00f3n para cortar ranuras<br \/>\nAsa de transporte  <\/p>\n<p><strong>M\u00e1s movilidad con la base rodante GTA2500W.<\/strong><\/p>","protected":false},"featured_media":7214,"comment_status":"open","ping_status":"closed","template":"","meta":[],"product_brand":[],"product_cat":[142],"product_tag":[],"class_list":{"0":"post-7189","1":"product","2":"type-product","3":"status-publish","4":"has-post-thumbnail","6":"product_cat-scie","8":"first","9":"instock","10":"taxable","11":"shipping-taxable","12":"purchasable","13":"product-type-simple"},"_links":{"self":[{"href":"https:\/\/cabashippinginternational.com\/en\/wp-json\/wp\/v2\/product\/7189","targetHints":{"allow":["GET"]}}],"collection":[{"href":"https:\/\/cabashippinginternational.com\/en\/wp-json\/wp\/v2\/product"}],"about":[{"href":"https:\/\/cabashippinginternational.com\/en\/wp-json\/wp\/v2\/types\/product"}],"replies":[{"embeddable":true,"href":"https:\/\/cabashippinginternational.com\/en\/wp-json\/wp\/v2\/comments?post=7189"}],"wp:featuredmedia":[{"embeddable":true,"href":"https:\/\/cabashippinginternational.com\/en\/wp-json\/wp\/v2\/media\/7214"}],"wp:attachment":[{"href":"https:\/\/cabashippinginternational.com\/en\/wp-json\/wp\/v2\/media?parent=7189"}],"wp:term":[{"taxonomy":"product_brand","embeddable":true,"href":"https:\/\/cabashippinginternational.com\/en\/wp-json\/wp\/v2\/product_brand?post=7189"},{"taxonomy":"product_cat","embeddable":true,"href":"https:\/\/cabashippinginternational.com\/en\/wp-json\/wp\/v2\/product_cat?post=7189"},{"taxonomy":"product_tag","embeddable":true,"href":"https:\/\/cabashippinginternational.com\/en\/wp-json\/wp\/v2\/product_tag?post=7189"}],"curies":[{"name":"wp","href":"https:\/\/api.w.org\/{rel}","templated":true}]}}