{"id":7188,"date":"2026-01-07T16:16:08","date_gmt":"2026-01-07T16:16:08","guid":{"rendered":"https:\/\/elektronica-aanhangers-houten.nl\/?post_type=product&#038;p=7188"},"modified":"2026-02-22T04:08:43","modified_gmt":"2026-02-22T04:08:43","slug":"scie-circulaire-de-charpente-festool-2300w-132-ns-rs","status":"publish","type":"product","link":"https:\/\/cabashippinginternational.com\/en\/produit\/scie-circulaire-de-charpente-festool-2300w-132-ns-rs\/","title":{"rendered":"FESTOOL sierra circular de 2300W para carpinter\u00eda &#8211; 132\/NS-RS"},"content":{"rendered":"<div class=\"elementor-element elementor-element-1caffc0 elementor-widget elementor-widget-wd_title\" data-id=\"1caffc0\" data-element_type=\"widget\" data-widget_type=\"wd_title.default\">\n<div class=\"elementor-widget-container\">\n<div class=\"title-wrapper set-mb-s reset-last-child wd-title-color-default wd-title-style-default wd-title-size-default text-left\">\n<div class=\"liner-continer\">\n<h4 class=\"woodmart-title-container title wd-fontsize-l\">Descripci\u00f3n<\/h4>\n<\/div>\n<\/div>\n<\/div>\n<\/div>\n<div class=\"elementor-element elementor-element-e24b901 wd-single-content elementor-widget elementor-widget-wd_single_product_content\" data-id=\"e24b901\" data-element_type=\"widget\" data-widget_type=\"wd_single_product_content.default\">\n<div class=\"elementor-widget-container\">\n<p>Con Festool tienes <strong>tres m\u00e1quinas de carpinter\u00eda en una<\/strong>:<br \/>\nPosibilidad de adaptar una fresadora de cantos y una fresadora de superficie a tus necesidades.<\/p>\n<p><strong>Soporte preciso<\/strong> gracias a una mesa de gran superficie.<br \/>\nF\u00e1cil corte, incluso en cortes en \u00e1ngulo, gracias al control remoto de la parte superior inclinable.<br \/>\nGu\u00eda y manejo seguros gracias a un mango tipo pistola en el corte y un mango en forma de arco para cortes en inglete.<br \/>\nCortes en inglete precisos de hasta 60\u00b0 gracias a un robusto cojinete de pivote y una escala precisa.<\/p>\n<p>&nbsp;<\/p>\n<\/div>\n<\/div>","protected":false},"excerpt":{"rendered":"<p><hoge estabilidad y larga vida \u00fatil gracias a un eje de transmisi\u00f3n con tres rodamientos.\nc\u00f3modo la electr\u00f3nica ssb: arranque suave, velocidad constante, protecci\u00f3n contra sobrecargas monitoreo temperatura del devanado. gu\u00eda segura precisa <strong>sistema de parada pr\u00e1ctico<\/strong>: tope paralelo, extensi\u00f3n de mesa y tope de riel gu\u00eda.  <\/p>\n<p><strong>Posibilidades de uso:<\/strong> Kit de construcci\u00f3n de fresadora<br \/>\n&#8211; Realizaci\u00f3n de cavidades con una profundidad m\u00e1xima de fresado de 38 mm.<br \/>\n&#8211; Cortes largos, anchos, en inglete y de sierra de brazo en madera y material aislante de hasta 132 mm de grosor.  <\/p>\n<p><3 a\u00f1os de garant\u00eda><\/p>","protected":false},"featured_media":7244,"comment_status":"open","ping_status":"closed","template":"","meta":[],"product_brand":[],"product_cat":[142],"product_tag":[],"class_list":{"0":"post-7188","1":"product","2":"type-product","3":"status-publish","4":"has-post-thumbnail","6":"product_cat-scie","8":"first","9":"instock","10":"taxable","11":"shipping-taxable","12":"purchasable","13":"product-type-simple"},"_links":{"self":[{"href":"https:\/\/cabashippinginternational.com\/en\/wp-json\/wp\/v2\/product\/7188","targetHints":{"allow":["GET"]}}],"collection":[{"href":"https:\/\/cabashippinginternational.com\/en\/wp-json\/wp\/v2\/product"}],"about":[{"href":"https:\/\/cabashippinginternational.com\/en\/wp-json\/wp\/v2\/types\/product"}],"replies":[{"embeddable":true,"href":"https:\/\/cabashippinginternational.com\/en\/wp-json\/wp\/v2\/comments?post=7188"}],"wp:featuredmedia":[{"embeddable":true,"href":"https:\/\/cabashippinginternational.com\/en\/wp-json\/wp\/v2\/media\/7244"}],"wp:attachment":[{"href":"https:\/\/cabashippinginternational.com\/en\/wp-json\/wp\/v2\/media?parent=7188"}],"wp:term":[{"taxonomy":"product_brand","embeddable":true,"href":"https:\/\/cabashippinginternational.com\/en\/wp-json\/wp\/v2\/product_brand?post=7188"},{"taxonomy":"product_cat","embeddable":true,"href":"https:\/\/cabashippinginternational.com\/en\/wp-json\/wp\/v2\/product_cat?post=7188"},{"taxonomy":"product_tag","embeddable":true,"href":"https:\/\/cabashippinginternational.com\/en\/wp-json\/wp\/v2\/product_tag?post=7188"}],"curies":[{"name":"wp","href":"https:\/\/api.w.org\/{rel}","templated":true}]}}