{"id":7187,"date":"2026-01-07T16:16:07","date_gmt":"2026-01-07T16:16:07","guid":{"rendered":"https:\/\/elektronica-aanhangers-houten.nl\/?post_type=product&#038;p=7187"},"modified":"2026-02-22T04:08:52","modified_gmt":"2026-02-22T04:08:52","slug":"scie-onglet-radiale-bosch-305mm-18v-solo-gcm-18v-305-gdc","status":"publish","type":"product","link":"https:\/\/cabashippinginternational.com\/en\/produit\/scie-onglet-radiale-bosch-305mm-18v-solo-gcm-18v-305-gdc\/","title":{"rendered":"BOSCH sierra de inglete radial GCM 18V-305 GDC 18V solo de 305 mm"},"content":{"rendered":"<div class=\"elementor-element elementor-element-1caffc0 elementor-widget elementor-widget-wd_title\" data-id=\"1caffc0\" data-element_type=\"widget\" data-widget_type=\"wd_title.default\">\n<div class=\"elementor-widget-container\">\n<div class=\"title-wrapper set-mb-s reset-last-child wd-title-color-default wd-title-style-default wd-title-size-default text-left\">\n<div class=\"liner-continer\">\n<h4 class=\"woodmart-title-container title wd-fontsize-l\">Descripci\u00f3n<\/h4>\n<\/div>\n<\/div>\n<\/div>\n<\/div>\n<div class=\"elementor-element elementor-element-e24b901 wd-single-content elementor-widget elementor-widget-wd_single_product_content\" data-id=\"e24b901\" data-element_type=\"widget\" data-widget_type=\"wd_single_product_content.default\">\n<div class=\"elementor-widget-container\">\n<div class=\"block-content\">\n<div class=\"product-description typo\">\n<p>La <strong>sierra de inglete radial sin cable Bosch Pro GCM 18V-305 GDC<\/strong> est\u00e1 equipada con un potente motor sin escobillas BITURBO. La combinaci\u00f3n del <strong>motor BITURBO<\/strong> y la bater\u00eda ProCORE 18V ofrece una potencia equivalente a la de un modelo con cable de 2000W.<\/p>\n<p>La GCM18V-305 GDC proporciona una potencia muy alta de una sola bater\u00eda, incluso para aplicaciones exigentes. La <strong>velocidad preestablecida<\/strong> (+ modo ECO) y la amplia gama de hojas de sierra Bosch hacen que esta sierra de inglete sea utilizable para pr\u00e1cticamente todos los materiales.<\/p>\n<p>El <strong>modo ECO<\/strong> (ahorro de energ\u00eda) ofrece hasta un 20% m\u00e1s de tiempo de funcionamiento.<\/p>","protected":false},"excerpt":{"rendered":"<div class=\"product-description typo\">\n<p>&#8211; Registro y ajuste<br \/>\n&#8211; Comprobar estado, dar advertencias<br \/>\n&#8211; Informaci\u00f3n general y configuraciones<br \/>\n&#8211; Gesti\u00f3n<br \/>\n&#8211; Configuraciones de velocidad<\/p>\n<p>Esta sierra de inglete radial Bosch est\u00e1 equipada con un <strong>freno de motor<\/strong>, que detiene la hoja de sierra en 3 segundos.<\/p>\n<p>La sierra se puede montar en muchos soportes Bosch GTA.<\/p>\n<p>Ofrece el mejor rendimiento con bater\u00edas ProCORE18V, pero tambi\u00e9n se puede usar con todas las bater\u00edas Bosch de 18V.<\/p>\n<\/div>\n<p><strong>3 a\u00f1os de garant\u00eda<\/strong><\/p>","protected":false},"featured_media":7243,"comment_status":"open","ping_status":"closed","template":"","meta":[],"product_brand":[],"product_cat":[142],"product_tag":[],"class_list":{"0":"post-7187","1":"product","2":"type-product","3":"status-publish","4":"has-post-thumbnail","6":"product_cat-scie","8":"first","9":"instock","10":"taxable","11":"shipping-taxable","12":"purchasable","13":"product-type-simple"},"_links":{"self":[{"href":"https:\/\/cabashippinginternational.com\/en\/wp-json\/wp\/v2\/product\/7187","targetHints":{"allow":["GET"]}}],"collection":[{"href":"https:\/\/cabashippinginternational.com\/en\/wp-json\/wp\/v2\/product"}],"about":[{"href":"https:\/\/cabashippinginternational.com\/en\/wp-json\/wp\/v2\/types\/product"}],"replies":[{"embeddable":true,"href":"https:\/\/cabashippinginternational.com\/en\/wp-json\/wp\/v2\/comments?post=7187"}],"wp:featuredmedia":[{"embeddable":true,"href":"https:\/\/cabashippinginternational.com\/en\/wp-json\/wp\/v2\/media\/7243"}],"wp:attachment":[{"href":"https:\/\/cabashippinginternational.com\/en\/wp-json\/wp\/v2\/media?parent=7187"}],"wp:term":[{"taxonomy":"product_brand","embeddable":true,"href":"https:\/\/cabashippinginternational.com\/en\/wp-json\/wp\/v2\/product_brand?post=7187"},{"taxonomy":"product_cat","embeddable":true,"href":"https:\/\/cabashippinginternational.com\/en\/wp-json\/wp\/v2\/product_cat?post=7187"},{"taxonomy":"product_tag","embeddable":true,"href":"https:\/\/cabashippinginternational.com\/en\/wp-json\/wp\/v2\/product_tag?post=7187"}],"curies":[{"name":"wp","href":"https:\/\/api.w.org\/{rel}","templated":true}]}}