{"id":7182,"date":"2026-01-07T16:15:42","date_gmt":"2026-01-07T16:15:42","guid":{"rendered":"https:\/\/elektronica-aanhangers-houten.nl\/?post_type=product&#038;p=7182"},"modified":"2026-02-22T04:09:02","modified_gmt":"2026-02-22T04:09:02","slug":"scie-circulaire-sur-table-mafell-250mm-erika-85-971901","status":"publish","type":"product","link":"https:\/\/cabashippinginternational.com\/en\/produit\/scie-circulaire-sur-table-mafell-250mm-erika-85-971901\/","title":{"rendered":"MAFELL sierra circular de mesa 250mm ERIKA 85 &#8211; 971901"},"content":{"rendered":"<div class=\"elementor-element elementor-element-1caffc0 elementor-widget elementor-widget-wd_title\" data-id=\"1caffc0\" data-element_type=\"widget\" data-widget_type=\"wd_title.default\">\n<div class=\"elementor-widget-container\">\n<div class=\"title-wrapper set-mb-s reset-last-child wd-title-color-default wd-title-style-default wd-title-size-default text-left\">\n<div class=\"liner-continer\">\n<h4 class=\"woodmart-title-container title wd-fontsize-l\">Descripci\u00f3n<\/h4>\n<\/div>\n<\/div>\n<\/div>\n<\/div>\n<div class=\"elementor-element elementor-element-e24b901 wd-single-content elementor-widget elementor-widget-wd_single_product_content\" data-id=\"e24b901\" data-element_type=\"widget\" data-widget_type=\"wd_single_product_content.default\">\n<div class=\"elementor-widget-container\">\n<div class=\"block-content\">\n<div class=\"product-description typo\">\n<p>La <strong>sierracircular de mesa Mafell Erika 85<\/strong> cuenta con un sistema de montaje Quickstand integrado que permite colocarla en segundos sobre 4 patas de aluminio.<\/p>\n<p><strong>Ligera<\/strong>, para un transporte r\u00e1pido y sin problemas. Las patas traseras de la Erika est\u00e1n equipadas con ruedas para un uso sencillo. Los topes de goma en las patas evitan deslizamientos o atascos.<\/p>\n<p>El \u00fanico <strong>canal de succi\u00f3n<\/strong> recoge el aserr\u00edn y lo lleva hacia atr\u00e1s. Este sistema mejora el rendimiento de tu aspiradora. Resultado: \u00a1trabajo impecable en un lugar de trabajo limpio!<\/p>\n<p><strong>Velocidad ajustable<\/strong> &#8211; para trabajar de forma individual en madera.<\/p>","protected":false},"excerpt":{"rendered":"<p><strong>De ERIKA 85: precisi\u00f3n hasta en el m\u00e1s m\u00ednimo detalle<\/strong>.<br \/>\nUna gran cantidad de soluciones inteligentes, hasta en el m\u00e1s m\u00ednimo detalle, garantizan la versatilidad de la ERIKA para una amplia gama de cortes y materiales. Gracias a su gran profundidad y longitud de corte, la ERIKA 85 es especialmente ideal para cortar madera maciza.<\/p>\n<p><strong>Y eso no es todo: accesorios adicionales para la ERIKA<\/strong><br \/>\nLa ERIKA puede manejar incluso las piezas m\u00e1s grandes con facilidad. Y eso gracias a una serie de \u00fatiles accesorios adicionales que ampl\u00edan considerablemente su campo de aplicaci\u00f3n.<\/p>\n<p><3 a\u00f1os de garant\u00eda<strong><\/p>","protected":false},"featured_media":7239,"comment_status":"open","ping_status":"closed","template":"","meta":[],"product_brand":[],"product_cat":[142],"product_tag":[],"class_list":{"0":"post-7182","1":"product","2":"type-product","3":"status-publish","4":"has-post-thumbnail","6":"product_cat-scie","8":"first","9":"instock","10":"taxable","11":"shipping-taxable","12":"purchasable","13":"product-type-simple"},"_links":{"self":[{"href":"https:\/\/cabashippinginternational.com\/en\/wp-json\/wp\/v2\/product\/7182","targetHints":{"allow":["GET"]}}],"collection":[{"href":"https:\/\/cabashippinginternational.com\/en\/wp-json\/wp\/v2\/product"}],"about":[{"href":"https:\/\/cabashippinginternational.com\/en\/wp-json\/wp\/v2\/types\/product"}],"replies":[{"embeddable":true,"href":"https:\/\/cabashippinginternational.com\/en\/wp-json\/wp\/v2\/comments?post=7182"}],"wp:featuredmedia":[{"embeddable":true,"href":"https:\/\/cabashippinginternational.com\/en\/wp-json\/wp\/v2\/media\/7239"}],"wp:attachment":[{"href":"https:\/\/cabashippinginternational.com\/en\/wp-json\/wp\/v2\/media?parent=7182"}],"wp:term":[{"taxonomy":"product_brand","embeddable":true,"href":"https:\/\/cabashippinginternational.com\/en\/wp-json\/wp\/v2\/product_brand?post=7182"},{"taxonomy":"product_cat","embeddable":true,"href":"https:\/\/cabashippinginternational.com\/en\/wp-json\/wp\/v2\/product_cat?post=7182"},{"taxonomy":"product_tag","embeddable":true,"href":"https:\/\/cabashippinginternational.com\/en\/wp-json\/wp\/v2\/product_tag?post=7182"}],"curies":[{"name":"wp","href":"https:\/\/api.w.org\/{rel}","templated":true}]}}