{"id":7181,"date":"2026-01-07T16:15:42","date_gmt":"2026-01-07T16:15:42","guid":{"rendered":"https:\/\/elektronica-aanhangers-houten.nl\/?post_type=product&#038;p=7181"},"modified":"2026-02-22T04:09:11","modified_gmt":"2026-02-22T04:09:11","slug":"scie-circulaire-de-charpente-festool-2300w-132-ns-hk","status":"publish","type":"product","link":"https:\/\/cabashippinginternational.com\/en\/produit\/scie-circulaire-de-charpente-festool-2300w-132-ns-hk\/","title":{"rendered":"FESTOOL sierra circular de 2300W para carpinter\u00eda &#8211; 132\/NS-HK"},"content":{"rendered":"<div class=\"elementor-element elementor-element-1caffc0 elementor-widget elementor-widget-wd_title\" data-id=\"1caffc0\" data-element_type=\"widget\" data-widget_type=\"wd_title.default\">\n<div class=\"elementor-widget-container\">\n<div class=\"title-wrapper set-mb-s reset-last-child wd-title-color-default wd-title-style-default wd-title-size-default text-left\">\n<div class=\"liner-continer\">\n<h4 class=\"woodmart-title-container title wd-fontsize-l\">Descripci\u00f3n<\/h4>\n<\/div>\n<\/div>\n<\/div>\n<\/div>\n<div class=\"elementor-element elementor-element-e24b901 wd-single-content elementor-widget elementor-widget-wd_single_product_content\" data-id=\"e24b901\" data-element_type=\"widget\" data-widget_type=\"wd_single_product_content.default\">\n<div class=\"elementor-widget-container\">\n<p>Tres m\u00e1quinas de carpinter\u00eda en una:<strong>Sierra, fresadora, cepillo<\/strong><\/p>\n<p><strong>Soporte preciso<\/strong> gracias a una superficie de mesa grande.<br \/>\nF\u00e1cil de cortar, incluso en cortes en \u00e1ngulo, gracias al control remoto de la parte superior inclinable.<br \/>\nGu\u00eda y manejo seguros gracias a un mango tipo pistola en el corte de sierra y un mango de arco para cortes en inglete.<br \/>\nCortes en inglete precisos hasta 60\u00b0 gracias a un <strong>cojinete oscilante y escala precisa<\/strong>.<\/p>\n<p>&nbsp;<\/p>\n<\/div>\n<\/div>","protected":false},"excerpt":{"rendered":"<p><strong>Alta estabilidad<\/strong> y larga vida \u00fatil gracias a un eje de transmisi\u00f3n con tres rodamientos.<br \/>\nC\u00f3modo gracias al sistema electr\u00f3nico SSB: arranque suave, <strong>velocidad de rotaci\u00f3n constante,<\/strong> protecci\u00f3n contra sobrecargas y monitoreo de temperatura del devanado.<br \/>\nGu\u00eda segura y precisa gracias a un pr\u00e1ctico sistema de parada: tope paralelo, extensi\u00f3n de mesa y tope de riel gu\u00eda.  <\/p>\n<p><strong>Principales aplicaciones:<\/strong> Kit de conversi\u00f3n para cepillo<br \/>\n&#8211; Fabricaci\u00f3n de placas finales de un m\u00e1ximo de 80 mm de profundidad y 50 mm de ancho.<br \/>\n&#8211; Cortes largos, anchos, en inglete y inglete en madera y material aislante de hasta 132 mm de grosor.  <\/p>\n<p><3 a\u00f1os de garant\u00eda\n<\/p>","protected":false},"featured_media":7238,"comment_status":"open","ping_status":"closed","template":"","meta":[],"product_brand":[],"product_cat":[142],"product_tag":[],"class_list":{"0":"post-7181","1":"product","2":"type-product","3":"status-publish","4":"has-post-thumbnail","6":"product_cat-scie","8":"first","9":"instock","10":"taxable","11":"shipping-taxable","12":"purchasable","13":"product-type-simple"},"_links":{"self":[{"href":"https:\/\/cabashippinginternational.com\/en\/wp-json\/wp\/v2\/product\/7181","targetHints":{"allow":["GET"]}}],"collection":[{"href":"https:\/\/cabashippinginternational.com\/en\/wp-json\/wp\/v2\/product"}],"about":[{"href":"https:\/\/cabashippinginternational.com\/en\/wp-json\/wp\/v2\/types\/product"}],"replies":[{"embeddable":true,"href":"https:\/\/cabashippinginternational.com\/en\/wp-json\/wp\/v2\/comments?post=7181"}],"wp:featuredmedia":[{"embeddable":true,"href":"https:\/\/cabashippinginternational.com\/en\/wp-json\/wp\/v2\/media\/7238"}],"wp:attachment":[{"href":"https:\/\/cabashippinginternational.com\/en\/wp-json\/wp\/v2\/media?parent=7181"}],"wp:term":[{"taxonomy":"product_brand","embeddable":true,"href":"https:\/\/cabashippinginternational.com\/en\/wp-json\/wp\/v2\/product_brand?post=7181"},{"taxonomy":"product_cat","embeddable":true,"href":"https:\/\/cabashippinginternational.com\/en\/wp-json\/wp\/v2\/product_cat?post=7181"},{"taxonomy":"product_tag","embeddable":true,"href":"https:\/\/cabashippinginternational.com\/en\/wp-json\/wp\/v2\/product_tag?post=7181"}],"curies":[{"name":"wp","href":"https:\/\/api.w.org\/{rel}","templated":true}]}}