{"id":7180,"date":"2026-01-07T16:15:42","date_gmt":"2026-01-07T16:15:42","guid":{"rendered":"https:\/\/elektronica-aanhangers-houten.nl\/?post_type=product&#038;p=7180"},"modified":"2026-02-22T04:09:20","modified_gmt":"2026-02-22T04:09:20","slug":"scie-circulaire-charpente-mafell-330-mm-2500-w-mks-130-ec","status":"publish","type":"product","link":"https:\/\/cabashippinginternational.com\/en\/produit\/scie-circulaire-charpente-mafell-330-mm-2500-w-mks-130-ec\/","title":{"rendered":"MAFELL sierra circular de inmersi\u00f3n 330 mm 2500 W MKS 130 Ec"},"content":{"rendered":"<div class=\"elementor-element elementor-element-1caffc0 elementor-widget elementor-widget-wd_title\" data-id=\"1caffc0\" data-element_type=\"widget\" data-widget_type=\"wd_title.default\">\n<div class=\"elementor-widget-container\">\n<div class=\"title-wrapper set-mb-s reset-last-child wd-title-color-default wd-title-style-default wd-title-size-default text-left\">\n<div class=\"liner-continer\">\n<h4 class=\"woodmart-title-container title wd-fontsize-l\">Descripci\u00f3n<\/h4>\n<\/div>\n<\/div>\n<\/div>\n<\/div>\n<div class=\"elementor-element elementor-element-e24b901 wd-single-content elementor-widget elementor-widget-wd_single_product_content\" data-id=\"e24b901\" data-element_type=\"widget\" data-widget_type=\"wd_single_product_content.default\">\n<div class=\"elementor-widget-container\">\n<div class=\"block-content\">\n<div class=\"product-description typo\">\n<p>Un paquete de potencia y altos pares ahora tiene un nombre: <strong> CUprex, el motor de alta capacidad<\/strong> con mecanismo electr\u00f3nico digital con potencia optimizada y nuevo control t\u00e9cnico.<br \/>\nLa velocidad de rotaci\u00f3n se puede ajustar gradualmente a diferentes materiales y aplicaciones.<br \/>\nEl MKS 130 Ec es ideal para su uso en carpinter\u00eda tradicional y moderna: cortes transversales y longitudinales en madera o material aislante se pueden realizar f\u00e1cilmente con los accesorios adecuados.<\/p>\n<p><strong>El equipamiento:<\/strong><br \/>\nLa sierra circular de carpinter\u00eda est\u00e1 equipada con un mecanismo de arranque suave, una velocidad constante bajo carga, un r\u00e1pido<\/p>","protected":false},"excerpt":{"rendered":"<p><strong>Ideal para cortes de empanadas<\/strong>: la MKS 130 Ec se puede inclinar hasta 60\u00b0. La profundidad de corte m\u00e1xima es en este caso de 65 mm. La MKS 130 Ec se puede utilizar en <strong>gu\u00edas para cortes de precisi\u00f3n<\/strong>. Se puede combinar con el aspirador S 50 M y la gu\u00eda, <strong>lo que permite cortar de manera limpia y precisa en cualquier lugar, incluso en materiales de aislamiento dif\u00edciles.<\/strong><\/p>\n<p><strong>3 a\u00f1os de garant\u00eda<\/strong><\/p>","protected":false},"featured_media":7237,"comment_status":"open","ping_status":"closed","template":"","meta":[],"product_brand":[],"product_cat":[142],"product_tag":[],"class_list":{"0":"post-7180","1":"product","2":"type-product","3":"status-publish","4":"has-post-thumbnail","6":"product_cat-scie","8":"first","9":"instock","10":"taxable","11":"shipping-taxable","12":"purchasable","13":"product-type-simple"},"_links":{"self":[{"href":"https:\/\/cabashippinginternational.com\/en\/wp-json\/wp\/v2\/product\/7180","targetHints":{"allow":["GET"]}}],"collection":[{"href":"https:\/\/cabashippinginternational.com\/en\/wp-json\/wp\/v2\/product"}],"about":[{"href":"https:\/\/cabashippinginternational.com\/en\/wp-json\/wp\/v2\/types\/product"}],"replies":[{"embeddable":true,"href":"https:\/\/cabashippinginternational.com\/en\/wp-json\/wp\/v2\/comments?post=7180"}],"wp:featuredmedia":[{"embeddable":true,"href":"https:\/\/cabashippinginternational.com\/en\/wp-json\/wp\/v2\/media\/7237"}],"wp:attachment":[{"href":"https:\/\/cabashippinginternational.com\/en\/wp-json\/wp\/v2\/media?parent=7180"}],"wp:term":[{"taxonomy":"product_brand","embeddable":true,"href":"https:\/\/cabashippinginternational.com\/en\/wp-json\/wp\/v2\/product_brand?post=7180"},{"taxonomy":"product_cat","embeddable":true,"href":"https:\/\/cabashippinginternational.com\/en\/wp-json\/wp\/v2\/product_cat?post=7180"},{"taxonomy":"product_tag","embeddable":true,"href":"https:\/\/cabashippinginternational.com\/en\/wp-json\/wp\/v2\/product_tag?post=7180"}],"curies":[{"name":"wp","href":"https:\/\/api.w.org\/{rel}","templated":true}]}}