{"id":7174,"date":"2026-01-07T16:15:14","date_gmt":"2026-01-07T16:15:14","guid":{"rendered":"https:\/\/elektronica-aanhangers-houten.nl\/?post_type=product&#038;p=7174"},"modified":"2026-02-22T04:09:39","modified_gmt":"2026-02-22T04:09:39","slug":"scie-circulaire-charpente-mafell-370-mm-2600w-mks-145-ec","status":"publish","type":"product","link":"https:\/\/cabashippinginternational.com\/en\/produit\/scie-circulaire-charpente-mafell-370-mm-2600w-mks-145-ec\/","title":{"rendered":"MAFELL sierra circular de 370 mm 2600W MKS 145 Ec"},"content":{"rendered":"<div class=\"elementor-element elementor-element-1caffc0 elementor-widget elementor-widget-wd_title\" data-id=\"1caffc0\" data-element_type=\"widget\" data-widget_type=\"wd_title.default\">\n<div class=\"elementor-widget-container\">\n<div class=\"title-wrapper set-mb-s reset-last-child wd-title-color-default wd-title-style-default wd-title-size-default text-left\">\n<div class=\"liner-continer\">\n<h4 class=\"woodmart-title-container title wd-fontsize-l\">Descripci\u00f3n<\/h4>\n<\/div>\n<\/div>\n<\/div>\n<\/div>\n<div class=\"elementor-element elementor-element-e24b901 wd-single-content elementor-widget elementor-widget-wd_single_product_content\" data-id=\"e24b901\" data-element_type=\"widget\" data-widget_type=\"wd_single_product_content.default\">\n<div class=\"elementor-widget-container\">\n<div class=\"block-content\">\n<div class=\"product-description typo\">\n<p>Sierras circulares estructurales con una excepcional <strong>relaci\u00f3n peso\/potencia,<\/strong> esto solo es posible gracias al uso de <strong>&#8216;<\/strong>aleaciones de magnesio fundido.<br \/>\nLas sierras circulares port\u00e1tiles son, por supuesto, <strong>inclinables hasta 60\u00b0<\/strong> para guiarlo en todas las circunstancias.<br \/>\nEl <strong>sistema de parada f\u00e1cil de usar,<\/strong> y el tubo de succi\u00f3n ajustable del MKS hacen que el trabajo sea mucho m\u00e1s f\u00e1cil.<br \/>\nUna escala f\u00e1cil de leer, que se encuentra en la configuraci\u00f3n de profundidad de corte, <strong>facilita el trabajo<\/strong> y evita mediciones molestas despu\u00e9s.<\/p>\n<p><u><strong>La sierra circular de inmersi\u00f3n est\u00e1 equipada<\/p>","protected":false},"excerpt":{"rendered":"<p><u><strong>Puntos fuertes de la m\u00e1quina:<\/strong><\/u><br \/>\nEl mango preciso facilita el ajuste de la profundidad de corte.<br \/>\nEl rango de inclinaci\u00f3n de 0\u00b0 a 60\u00b0 permite <strong>cortes en \u00e1ngulo extremo.<\/strong><br \/>\n\u00cdndice de trama permanente.  <\/p>\n<p><u><strong>Aplicaciones:<\/strong><\/u><br \/>\nCortes longitudinales y en \u00e1ngulo.<br \/>\nCortes a inglete hasta 60.<br \/>\nTodo tipo de carpinter\u00eda.<br \/>\n<u><strong>Materiales:<\/strong><\/u> madera maciza, madera laminada encolada y material aislante.  <\/p>\n<p><strong>3 a\u00f1os de garant\u00eda<\/strong><\/p>","protected":false},"featured_media":7232,"comment_status":"open","ping_status":"closed","template":"","meta":[],"product_brand":[],"product_cat":[142],"product_tag":[],"class_list":{"0":"post-7174","1":"product","2":"type-product","3":"status-publish","4":"has-post-thumbnail","6":"product_cat-scie","8":"first","9":"instock","10":"taxable","11":"shipping-taxable","12":"purchasable","13":"product-type-simple"},"_links":{"self":[{"href":"https:\/\/cabashippinginternational.com\/en\/wp-json\/wp\/v2\/product\/7174","targetHints":{"allow":["GET"]}}],"collection":[{"href":"https:\/\/cabashippinginternational.com\/en\/wp-json\/wp\/v2\/product"}],"about":[{"href":"https:\/\/cabashippinginternational.com\/en\/wp-json\/wp\/v2\/types\/product"}],"replies":[{"embeddable":true,"href":"https:\/\/cabashippinginternational.com\/en\/wp-json\/wp\/v2\/comments?post=7174"}],"wp:featuredmedia":[{"embeddable":true,"href":"https:\/\/cabashippinginternational.com\/en\/wp-json\/wp\/v2\/media\/7232"}],"wp:attachment":[{"href":"https:\/\/cabashippinginternational.com\/en\/wp-json\/wp\/v2\/media?parent=7174"}],"wp:term":[{"taxonomy":"product_brand","embeddable":true,"href":"https:\/\/cabashippinginternational.com\/en\/wp-json\/wp\/v2\/product_brand?post=7174"},{"taxonomy":"product_cat","embeddable":true,"href":"https:\/\/cabashippinginternational.com\/en\/wp-json\/wp\/v2\/product_cat?post=7174"},{"taxonomy":"product_tag","embeddable":true,"href":"https:\/\/cabashippinginternational.com\/en\/wp-json\/wp\/v2\/product_tag?post=7174"}],"curies":[{"name":"wp","href":"https:\/\/api.w.org\/{rel}","templated":true}]}}