{"id":7173,"date":"2026-01-07T16:15:14","date_gmt":"2026-01-07T16:15:14","guid":{"rendered":"https:\/\/elektronica-aanhangers-houten.nl\/?post_type=product&#038;p=7173"},"modified":"2026-02-22T04:09:49","modified_gmt":"2026-02-22T04:09:49","slug":"scie-a-onglets-radiale-dewalt-305mm-18-54v-flexvolt-6ah","status":"publish","type":"product","link":"https:\/\/cabashippinginternational.com\/en\/produit\/scie-a-onglets-radiale-dewalt-305mm-18-54v-flexvolt-6ah\/","title":{"rendered":"Sierra de inglete radial DEWALT de 305 mm 18\/54V FLEXVOLT 6Ah"},"content":{"rendered":"<div class=\"elementor-element elementor-element-1caffc0 elementor-widget elementor-widget-wd_title\" data-id=\"1caffc0\" data-element_type=\"widget\" data-widget_type=\"wd_title.default\">\n<div class=\"elementor-widget-container\">\n<div class=\"title-wrapper set-mb-s reset-last-child wd-title-color-default wd-title-style-default wd-title-size-default text-left\">\n<div class=\"liner-continer\">\n<h4 class=\"woodmart-title-container title wd-fontsize-l\">Descripci\u00f3n<\/h4>\n<\/div>\n<\/div>\n<\/div>\n<\/div>\n<div class=\"elementor-element elementor-element-e24b901 wd-single-content elementor-widget elementor-widget-wd_single_product_content\" data-id=\"e24b901\" data-element_type=\"widget\" data-widget_type=\"wd_single_product_content.default\">\n<div class=\"elementor-widget-container\">\n<div class=\"block-content\">\n<div class=\"product-description typo\">\n<p>La <strong>sierra ingletadora radial DHS 780<\/strong> est\u00e1 equipada con tecnolog\u00eda XPS exclusiva de <strong>Dewalt<\/strong>. Este sistema permite tanto la proyecci\u00f3n de la l\u00ednea de corte sobre el material como la iluminaci\u00f3n del \u00e1rea de trabajo. Este dispositivo ofrece una precisi\u00f3n, visibilidad y fiabilidad excepcionales (sin necesidad de ajustes).<\/p>\n<p><u><strong>Caracter\u00edsticas especiales del DHS 780:<\/strong><\/u><\/p>\n<p>&#8211; 2x 54 V inal\u00e1mbrico o alimentaci\u00f3n de red para una flexibilidad \u00f3ptima<br \/>\n&#8211; Capacidades de corte excepcionales para cortar madera de construcci\u00f3n peque\u00f1a y para cortar tama\u00f1os m\u00e1s grandes de perfiles o z\u00f3calos, hasta 110 x 303 mm en cortes rectos<br \/>\n&#8211; Posibilidad de ajuste<\/p>","protected":false},"excerpt":{"rendered":"<p><u><strong>Sobre la bater\u00eda XR FlexVolt:<\/strong><\/u><\/p>\n<p>La bater\u00eda XR FlexVolt 54V 2.0 Ah incluida tambi\u00e9n es compatible con herramientas inal\u00e1mbricas de 18V de la serie Dewalt XR. Instalado en uno de estos dispositivos de 18V, la capacidad de la bater\u00eda es de 6.0Ah.<\/p>\n<p>&#8211; La potencia de la bater\u00eda depende de la herramienta a la que est\u00e9 conectada.<br \/>\n&#8211; 54V = 2,0 Ah \/ 18V = 6,0 Ah<\/p>\n<p><strong>ATENCI\u00d3N, el DHS 780 no funciona con una bater\u00eda de 18V.<\/strong><\/p>","protected":false},"featured_media":7231,"comment_status":"open","ping_status":"closed","template":"","meta":[],"product_brand":[],"product_cat":[142],"product_tag":[],"class_list":{"0":"post-7173","1":"product","2":"type-product","3":"status-publish","4":"has-post-thumbnail","6":"product_cat-scie","8":"first","9":"instock","10":"taxable","11":"shipping-taxable","12":"purchasable","13":"product-type-simple"},"_links":{"self":[{"href":"https:\/\/cabashippinginternational.com\/en\/wp-json\/wp\/v2\/product\/7173","targetHints":{"allow":["GET"]}}],"collection":[{"href":"https:\/\/cabashippinginternational.com\/en\/wp-json\/wp\/v2\/product"}],"about":[{"href":"https:\/\/cabashippinginternational.com\/en\/wp-json\/wp\/v2\/types\/product"}],"replies":[{"embeddable":true,"href":"https:\/\/cabashippinginternational.com\/en\/wp-json\/wp\/v2\/comments?post=7173"}],"wp:featuredmedia":[{"embeddable":true,"href":"https:\/\/cabashippinginternational.com\/en\/wp-json\/wp\/v2\/media\/7231"}],"wp:attachment":[{"href":"https:\/\/cabashippinginternational.com\/en\/wp-json\/wp\/v2\/media?parent=7173"}],"wp:term":[{"taxonomy":"product_brand","embeddable":true,"href":"https:\/\/cabashippinginternational.com\/en\/wp-json\/wp\/v2\/product_brand?post=7173"},{"taxonomy":"product_cat","embeddable":true,"href":"https:\/\/cabashippinginternational.com\/en\/wp-json\/wp\/v2\/product_cat?post=7173"},{"taxonomy":"product_tag","embeddable":true,"href":"https:\/\/cabashippinginternational.com\/en\/wp-json\/wp\/v2\/product_tag?post=7173"}],"curies":[{"name":"wp","href":"https:\/\/api.w.org\/{rel}","templated":true}]}}