{"id":7172,"date":"2026-01-07T16:15:14","date_gmt":"2026-01-07T16:15:14","guid":{"rendered":"https:\/\/elektronica-aanhangers-houten.nl\/?post_type=product&#038;p=7172"},"modified":"2026-02-22T04:09:59","modified_gmt":"2026-02-22T04:09:59","slug":"scie-a-onglet-radiale-sans-fil-festool-ksc-60-eb-basic-solo","status":"publish","type":"product","link":"https:\/\/cabashippinginternational.com\/en\/produit\/scie-a-onglet-radiale-sans-fil-festool-ksc-60-eb-basic-solo\/","title":{"rendered":"FESTOOL KSC 60 EB Basic Solo sierra radial-inglete a bater\u00eda"},"content":{"rendered":"<div class=\"elementor-element elementor-element-1caffc0 elementor-widget elementor-widget-wd_title\" data-id=\"1caffc0\" data-element_type=\"widget\" data-widget_type=\"wd_title.default\">\n<div class=\"elementor-widget-container\">\n<div class=\"title-wrapper set-mb-s reset-last-child wd-title-color-default wd-title-style-default wd-title-size-default text-left\">\n<div class=\"liner-continer\">\n<h4 class=\"woodmart-title-container title wd-fontsize-l\">Descripci\u00f3n<\/h4>\n<\/div>\n<\/div>\n<\/div>\n<\/div>\n<div class=\"elementor-element elementor-element-e24b901 wd-single-content elementor-widget elementor-widget-wd_single_product_content\" data-id=\"e24b901\" data-element_type=\"widget\" data-widget_type=\"wd_single_product_content.default\">\n<div class=\"elementor-widget-container\">\n<p>La <strong>sierra ingletadora a bater\u00eda KAPEX KSC 60<\/strong> realiza cortes de inglete extremadamente precisos. Gracias a su versatilidad, puede hacer <strong>\u00e1ngulos de profundidad de hasta 60\u00b0<\/strong> y <strong>\u00e1ngulos de inclinaci\u00f3n de hasta 47\u00b0<\/strong>. Una doble columna gu\u00eda sobre dos rodamientos de bolas garantiza precisi\u00f3n y fiabilidad, resultados perfectos en cada corte sin oscilaciones ni golpes. El <strong>motor EC-TEC sin escobillas<\/strong> ofrece una larga vida \u00fatil y potencia para cada tarea, independientemente del uso, gracias al <strong>sistema de doble bater\u00eda<\/strong>.<\/p>\n<p>Con su bajo peso, es <strong>f\u00e1cilmente transportable<\/strong> con sus <strong>pr\u00e1cticas asas<\/strong> y <strong>forma compacta<\/strong>. Se adapta a todo tipo de materiales.<\/p>","protected":false},"excerpt":{"rendered":"<p>Su facilidad de uso gracias a su <strong>cuadrado falso<\/strong> para la transferencia de \u00e1ngulos internos y externos, su flexibilidad gracias a su <strong>extensi\u00f3n de mesa<\/strong> en combinaci\u00f3n con su alta precisi\u00f3n con un <strong>proyector LED<\/strong> que indica la l\u00ednea de corte y una visibilidad \u00f3ptima del dise\u00f1o, lo convierten en una <strong>m\u00e1quina ideal independientemente de los materiales<\/strong>.<\/p>\n<p>El <strong>KAPEX KSC 60<\/strong> es perfecto desde cualquier \u00e1ngulo con una <strong>escala de \u00e1ngulos<\/strong> <strong>precisa y claramente visible<\/strong>, ya sea con \u00e1ngulos preseleccionados utilizando puntos de fijaci\u00f3n, o libremente con un <strong>sistema de sujeci\u00f3n f\u00e1cil de usar<\/strong>.<\/p>","protected":false},"featured_media":7226,"comment_status":"open","ping_status":"closed","template":"","meta":[],"product_brand":[],"product_cat":[142],"product_tag":[],"class_list":{"0":"post-7172","1":"product","2":"type-product","3":"status-publish","4":"has-post-thumbnail","6":"product_cat-scie","8":"first","9":"instock","10":"taxable","11":"shipping-taxable","12":"purchasable","13":"product-type-simple"},"_links":{"self":[{"href":"https:\/\/cabashippinginternational.com\/en\/wp-json\/wp\/v2\/product\/7172","targetHints":{"allow":["GET"]}}],"collection":[{"href":"https:\/\/cabashippinginternational.com\/en\/wp-json\/wp\/v2\/product"}],"about":[{"href":"https:\/\/cabashippinginternational.com\/en\/wp-json\/wp\/v2\/types\/product"}],"replies":[{"embeddable":true,"href":"https:\/\/cabashippinginternational.com\/en\/wp-json\/wp\/v2\/comments?post=7172"}],"wp:featuredmedia":[{"embeddable":true,"href":"https:\/\/cabashippinginternational.com\/en\/wp-json\/wp\/v2\/media\/7226"}],"wp:attachment":[{"href":"https:\/\/cabashippinginternational.com\/en\/wp-json\/wp\/v2\/media?parent=7172"}],"wp:term":[{"taxonomy":"product_brand","embeddable":true,"href":"https:\/\/cabashippinginternational.com\/en\/wp-json\/wp\/v2\/product_brand?post=7172"},{"taxonomy":"product_cat","embeddable":true,"href":"https:\/\/cabashippinginternational.com\/en\/wp-json\/wp\/v2\/product_cat?post=7172"},{"taxonomy":"product_tag","embeddable":true,"href":"https:\/\/cabashippinginternational.com\/en\/wp-json\/wp\/v2\/product_tag?post=7172"}],"curies":[{"name":"wp","href":"https:\/\/api.w.org\/{rel}","templated":true}]}}