{"id":7171,"date":"2026-01-07T16:15:14","date_gmt":"2026-01-07T16:15:14","guid":{"rendered":"https:\/\/elektronica-aanhangers-houten.nl\/?post_type=product&#038;p=7171"},"modified":"2026-02-22T04:10:09","modified_gmt":"2026-02-22T04:10:09","slug":"scie-a-onglets-radiale-a-table-superieure-dewalt-305-mm","status":"publish","type":"product","link":"https:\/\/cabashippinginternational.com\/en\/produit\/scie-a-onglets-radiale-a-table-superieure-dewalt-305-mm\/","title":{"rendered":"Sierra circular de mesa DEWALT de 305 mm para inglete radial"},"content":{"rendered":"<div class=\"elementor-element elementor-element-1caffc0 elementor-widget elementor-widget-wd_title\" data-id=\"1caffc0\" data-element_type=\"widget\" data-widget_type=\"wd_title.default\">\n<div class=\"elementor-widget-container\">\n<div class=\"title-wrapper set-mb-s reset-last-child wd-title-color-default wd-title-style-default wd-title-size-default text-left\">\n<div class=\"liner-continer\">\n<h4 class=\"woodmart-title-container title wd-fontsize-l\">Descripci\u00f3n<\/h4>\n<\/div>\n<\/div>\n<\/div>\n<\/div>\n<div class=\"elementor-element elementor-element-e24b901 wd-single-content elementor-widget elementor-widget-wd_single_product_content\" data-id=\"e24b901\" data-element_type=\"widget\" data-widget_type=\"wd_single_product_content.default\">\n<div class=\"elementor-widget-container\">\n<ul>\n<li>Sierras combinadas para cortes a inglete y biselados<\/li>\n<li>Motor de inducci\u00f3n de 1500 vatios para las aplicaciones m\u00e1s exigentes<\/li>\n<li>Peso ligero, f\u00e1cil de transportar<\/li>\n<li>Nueva carcasa protectora para m\u00e1xima seguridad de uso<\/li>\n<li>Base de aluminio fundido y mesa superior garantizan cortes de sierra precisos de alta calidad<\/li>\n<li>Sistema radial para alta capacidad de corte a inglete<\/li>\n<li>Gran tope trasero con partes deslizables,<\/li>\n<li>Asegura un buen soporte de la pieza de trabajo en cortes a inglete<\/li>\n<li>Dise\u00f1o \u00fanico que proporciona una excelente visibilidad de los cortes de sierra<\/li>\n<\/ul>\n<ul>\n<li><\/li>\n<\/ul>\n<li><\/li>\n<\/div>\n<\/div>","protected":false},"excerpt":{"rendered":"<ul>\n<li>independientemente de la configuraci\u00f3n de la m\u00e1quina<\/li>\n<li>Gu\u00eda paralela en aluminio extruido con un sistema de cierre sencillo<\/li>\n<li>y eficiente para una precisi\u00f3n muy alta<\/li>\n<\/ul>\n<p><u>Garant\u00eda:<\/u><\/p>\n<ul>\n<li>Estimado cliente, nuestro socio <strong>DEWALT<\/strong> garantiza su producto de forma gratuita durante <strong>3 a\u00f1os<\/strong>.<\/li>\n<li><strong>Como recordatorio<\/strong>:<\/li>\n<li>El per\u00edodo de garant\u00eda para su herramienta es de 2 a\u00f1os para uso no profesional, 1 a\u00f1o para uso profesional o solicitud equivalente, y 3 a\u00f1os si se ha registrado para la extensi\u00f3n de garant\u00eda.<\/li>\n<\/ul>","protected":false},"featured_media":7225,"comment_status":"open","ping_status":"closed","template":"","meta":[],"product_brand":[],"product_cat":[142],"product_tag":[],"class_list":{"0":"post-7171","1":"product","2":"type-product","3":"status-publish","4":"has-post-thumbnail","6":"product_cat-scie","8":"first","9":"instock","10":"taxable","11":"shipping-taxable","12":"purchasable","13":"product-type-simple"},"_links":{"self":[{"href":"https:\/\/cabashippinginternational.com\/en\/wp-json\/wp\/v2\/product\/7171","targetHints":{"allow":["GET"]}}],"collection":[{"href":"https:\/\/cabashippinginternational.com\/en\/wp-json\/wp\/v2\/product"}],"about":[{"href":"https:\/\/cabashippinginternational.com\/en\/wp-json\/wp\/v2\/types\/product"}],"replies":[{"embeddable":true,"href":"https:\/\/cabashippinginternational.com\/en\/wp-json\/wp\/v2\/comments?post=7171"}],"wp:featuredmedia":[{"embeddable":true,"href":"https:\/\/cabashippinginternational.com\/en\/wp-json\/wp\/v2\/media\/7225"}],"wp:attachment":[{"href":"https:\/\/cabashippinginternational.com\/en\/wp-json\/wp\/v2\/media?parent=7171"}],"wp:term":[{"taxonomy":"product_brand","embeddable":true,"href":"https:\/\/cabashippinginternational.com\/en\/wp-json\/wp\/v2\/product_brand?post=7171"},{"taxonomy":"product_cat","embeddable":true,"href":"https:\/\/cabashippinginternational.com\/en\/wp-json\/wp\/v2\/product_cat?post=7171"},{"taxonomy":"product_tag","embeddable":true,"href":"https:\/\/cabashippinginternational.com\/en\/wp-json\/wp\/v2\/product_tag?post=7171"}],"curies":[{"name":"wp","href":"https:\/\/api.w.org\/{rel}","templated":true}]}}