{"id":7169,"date":"2026-01-07T16:15:12","date_gmt":"2026-01-07T16:15:12","guid":{"rendered":"https:\/\/elektronica-aanhangers-houten.nl\/?post_type=product&#038;p=7169"},"modified":"2026-02-22T04:10:35","modified_gmt":"2026-02-22T04:10:35","slug":"scie-a-onglet-radiale-festool-ks120-reb-kapex-575302","status":"publish","type":"product","link":"https:\/\/cabashippinginternational.com\/en\/produit\/scie-a-onglet-radiale-festool-ks120-reb-kapex-575302\/","title":{"rendered":"FESTOOL KS120 REB KAPEX sierra de inglete radial &#8211; 575302"},"content":{"rendered":"<div class=\"elementor-element elementor-element-1caffc0 elementor-widget elementor-widget-wd_title\" data-id=\"1caffc0\" data-element_type=\"widget\" data-widget_type=\"wd_title.default\">\n<div class=\"elementor-widget-container\">\n<div class=\"title-wrapper set-mb-s reset-last-child wd-title-color-default wd-title-style-default wd-title-size-default text-left\">\n<div class=\"liner-continer\">\n<h4 class=\"woodmart-title-container title wd-fontsize-l\">Descripci\u00f3n<\/h4>\n<\/div>\n<\/div>\n<\/div>\n<\/div>\n<div class=\"elementor-element elementor-element-e24b901 wd-single-content elementor-widget elementor-widget-wd_single_product_content\" data-id=\"e24b901\" data-element_type=\"widget\" data-widget_type=\"wd_single_product_content.default\">\n<div class=\"elementor-widget-container\">\n<div class=\"block-content\">\n<div class=\"product-description typo\">\n<p>Desde el ajuste de z\u00f3calos y molduras de hasta 120 mm de altura hasta el acortamiento de tablas y paneles de hasta 305 x 88 mm, la <strong>Festool<\/strong> sierra de inglete radial KS120 realiza cortes precisos.<\/p>\n<p><strong>Caracter\u00edsticas especiales de la KS 120 REB:<\/strong><\/p>\n<p>&#8211; Gu\u00eda de doble columna en dos rodamientos de bolas garantiza una precisi\u00f3n inigualable<br \/>\n&#8211; L\u00e1ser de doble l\u00ednea para una marcaci\u00f3n precisa de la l\u00ednea de corte<br \/>\n&#8211; Ajuste preciso del \u00e1ngulo de la hoja de sierra al mil\u00edmetro gracias al ajuste fino<br \/>\n&#8211; Posici\u00f3n de corte especial integrada para profundidades de corte de hasta 120 mm<\/p>\n<\/div>\n<\/div>\n<\/div>\n<\/div>","protected":false},"excerpt":{"rendered":"<p>&#8211; Ajuste r\u00e1pido al material gracias al sistema de cambio de hoja de sierra FastFix<br \/>\n&#8211; Cortes de sierra precisos gracias a la doble gu\u00eda deslizante<br \/>\n&#8211; Ajuste de \u00e1ngulo fiable con escuadra falsa rayo l\u00e1ser de doble l\u00ednea<br \/>\n&#8211; Dise\u00f1o compacto y ligero para un f\u00e1cil transporte<br \/>\n&#8211; Freno r\u00e1pido<br \/>\n&#8211; Velocidad variable preseleccionada, arranque suave<br \/>\n&#8211; Mangos ergon\u00f3micos empotrados<br \/>\n&#8211; Carrete de cable<\/p>","protected":false},"featured_media":7223,"comment_status":"open","ping_status":"closed","template":"","meta":[],"product_brand":[],"product_cat":[142],"product_tag":[],"class_list":{"0":"post-7169","1":"product","2":"type-product","3":"status-publish","4":"has-post-thumbnail","6":"product_cat-scie","8":"first","9":"instock","10":"taxable","11":"shipping-taxable","12":"purchasable","13":"product-type-simple"},"_links":{"self":[{"href":"https:\/\/cabashippinginternational.com\/en\/wp-json\/wp\/v2\/product\/7169","targetHints":{"allow":["GET"]}}],"collection":[{"href":"https:\/\/cabashippinginternational.com\/en\/wp-json\/wp\/v2\/product"}],"about":[{"href":"https:\/\/cabashippinginternational.com\/en\/wp-json\/wp\/v2\/types\/product"}],"replies":[{"embeddable":true,"href":"https:\/\/cabashippinginternational.com\/en\/wp-json\/wp\/v2\/comments?post=7169"}],"wp:featuredmedia":[{"embeddable":true,"href":"https:\/\/cabashippinginternational.com\/en\/wp-json\/wp\/v2\/media\/7223"}],"wp:attachment":[{"href":"https:\/\/cabashippinginternational.com\/en\/wp-json\/wp\/v2\/media?parent=7169"}],"wp:term":[{"taxonomy":"product_brand","embeddable":true,"href":"https:\/\/cabashippinginternational.com\/en\/wp-json\/wp\/v2\/product_brand?post=7169"},{"taxonomy":"product_cat","embeddable":true,"href":"https:\/\/cabashippinginternational.com\/en\/wp-json\/wp\/v2\/product_cat?post=7169"},{"taxonomy":"product_tag","embeddable":true,"href":"https:\/\/cabashippinginternational.com\/en\/wp-json\/wp\/v2\/product_tag?post=7169"}],"curies":[{"name":"wp","href":"https:\/\/api.w.org\/{rel}","templated":true}]}}