{"id":7162,"date":"2026-01-07T16:14:45","date_gmt":"2026-01-07T16:14:45","guid":{"rendered":"https:\/\/elektronica-aanhangers-houten.nl\/?post_type=product&#038;p=7162"},"modified":"2026-02-22T04:10:44","modified_gmt":"2026-02-22T04:10:44","slug":"broyeur-a-fleaux-hydrostatique-grillo-gh-9","status":"publish","type":"product","link":"https:\/\/cabashippinginternational.com\/en\/produit\/broyeur-a-fleaux-hydrostatique-grillo-gh-9\/","title":{"rendered":"Grillo GH 9 cortac\u00e9sped de cuchilla hidrost\u00e1tica"},"content":{"rendered":"<div class=\"elementor-element elementor-element-1caffc0 elementor-widget elementor-widget-wd_title\" data-id=\"1caffc0\" data-element_type=\"widget\" data-widget_type=\"wd_title.default\">\n<div class=\"elementor-widget-container\">\n<div class=\"title-wrapper set-mb-s reset-last-child wd-title-color-default wd-title-style-default wd-title-size-default text-left\">\n<div class=\"liner-continer\">\n<h4 class=\"woodmart-title-container title wd-fontsize-l\">Descripci\u00f3n<\/h4>\n<\/div>\n<\/div>\n<\/div>\n<\/div>\n<div class=\"elementor-element elementor-element-e24b901 wd-single-content elementor-widget elementor-widget-wd_single_product_content\" data-id=\"e24b901\" data-element_type=\"widget\" data-widget_type=\"wd_single_product_content.default\">\n<div class=\"elementor-widget-container\">\n<p>El <strong>Grillo GH 9<\/strong> es un desbrozadora hidrost\u00e1tica dise\u00f1ada para limpiar \u00e1reas r\u00fasticas, cortar hierba alta, arbustos o restos de poda, incluso en condiciones inclinadas.<br \/>\nEst\u00e1 equipado con un <strong>Honda GX270<\/strong>, monocil\u00edndrico, 276 cc, gasolina, 8,4 hp (6,3 kW) motor, con filtro de ba\u00f1o de aceite y cilindro de hierro fundido.<br \/>\nLas <strong>ruedas neum\u00e1ticas<\/strong> 16\u00d76.50-8 tienen un perfil agr\u00edcola.<br \/>\nGracias a sus <strong>dimensiones compactas<\/strong> y perfecta distribuci\u00f3n del peso, es \u00e1gil en todas las situaciones de trabajo y se recomienda tanto para uso profesional como privado.<\/p>\n<p>&nbsp;<\/p>\n<\/div>\n<\/div>","protected":false},"excerpt":{"rendered":"<p>Un <strong>asa<\/strong> con amortiguadores que se puede ajustar en todas las posiciones: hacia arriba para el m\u00e1ximo confort del conductor y desplazado para apoyar mejor el trabajo en condiciones dif\u00edciles (por ejemplo, debajo de \u00e1rboles). La <strong>transmisi\u00f3n<\/strong> es hidrost\u00e1tica, la <strong>velocidad hacia adelante<\/strong> puede variar entre 0 y 6 km\/h, de forma continua. El <strong>freno de estacionamiento<\/strong> se acciona con un pedal.<\/p>","protected":false},"featured_media":7220,"comment_status":"open","ping_status":"closed","template":"","meta":[],"product_brand":[],"product_cat":[142],"product_tag":[],"class_list":{"0":"post-7162","1":"product","2":"type-product","3":"status-publish","4":"has-post-thumbnail","6":"product_cat-scie","8":"first","9":"instock","10":"taxable","11":"shipping-taxable","12":"purchasable","13":"product-type-simple"},"_links":{"self":[{"href":"https:\/\/cabashippinginternational.com\/en\/wp-json\/wp\/v2\/product\/7162","targetHints":{"allow":["GET"]}}],"collection":[{"href":"https:\/\/cabashippinginternational.com\/en\/wp-json\/wp\/v2\/product"}],"about":[{"href":"https:\/\/cabashippinginternational.com\/en\/wp-json\/wp\/v2\/types\/product"}],"replies":[{"embeddable":true,"href":"https:\/\/cabashippinginternational.com\/en\/wp-json\/wp\/v2\/comments?post=7162"}],"wp:featuredmedia":[{"embeddable":true,"href":"https:\/\/cabashippinginternational.com\/en\/wp-json\/wp\/v2\/media\/7220"}],"wp:attachment":[{"href":"https:\/\/cabashippinginternational.com\/en\/wp-json\/wp\/v2\/media?parent=7162"}],"wp:term":[{"taxonomy":"product_brand","embeddable":true,"href":"https:\/\/cabashippinginternational.com\/en\/wp-json\/wp\/v2\/product_brand?post=7162"},{"taxonomy":"product_cat","embeddable":true,"href":"https:\/\/cabashippinginternational.com\/en\/wp-json\/wp\/v2\/product_cat?post=7162"},{"taxonomy":"product_tag","embeddable":true,"href":"https:\/\/cabashippinginternational.com\/en\/wp-json\/wp\/v2\/product_tag?post=7162"}],"curies":[{"name":"wp","href":"https:\/\/api.w.org\/{rel}","templated":true}]}}