{"id":7157,"date":"2026-01-07T16:14:17","date_gmt":"2026-01-07T16:14:17","guid":{"rendered":"https:\/\/elektronica-aanhangers-houten.nl\/?post_type=product&#038;p=7157"},"modified":"2026-02-22T04:11:07","modified_gmt":"2026-02-22T04:11:07","slug":"pack-scie-radiale-bosch-onglet-2000-w-o-305-mm","status":"publish","type":"product","link":"https:\/\/cabashippinginternational.com\/en\/produit\/pack-scie-radiale-bosch-onglet-2000-w-o-305-mm\/","title":{"rendered":"PACK BOSCH Sierra radial + Ingleteadora 2000 W \u00d8 305 mm"},"content":{"rendered":"<div class=\"elementor-element elementor-element-1caffc0 elementor-widget elementor-widget-wd_title\" data-id=\"1caffc0\" data-element_type=\"widget\" data-widget_type=\"wd_title.default\">\n<div class=\"elementor-widget-container\">\n<div class=\"title-wrapper set-mb-s reset-last-child wd-title-color-default wd-title-style-default wd-title-size-default text-left\">\n<div class=\"liner-continer\">\n<h4 class=\"woodmart-title-container title wd-fontsize-l\">Descripci\u00f3n<\/h4>\n<\/div>\n<\/div>\n<\/div>\n<\/div>\n<div class=\"elementor-element elementor-element-e24b901 wd-single-content elementor-widget elementor-widget-wd_single_product_content\" data-id=\"e24b901\" data-element_type=\"widget\" data-widget_type=\"wd_single_product_content.default\">\n<div class=\"elementor-widget-container\">\n<div class=\"block-content\">\n<div class=\"product-description typo\">\n<p>Paquete completo con base GTA2600<\/p>\n<p>La sierra ingletadora radial GCM 12 GDL Professional de Bosch cuenta con un brazo de bisagra patentado por Bosch que permite un trabajo de precisi\u00f3n, con la posibilidad de trabajar contra una pared y evitar aplastamientos. Extremadamente robusta y libre de mantenimiento. El potente motor de 2000 W es lo suficientemente fuerte como para cortar piezas gruesas de madera. Asa de transporte, funci\u00f3n de sierra de ranura.<\/p>\n<\/div>\n<\/div>\n<\/div>\n<\/div>","protected":false},"excerpt":{"rendered":"<div class=\"product-description typo\">\n<p>Ofrece m\u00e1s comodidad y seguridad gracias al suave arranque, l\u00e1ser de doble l\u00ednea, 2 sistemas de bloqueo y freno de motor. Muy eficiente en la extracci\u00f3n de polvo gracias a una boquilla de succi\u00f3n optimizada. Todos los elementos de ajuste de \u00e1ngulo se encuentran en la parte frontal de la herramienta para un trabajo m\u00e1s c\u00f3modo. Cortes muy precisos y de alta calidad gracias al l\u00e1ser de doble l\u00ednea.<\/p>\n<\/div>\n<p><strong>3 a\u00f1os de garant\u00eda<\/strong><\/p>","protected":false},"featured_media":7214,"comment_status":"open","ping_status":"closed","template":"","meta":[],"product_brand":[],"product_cat":[142],"product_tag":[],"class_list":{"0":"post-7157","1":"product","2":"type-product","3":"status-publish","4":"has-post-thumbnail","6":"product_cat-scie","8":"first","9":"instock","10":"taxable","11":"shipping-taxable","12":"purchasable","13":"product-type-simple"},"_links":{"self":[{"href":"https:\/\/cabashippinginternational.com\/en\/wp-json\/wp\/v2\/product\/7157","targetHints":{"allow":["GET"]}}],"collection":[{"href":"https:\/\/cabashippinginternational.com\/en\/wp-json\/wp\/v2\/product"}],"about":[{"href":"https:\/\/cabashippinginternational.com\/en\/wp-json\/wp\/v2\/types\/product"}],"replies":[{"embeddable":true,"href":"https:\/\/cabashippinginternational.com\/en\/wp-json\/wp\/v2\/comments?post=7157"}],"wp:featuredmedia":[{"embeddable":true,"href":"https:\/\/cabashippinginternational.com\/en\/wp-json\/wp\/v2\/media\/7214"}],"wp:attachment":[{"href":"https:\/\/cabashippinginternational.com\/en\/wp-json\/wp\/v2\/media?parent=7157"}],"wp:term":[{"taxonomy":"product_brand","embeddable":true,"href":"https:\/\/cabashippinginternational.com\/en\/wp-json\/wp\/v2\/product_brand?post=7157"},{"taxonomy":"product_cat","embeddable":true,"href":"https:\/\/cabashippinginternational.com\/en\/wp-json\/wp\/v2\/product_cat?post=7157"},{"taxonomy":"product_tag","embeddable":true,"href":"https:\/\/cabashippinginternational.com\/en\/wp-json\/wp\/v2\/product_tag?post=7157"}],"curies":[{"name":"wp","href":"https:\/\/api.w.org\/{rel}","templated":true}]}}