{"id":7154,"date":"2026-01-07T16:14:17","date_gmt":"2026-01-07T16:14:17","guid":{"rendered":"https:\/\/elektronica-aanhangers-houten.nl\/?post_type=product&#038;p=7154"},"modified":"2026-02-22T04:11:33","modified_gmt":"2026-02-22T04:11:33","slug":"scie-a-onglet-radiale-dewalt-o305mm-xr-flexvolt-18-54v","status":"publish","type":"product","link":"https:\/\/cabashippinginternational.com\/en\/produit\/scie-a-onglet-radiale-dewalt-o305mm-xr-flexvolt-18-54v\/","title":{"rendered":"Sierra de inglete radial DEWALT \u00d8305mm XR FLEXVOLT 18\/54V"},"content":{"rendered":"<div class=\"elementor-element elementor-element-1caffc0 elementor-widget elementor-widget-wd_title\" data-id=\"1caffc0\" data-element_type=\"widget\" data-widget_type=\"wd_title.default\">\n<div class=\"elementor-widget-container\">\n<div class=\"title-wrapper set-mb-s reset-last-child wd-title-color-default wd-title-style-default wd-title-size-default text-left\">\n<div class=\"liner-continer\">\n<h4 class=\"woodmart-title-container title wd-fontsize-l\">Descripci\u00f3n<\/h4>\n<\/div>\n<\/div>\n<\/div>\n<\/div>\n<div class=\"elementor-element elementor-element-e24b901 wd-single-content elementor-widget elementor-widget-wd_single_product_content\" data-id=\"e24b901\" data-element_type=\"widget\" data-widget_type=\"wd_single_product_content.default\">\n<div class=\"elementor-widget-container\">\n<div class=\"block-content\">\n<div class=\"product-description typo\">\n<p>La <strong>sierra ingletadora radial DHS 780<\/strong> est\u00e1 equipada con el exclusivo sistema XPS de <strong>Dewalt<\/strong>. Este sistema proyecta la l\u00ednea de corte sobre el material y ilumina el \u00e1rea de trabajo. Este sistema proporciona una precisi\u00f3n, visibilidad y fiabilidad excepcionales (sin ajustes necesarios).<\/p>\n<p><u><strong>Caracter\u00edsticas del DHS 780:<\/strong><\/u><\/p>\n<p>&#8211; 2x 54 V sin cable o alimentaci\u00f3n de red para una flexibilidad \u00f3ptima<br \/>\n&#8211; Potente capacidad de corte para cortar madera de construcci\u00f3n peque\u00f1a y para cortar tama\u00f1os m\u00e1s grandes de perfiles o z\u00f3calos, hasta 110 x 303 mm en cortes rectos<br \/>\n&#8211; Posibilidad de ajuste de la mesa de inglete<br \/>\n&#8211; Inclinaci\u00f3n r\u00e1pida y sencilla de la hoja<\/p>","protected":false},"excerpt":{"rendered":"<div class=\"block-content\">\n<div class=\"product-beschrijving typo\">\n<p>Ajuste r\u00e1pido y sencillo de \u00e1ngulos hasta 50\u00b0 a la izquierda y 60\u00b0 a la derecha<br \/>\n&#8211; Mesa de aluminio fundido, riel y topes<br \/>\n&#8211; Gran tope trasero doble con partes deslizables: ofrece un buen soporte para piezas de trabajo grandes en cortes de inglete simples o combinados<br \/>\n&#8211; Sistema radial dise\u00f1ado con rieles de bronce para cortes de sierra extremadamente precisos de hasta 345 mm de ancho<br \/>\n&#8211; Compacto y ligero: f\u00e1cil de transportar al lugar de trabajo<br \/>\n&#8211; Sistema de extracci\u00f3n de polvo: proporciona visibilidad y asegura un espacio de trabajo limpio<br \/>\n&#8211; Limitador de inmersi\u00f3n para la cabeza de la sierra: para hacer ranuras transversales en una pieza de trabajo o listones de esquina<\/p>\n<\/div>\n<\/div>\n<p>&nbsp;<\/p>\n<p><strong>3 a\u00f1os de garant\u00eda<\/strong><\/p>","protected":false},"featured_media":7208,"comment_status":"open","ping_status":"closed","template":"","meta":[],"product_brand":[],"product_cat":[142],"product_tag":[],"class_list":{"0":"post-7154","1":"product","2":"type-product","3":"status-publish","4":"has-post-thumbnail","6":"product_cat-scie","8":"first","9":"instock","10":"taxable","11":"shipping-taxable","12":"purchasable","13":"product-type-simple"},"_links":{"self":[{"href":"https:\/\/cabashippinginternational.com\/en\/wp-json\/wp\/v2\/product\/7154","targetHints":{"allow":["GET"]}}],"collection":[{"href":"https:\/\/cabashippinginternational.com\/en\/wp-json\/wp\/v2\/product"}],"about":[{"href":"https:\/\/cabashippinginternational.com\/en\/wp-json\/wp\/v2\/types\/product"}],"replies":[{"embeddable":true,"href":"https:\/\/cabashippinginternational.com\/en\/wp-json\/wp\/v2\/comments?post=7154"}],"wp:featuredmedia":[{"embeddable":true,"href":"https:\/\/cabashippinginternational.com\/en\/wp-json\/wp\/v2\/media\/7208"}],"wp:attachment":[{"href":"https:\/\/cabashippinginternational.com\/en\/wp-json\/wp\/v2\/media?parent=7154"}],"wp:term":[{"taxonomy":"product_brand","embeddable":true,"href":"https:\/\/cabashippinginternational.com\/en\/wp-json\/wp\/v2\/product_brand?post=7154"},{"taxonomy":"product_cat","embeddable":true,"href":"https:\/\/cabashippinginternational.com\/en\/wp-json\/wp\/v2\/product_cat?post=7154"},{"taxonomy":"product_tag","embeddable":true,"href":"https:\/\/cabashippinginternational.com\/en\/wp-json\/wp\/v2\/product_tag?post=7154"}],"curies":[{"name":"wp","href":"https:\/\/api.w.org\/{rel}","templated":true}]}}